{"id":9602,"date":"2025-09-22T07:33:07","date_gmt":"2025-09-22T07:33:07","guid":{"rendered":"https:\/\/www.702duischool.com\/?page_id=9602"},"modified":"2025-09-22T07:34:07","modified_gmt":"2025-09-22T07:34:07","slug":"marijuana-awareness-registration","status":"publish","type":"page","link":"https:\/\/www.702duischool.com\/es\/marijuana-awareness-registration\/","title":{"rendered":"Registro de Concientizaci\u00f3n sobre la Marihuana"},"content":{"rendered":"<style>\n.entry-title {\n    display: none;\n}\n<\/style>\n\n\n\n<!-- HERO SECTION | Marijuana Awareness Registration -->\n<section style=\"background: linear-gradient(to right, #e6f7f2, #dff3ff); padding: 40px 20px; text-align: center; border-bottom: 2px dashed #cfd8dc;\">\n  <div style=\"max-width: 820px; margin: 0 auto;\">\n\n    <!-- Headline (Yoast: focus key phrase first) -->\n    <h1 style=\"font-size: 28px; color: #1a1a1a; margin-bottom: 12px;\">\n      Clase de concientizaci\u00f3n sobre la marihuana: inscripci\u00f3n en l\u00ednea de 8 horas\n    <\/h1>\n\n    <!-- Subheadline -->\n    <p style=\"font-size: 18px; color: #333; line-height: 1.55; margin: 0 auto;\">\n      Reg\u00edstrate ahora para comenzar tu <strong>Clase de concientizaci\u00f3n sobre la marihuana de 8 horas<\/strong>Este programa a su propio ritmo y basado en evidencia se basa en fuentes p\u00fablicas (CDC, NIDA, NIH, Academias Nacionales) y es\n      <em>aceptado por el tribunal cuando est\u00e1 autorizado<\/em>Comience de inmediato: no necesita papeleo para empezar.\n    <\/p>\n\n    <!-- Completion & Pricing Badges -->\n    <p style=\"font-size: 16px; color: #16a34a; font-weight: 600; margin-top: 18px;\">\n      \u2705 Certificado PDF instant\u00e1neo despu\u00e9s de la finalizaci\u00f3n\n    <\/p>\n    <p style=\"font-size: 16px; color: #0b3a4a; font-weight: 700; margin-top: 4px;\">\n      $89 \u2022 100% en l\u00ednea \u2022 Compatible con dispositivos m\u00f3viles\n    <\/p>\n\n  <\/div>\n<\/section>\n\n\n<div style=\"max-width: 720px; margin: 0 auto;\">\n<div id=\"wppb-form-style-1-wrapper\" class=\"wppb-register-account-form\">        <form enctype=\"multipart\/form-data\" method=\"post\" id=\"wppb-register-user-marijuana-awareness-registration\" class=\"wppb-user-forms wppb-register-user wppb-user-logged-out\" action=\"https:\/\/www.702duischool.com\/es\/wp-json\/wp\/v2\/pages\/9602\" data-trp-original-action=\"https:\/\/www.702duischool.com\/es\/wp-json\/wp\/v2\/pages\/9602\">\n\t\t\t<ul><li class=\"wppb-form-field wppb-default-username wppb-form-text-field label-inside\" id=\"wppb-form-element-2\">\n\t\t\t<label for=\"username\">Nombre de usuario<span class=\"wppb-required\" title=\"Este campo es obligatorio\">*<\/span><\/label>\n\t\t\t<input class=\"text-input default_field_username\" name=\"username\" maxlength=\"70\" type=\"text\" id=\"username\" value=\"\"  \/><span class=\"wppb-description-delimiter\"><br>\n<div style=\"position: relative;background: #f5f9ff;border-left: 4px solid #1a73e8;padding: 12px 16px;margin-top: 0px;margin-bottom: 20px;font-size: 14px;color: #333;border-radius: 6px\">\n  <div style=\"position: absolute;top: -10px;left: 24px;width: 0;height: 0;border-left: 8px solid transparent;border-right: 8px solid transparent;border-bottom: 10px solid #1a73e8;z-index: 2\"><\/div>\n  <div style=\"position: absolute;top: -9px;left: 25px;width: 0;height: 0;border-left: 7px solid transparent;border-right: 7px solid transparent;border-bottom: 9px solid #f5f9ff;z-index: 3\"><\/div>\n\n  \u2757<strong style=\"color: #d93025\">Requerido:<\/strong> Elija un nombre de usuario que recuerde: ser\u00e1 el que se utilizar\u00e1 para iniciar sesi\u00f3n. <br>\n  <em style=\"color: #555\">Ejemplo: <code>usuario123<\/code> \u2014 utilice s\u00f3lo letras y n\u00fameros, sin espacios ni s\u00edmbolos.<\/em>\n<\/div><\/span><\/li><li class=\"wppb-form-field wppb-default-password wppb-form-text-field label-inside\" id=\"wppb-form-element-12\">\n\t\t\t<label for=\"passw1\">Contrase\u00f1a<span class=\"wppb-required\" title=\"Este campo es obligatorio\">*<\/span><\/label>\n            <span class=\"wppb-password-field-container\">\n\t\t\t    <input class=\"text-input\" name=\"passw1\" maxlength=\"70\" type=\"password\" id=\"passw1\" value=\"\" autocomplete=\"off\" \/>\n\t\t\t     <!-- add the HTML for the visibility toggle -->\n\t\t\t<\/span><span class=\"wppb-description-delimiter\"><div style=\"position: relative;background: #f5f9ff;border-left: 4px solid #1a73e8;padding: 12px 16px;margin-top: 0px;margin-bottom: 20px;font-size: 14px;color: #333;border-radius: 6px\">\n  <div style=\"position: absolute;top: -10px;left: 24px;width: 0;height: 0;border-left: 8px solid transparent;border-right: 8px solid transparent;border-bottom: 10px solid #1a73e8;z-index: 2\"><\/div>\n  <div style=\"position: absolute;top: -9px;left: 25px;width: 0;height: 0;border-left: 7px solid transparent;border-right: 7px solid transparent;border-bottom: 9px solid #f5f9ff;z-index: 3\"><\/div>\n  \u2757<strong style=\"color: #d93025\">Requerido:<\/strong> Elija una contrase\u00f1a segura con al menos 8 caracteres.<br>\n  <em style=\"color: #555\">Utilice una combinaci\u00f3n de letras y n\u00fameros.<\/em>\n<\/div> Longitud m\u00ednima de 8 caracteres. <\/span><\/li><li class=\"wppb-form-field wppb-default-repeat-password wppb-form-text-field label-inside\" id=\"wppb-form-element-13\">\n\t\t\t<label for=\"passw2\">Repita la contrase\u00f1a<span class=\"wppb-required\" title=\"Este campo es obligatorio\">*<\/span><\/label>\n\t\t\t<span class=\"wppb-password-field-container\">\n\t\t\t    <input class=\"text-input\" name=\"passw2\" maxlength=\"70\" type=\"password\" id=\"passw2\" value=\"\" autocomplete=\"off\" \/>\n\t\t\t     <!-- add the HTML for the visibility toggle -->\n\t\t\t<\/span><span class=\"wppb-description-delimiter\"><div style=\"position: relative;background: #f5f9ff;border-left: 4px solid #1a73e8;padding: 12px 16px;margin-top: 0px;margin-bottom: 20px;font-size: 14px;color: #333;border-radius: 6px\">\n  <div style=\"position: absolute;top: -10px;left: 24px;width: 0;height: 0;border-left: 8px solid transparent;border-right: 8px solid transparent;border-bottom: 10px solid #1a73e8;z-index: 2\"><\/div>\n  <div style=\"position: absolute;top: -9px;left: 25px;width: 0;height: 0;border-left: 7px solid transparent;border-right: 7px solid transparent;border-bottom: 9px solid #f5f9ff;z-index: 3\"><\/div>\n  \u2757<strong style=\"color: #d93025\">Requerido:<\/strong> Ingrese nuevamente la *misma contrase\u00f1a* para confirmar.<br>\n  <em style=\"color: #555\">Aseg\u00farese de que ambos coincidan o no funcionar\u00e1.<\/em>\n<\/div><\/span><\/li><li class=\"wppb-form-field wppb-default-e-mail wppb-form-text-field label-inside\" id=\"wppb-form-element-8\">\n\t\t\t<label for=\"email\">Correo electr\u00f3nico<span class=\"wppb-required\" title=\"Este campo es obligatorio\">*<\/span><\/label>\n\t\t\t<input class=\"text-input default_field_email\" name=\"email\" maxlength=\"70\" type=\"email\" id=\"email\" value=\"\"   \/><span class=\"wppb-description-delimiter\"><div style=\"position: relative;background: #f5f9ff;border-left: 4px solid #1a73e8;padding: 12px 16px;margin-top: 0px;margin-bottom: 20px;font-size: 14px;color: #333;border-radius: 6px\">\n  <div style=\"position: absolute;top: -10px;left: 24px;width: 0;height: 0;border-left: 8px solid transparent;border-right: 8px solid transparent;border-bottom: 10px solid #1a73e8;z-index: 2\"><\/div>\n  <div style=\"position: absolute;top: -9px;left: 25px;width: 0;height: 0;border-left: 7px solid transparent;border-right: 7px solid transparent;border-bottom: 9px solid #f5f9ff;z-index: 3\"><\/div>\n  \u2757<strong style=\"color: #d93025\">Requerido:<\/strong> Ingrese una direcci\u00f3n de correo electr\u00f3nico v\u00e1lida que revise con frecuencia.<br>\n  <em>Usar\u00e1s esto para iniciar sesi\u00f3n y recibir tu acceso al curso.<\/em>\n<\/div><\/span><\/li><li class=\"wppb-form-field wppb-default-first-name wppb-form-text-field label-inside\" id=\"wppb-form-element-3\">\n\t\t\t<label for=\"first_name\">Nombre de pila<span class=\"wppb-required\" title=\"Este campo es obligatorio\">*<\/span><\/label>\n\t\t\t<input class=\"text-input default_field_firstname\" name=\"first_name\" maxlength=\"70\" type=\"text\" id=\"first_name\" value=\"\"  \/><span class=\"wppb-description-delimiter\"><div style=\"position: relative;background: #f5f9ff;border-left: 4px solid #1a73e8;padding: 12px 16px;margin-top: 0px;margin-bottom: 20px;font-size: 14px;color: #333;border-radius: 6px\">\n  <div style=\"position: absolute;top: -10px;left: 24px;width: 0;height: 0;border-left: 8px solid transparent;border-right: 8px solid transparent;border-bottom: 10px solid #1a73e8;z-index: 2\"><\/div>\n  <div style=\"position: absolute;top: -9px;left: 25px;width: 0;height: 0;border-left: 7px solid transparent;border-right: 7px solid transparent;border-bottom: 9px solid #f5f9ff;z-index: 3\"><\/div>\n  \u2757<strong style=\"color: #d93025\">Requerido:<\/strong> Ingrese su nombre real (no un apodo).<br>\n  <em style=\"color: #555\">Esto aparecer\u00e1 en su certificado.<\/em>\n<\/div>\n<\/span><\/li><li class=\"wppb-form-field wppb-default-last-name wppb-form-text-field label-inside\" id=\"wppb-form-element-4\">\n\t\t\t<label for=\"last_name\">Apellido<span class=\"wppb-required\" title=\"Este campo es obligatorio\">*<\/span><\/label>\n\t\t\t<input class=\"text-input default_field_lastname\" name=\"last_name\" maxlength=\"70\" type=\"text\" id=\"last_name\" value=\"\" \/><span class=\"wppb-description-delimiter\"><div style=\"position: relative;background: #f5f9ff;border-left: 4px solid #1a73e8;padding: 12px 16px;margin-top: 0px;margin-bottom: 20px;font-size: 14px;color: #333;border-radius: 6px\">\n  <div style=\"position: absolute;top: -10px;left: 24px;width: 0;height: 0;border-left: 8px solid transparent;border-right: 8px solid transparent;border-bottom: 10px solid #1a73e8;z-index: 2\"><\/div>\n  <div style=\"position: absolute;top: -9px;left: 25px;width: 0;height: 0;border-left: 7px solid transparent;border-right: 7px solid transparent;border-bottom: 9px solid #f5f9ff;z-index: 3\"><\/div>\n  \u2757<strong style=\"color: #d93025\">Requerido:<\/strong> Introduce tu apellido completo. Aseg\u00farate de que est\u00e9 bien escrito.<br>\n  <em style=\"color: #555\">Aparecer\u00e1 en su certificado oficial.<\/em>\n<\/div>\n<\/span><\/li><li class=\"wppb-form-field wppb-input wppb-form-text-field label-inside\" id=\"wppb-form-element-20\">\n\t\t\t\t<label for=\"profile_phone\">N\u00famero de tel\u00e9fono<\/label>\n\t\t\t\t<input class=\"extra_field_input\" name=\"profile_phone\" maxlength=\"250\" type=\"text\" id=\"profile_phone\" value=\"\" \/><span class=\"wppb-description-delimiter\"><div style=\"position: relative;background: #f9f9f9;border-left: 4px solid #6c757d;padding: 12px 16px;margin-bottom: 20px;font-size: 15px;color: #333;border-radius: 6px;width: 100%;max-width: 100%\">\n  <div style=\"position: absolute;top: -10px;left: 24px;width: 0;height: 0;border-left: 8px solid transparent;border-right: 8px solid transparent;border-bottom: 10px solid #6c757d;z-index: 2\"><\/div>\n  <div style=\"position: absolute;top: -9px;left: 25px;width: 0;height: 0;border-left: 7px solid transparent;border-right: 7px solid transparent;border-bottom: 9px solid #eef3f9;z-index: 3\"><\/div>\n  <span style=\"font-weight: bold;color: #6c757d\">\u2139\ufe0f Opcional:<\/span> Introduce un n\u00famero de tel\u00e9fono v\u00e1lido para recibir mensajes de texto o llamadas. (Ejemplo: XXX-XXX-XXXX)\n<\/div><\/span><\/li><li class=\"wppb-form-field wppb-checkbox-terms-and-conditions\" id=\"wppb-form-element-61\">\n\t\t\t\t<label for=\"terms_refund_acknowledged\">\n\t\t\t\t<input value=\"agree\" name=\"terms_refund_acknowledged\" id=\"terms_refund_acknowledged\" type=\"checkbox\" class=\"custom_field_toa\"   \/>Se requiere acuerdo<span class=\"wppb-required\" title=\"Este campo es obligatorio\">*<\/span><\/label><span class=\"agree_to_terms\"><p>\n<small>Al marcar esta casilla, confirmo que he le\u00eddo y acepto los t\u00e9rminos y condiciones.\n<a href=\"\/es\/terms-of-service\/\" target=\"_blank\" rel=\"noopener noreferrer\">Condiciones de servicio<\/a>Todas las ventas son definitivas. Tu cuenta se crear\u00e1 al instante y tu curso se desbloquear\u00e1 justo despu\u00e9s del pago. <\/small>\n<br><br>\nYa casi has terminado, solo reg\u00edstrate para continuar.<\/p><\/span><\/li><\/ul><ul><li class=\"wppb-form-field wppb-send-credentials-checkbox\"><label for=\"send_credentials_via_email\"><input id=\"send_credentials_via_email\" type=\"checkbox\" name=\"send_credentials_via_email\" value=\"sending\"\/>Env\u00eda estas credenciales v\u00eda email.<\/label><\/li><\/ul>\t\t\t<p class=\"form-submit\"  >\n\t\t\t\t                \t\t\t\t<input name=\"register\" type=\"submit\" id=\"register\" class=\"submit button\" value=\"Registro\" \/>\n                <input name=\"redirect_to\" type=\"hidden\" value=\"https:\/\/www.702duischool.com\/courses\/cannabis-driving-awareness\/\" \/>\n                \t\t\t\t<input name=\"action\" type=\"hidden\" id=\"action\" value=\"register\" \/>\n\t\t\t\t<input name=\"form_name\" type=\"hidden\" id=\"form_name\" value=\"marijuana-awareness-registration\" \/>\n\t\t\t\t<input name=\"form_id\" type=\"hidden\" id=\"form_id\" value=\"9601\" \/>\n\t\t\t\t<input type=\"hidden\" name=\"wppb_referer_url\" value=\"\"\/>\t\t\t<\/p><!-- .form-submit -->\n\t\t\t<input type=\"hidden\" id=\"register_marijuana-awareness-registration_nonce_field\" name=\"register_marijuana-awareness-registration_nonce_field\" value=\"3f57482279\" \/><input type=\"hidden\" name=\"_wp_http_referer\" value=\"\/es\/wp-json\/wp\/v2\/pages\/9602\" \/>\t\t<input type=\"hidden\" name=\"trp-form-language\" value=\"es\"\/><\/form>\n\t\t<\/div>\n<\/div>","protected":false},"excerpt":{"rendered":"<p>Clase de Concientizaci\u00f3n sobre la Marihuana \u2014 Inscripci\u00f3n en l\u00ednea de 8 horas. Inscr\u00edbete ahora para comenzar tu clase de 8 horas de concientizaci\u00f3n sobre la marihuana. Este programa, a tu propio ritmo y basado en evidencia, se basa en fuentes p\u00fablicas (CDC, NIDA, NIH, Academias Nacionales) y cuenta con la aprobaci\u00f3n judicial previa autorizaci\u00f3n. Comienza de inmediato; no necesitas papeleo. \u2705 Certificado PDF instant\u00e1neo al finalizar $89 \u2022 100% en l\u00ednea \u2022 [\u2026]<\/p>","protected":false},"author":1,"featured_media":0,"parent":0,"menu_order":0,"comment_status":"closed","ping_status":"closed","template":"","meta":{"footnotes":""},"class_list":["post-9602","page","type-page","status-publish","hentry"],"yoast_head":"<!-- This site is optimized with the Yoast SEO Premium plugin v26.7 (Yoast SEO v26.7) - https:\/\/yoast.com\/wordpress\/plugins\/seo\/ -->\n<title>Marijuana Awareness Registration - 702 DUI School - Your Online DUI Course in Las Vegas Nevada<\/title>\n<meta name=\"robots\" content=\"index, follow, max-snippet:-1, max-image-preview:large, max-video-preview:-1\" \/>\n<link rel=\"canonical\" href=\"https:\/\/www.702duischool.com\/es\/marijuana-awareness-registration\/\" \/>\n<meta property=\"og:locale\" content=\"es_MX\" \/>\n<meta property=\"og:type\" content=\"article\" \/>\n<meta property=\"og:title\" content=\"Marijuana Awareness Registration\" \/>\n<meta property=\"og:description\" content=\"Marijuana Awareness Class \u2014 8-Hour Online Registration Register now to start your 8-Hour Marijuana Awareness Class. This self-paced, evidence-based program is built from public sources (CDC, NIDA, NIH, National Academies) and is court-accepted when authorized. Begin immediately \u2014 no paperwork needed to get started. \u2705 Instant PDF certificate after completion $89 \u2022 100% online \u2022 [&hellip;]\" \/>\n<meta property=\"og:url\" content=\"https:\/\/www.702duischool.com\/es\/marijuana-awareness-registration\/\" \/>\n<meta property=\"og:site_name\" content=\"702 DUI School - Your Online DUI Course in Las Vegas Nevada\" \/>\n<meta property=\"article:modified_time\" content=\"2025-09-22T07:34:07+00:00\" \/>\n<meta name=\"twitter:card\" content=\"summary_large_image\" \/>\n<meta name=\"twitter:label1\" content=\"Tiempo de lectura\" \/>\n\t<meta name=\"twitter:data1\" content=\"1 minuto\" \/>\n<script type=\"application\/ld+json\" class=\"yoast-schema-graph\">{\"@context\":\"https:\/\/schema.org\",\"@graph\":[{\"@type\":\"WebPage\",\"@id\":\"https:\/\/www.702duischool.com\/marijuana-awareness-registration\/\",\"url\":\"https:\/\/www.702duischool.com\/marijuana-awareness-registration\/\",\"name\":\"Marijuana Awareness Registration - 702 DUI School - Your Online DUI Course in Las Vegas Nevada\",\"isPartOf\":{\"@id\":\"https:\/\/www.702duischool.com\/#website\"},\"datePublished\":\"2025-09-22T07:33:07+00:00\",\"dateModified\":\"2025-09-22T07:34:07+00:00\",\"breadcrumb\":{\"@id\":\"https:\/\/www.702duischool.com\/marijuana-awareness-registration\/#breadcrumb\"},\"inLanguage\":\"es\",\"potentialAction\":[{\"@type\":\"ReadAction\",\"target\":[\"https:\/\/www.702duischool.com\/marijuana-awareness-registration\/\"]}]},{\"@type\":\"BreadcrumbList\",\"@id\":\"https:\/\/www.702duischool.com\/marijuana-awareness-registration\/#breadcrumb\",\"itemListElement\":[{\"@type\":\"ListItem\",\"position\":1,\"name\":\"Home\",\"item\":\"https:\/\/www.702duischool.com\/\"},{\"@type\":\"ListItem\",\"position\":2,\"name\":\"Marijuana Awareness Registration\"}]},{\"@type\":\"WebSite\",\"@id\":\"https:\/\/www.702duischool.com\/#website\",\"url\":\"https:\/\/www.702duischool.com\/\",\"name\":\"702 DUI School - Your Online DUI Course in Las Vegas Nevada\",\"description\":\"Comprehensive, Convenient, Certified: Your Nevada Online DUI School\",\"publisher\":{\"@id\":\"https:\/\/www.702duischool.com\/#organization\"},\"potentialAction\":[{\"@type\":\"SearchAction\",\"target\":{\"@type\":\"EntryPoint\",\"urlTemplate\":\"https:\/\/www.702duischool.com\/?s={search_term_string}\"},\"query-input\":{\"@type\":\"PropertyValueSpecification\",\"valueRequired\":true,\"valueName\":\"search_term_string\"}}],\"inLanguage\":\"es\"},{\"@type\":\"Organization\",\"@id\":\"https:\/\/www.702duischool.com\/#organization\",\"name\":\"702 Onlie Schools, LLC\",\"alternateName\":\"702DUISchool.com\",\"url\":\"https:\/\/www.702duischool.com\/\",\"logo\":{\"@type\":\"ImageObject\",\"inLanguage\":\"es\",\"@id\":\"https:\/\/www.702duischool.com\/#\/schema\/logo\/image\/\",\"url\":\"https:\/\/www.702duischool.com\/wp-content\/uploads\/2025\/10\/702-dui-school-nevada-logo-e1761216795683.png\",\"contentUrl\":\"https:\/\/www.702duischool.com\/wp-content\/uploads\/2025\/10\/702-dui-school-nevada-logo-e1761216795683.png\",\"width\":489,\"height\":600,\"caption\":\"702 Onlie Schools, LLC\"},\"image\":{\"@id\":\"https:\/\/www.702duischool.com\/#\/schema\/logo\/image\/\"},\"sameAs\":[\"https:\/\/www.linkedin.com\/company\/702duischool\/\"]}]}<\/script>\n<!-- \/ Yoast SEO Premium plugin. -->","yoast_head_json":{"title":"Registro de Concientizaci\u00f3n sobre la Marihuana - 702 DUI School - Su Curso de DUI en L\u00ednea en Las Vegas, Nevada","robots":{"index":"index","follow":"follow","max-snippet":"max-snippet:-1","max-image-preview":"max-image-preview:large","max-video-preview":"max-video-preview:-1"},"canonical":"https:\/\/www.702duischool.com\/es\/marijuana-awareness-registration\/","og_locale":"es_MX","og_type":"article","og_title":"Marijuana Awareness Registration","og_description":"Marijuana Awareness Class \u2014 8-Hour Online Registration Register now to start your 8-Hour Marijuana Awareness Class. This self-paced, evidence-based program is built from public sources (CDC, NIDA, NIH, National Academies) and is court-accepted when authorized. Begin immediately \u2014 no paperwork needed to get started. \u2705 Instant PDF certificate after completion $89 \u2022 100% online \u2022 [&hellip;]","og_url":"https:\/\/www.702duischool.com\/es\/marijuana-awareness-registration\/","og_site_name":"702 DUI School - Your Online DUI Course in Las Vegas Nevada","article_modified_time":"2025-09-22T07:34:07+00:00","twitter_card":"summary_large_image","twitter_misc":{"Tiempo de lectura":"1 minuto"},"schema":{"@context":"https:\/\/schema.org","@graph":[{"@type":"WebPage","@id":"https:\/\/www.702duischool.com\/marijuana-awareness-registration\/","url":"https:\/\/www.702duischool.com\/marijuana-awareness-registration\/","name":"Registro de Concientizaci\u00f3n sobre la Marihuana - 702 DUI School - Su Curso de DUI en L\u00ednea en Las Vegas, Nevada","isPartOf":{"@id":"https:\/\/www.702duischool.com\/#website"},"datePublished":"2025-09-22T07:33:07+00:00","dateModified":"2025-09-22T07:34:07+00:00","breadcrumb":{"@id":"https:\/\/www.702duischool.com\/marijuana-awareness-registration\/#breadcrumb"},"inLanguage":"es","potentialAction":[{"@type":"ReadAction","target":["https:\/\/www.702duischool.com\/marijuana-awareness-registration\/"]}]},{"@type":"BreadcrumbList","@id":"https:\/\/www.702duischool.com\/marijuana-awareness-registration\/#breadcrumb","itemListElement":[{"@type":"ListItem","position":1,"name":"Home","item":"https:\/\/www.702duischool.com\/"},{"@type":"ListItem","position":2,"name":"Marijuana Awareness Registration"}]},{"@type":"WebSite","@id":"https:\/\/www.702duischool.com\/#website","url":"https:\/\/www.702duischool.com\/","name":"Escuela 702 DUI: su curso de DUI en l\u00ednea en Las Vegas Nevada","description":"Integral, conveniente y certificada: su escuela de DUI en l\u00ednea de Nevada","publisher":{"@id":"https:\/\/www.702duischool.com\/#organization"},"potentialAction":[{"@type":"SearchAction","target":{"@type":"EntryPoint","urlTemplate":"https:\/\/www.702duischool.com\/?s={search_term_string}"},"query-input":{"@type":"PropertyValueSpecification","valueRequired":true,"valueName":"search_term_string"}}],"inLanguage":"es"},{"@type":"Organization","@id":"https:\/\/www.702duischool.com\/#organization","name":"702 Escuelas en l\u00ednea, LLC","alternateName":"702DUISchool.com","url":"https:\/\/www.702duischool.com\/","logo":{"@type":"ImageObject","inLanguage":"es","@id":"https:\/\/www.702duischool.com\/#\/schema\/logo\/image\/","url":"https:\/\/www.702duischool.com\/wp-content\/uploads\/2025\/10\/702-dui-school-nevada-logo-e1761216795683.png","contentUrl":"https:\/\/www.702duischool.com\/wp-content\/uploads\/2025\/10\/702-dui-school-nevada-logo-e1761216795683.png","width":489,"height":600,"caption":"702 Onlie Schools, LLC"},"image":{"@id":"https:\/\/www.702duischool.com\/#\/schema\/logo\/image\/"},"sameAs":["https:\/\/www.linkedin.com\/company\/702duischool\/"]}]}},"_links":{"self":[{"href":"https:\/\/www.702duischool.com\/es\/wp-json\/wp\/v2\/pages\/9602","targetHints":{"allow":["GET"]}}],"collection":[{"href":"https:\/\/www.702duischool.com\/es\/wp-json\/wp\/v2\/pages"}],"about":[{"href":"https:\/\/www.702duischool.com\/es\/wp-json\/wp\/v2\/types\/page"}],"author":[{"embeddable":true,"href":"https:\/\/www.702duischool.com\/es\/wp-json\/wp\/v2\/users\/1"}],"replies":[{"embeddable":true,"href":"https:\/\/www.702duischool.com\/es\/wp-json\/wp\/v2\/comments?post=9602"}],"version-history":[{"count":2,"href":"https:\/\/www.702duischool.com\/es\/wp-json\/wp\/v2\/pages\/9602\/revisions"}],"predecessor-version":[{"id":9604,"href":"https:\/\/www.702duischool.com\/es\/wp-json\/wp\/v2\/pages\/9602\/revisions\/9604"}],"wp:attachment":[{"href":"https:\/\/www.702duischool.com\/es\/wp-json\/wp\/v2\/media?parent=9602"}],"curies":[{"name":"gracias","href":"https:\/\/api.w.org\/{rel}","templated":true}]}}