{"id":895,"date":"2016-09-05T02:57:55","date_gmt":"2016-09-05T02:57:55","guid":{"rendered":"https:\/\/www.702duischool.com\/?page_id=895"},"modified":"2025-09-13T08:36:39","modified_gmt":"2025-09-13T08:36:39","slug":"nevada-dui-school","status":"publish","type":"page","link":"https:\/\/www.702duischool.com\/es\/nevada-dui-school\/","title":{"rendered":"Nevada DUI Escuela"},"content":{"rendered":"<p>Los DUI por primera infracci\u00f3n de Nevada se emiten si no ha tenido un cargo de DUI en los \u00faltimos 7 a\u00f1os. Se le pedir\u00e1 que presente 702 DUI School School ante el tribunal que emiti\u00f3 su citaci\u00f3n.<\/p>\n<p>Seleccione su cancha a continuaci\u00f3n y comience con su escuela 702 DUI School.<\/p>\n<p><a class=\"row-title\" href=\"https:\/\/www.702duischool.com\/es\/searchlight-justice-court\/\" aria-label=\"\u201cTribunal de Justicia Searchlight\u201d (Editar)\"><span style=\"color: #0073aa;\">Tribunal de Justicia Searchlight<\/span><\/a><\/p>\n<p><a class=\"row-title\" href=\"https:\/\/www.702duischool.com\/es\/moapa-township-justice-court\/\" aria-label=\"\u201cTribunal de Justicia del municipio de Moapa\u201d (editar)\"><span style=\"color: #0073aa;\">Tribunal de Justicia del municipio de Moapa<\/span><\/a><\/p>\n<p><a href=\"https:\/\/www.702duischool.com\/es\/laughlin-justice-court\/\"><span style=\"color: #0073aa;\">Tribunal de Justicia de Laughlin<\/span><\/a><\/p>\n<p><a href=\"https:\/\/www.702duischool.com\/es\/las-vegas-township-justice-court-6\/\"><span style=\"color: #0073aa;\">Tribunal de Justicia n.\u00b0 6 del municipio de Las Vegas<\/span><\/a><\/p>\n<p><a href=\"https:\/\/www.702duischool.com\/es\/clark-court\/\"><span style=\"color: #0073aa;\">Corte Clark<\/span><\/a><\/p>\n<p><a class=\"row-title\" href=\"https:\/\/www.702duischool.com\/es\/meadow-valley-justice-court\/\" aria-label=\"\u201cTribunal de Justicia de Meadow Valley\u201d (editar)\"><span style=\"color: #0073aa;\">Tribunal de Justicia de Meadow Valley<\/span><\/a><\/p>\n<p><a class=\"row-title\" href=\"https:\/\/www.702duischool.com\/es\/boulder-city-municipal-court\/\" aria-label=\"\u201cTribunal Municipal de la ciudad de Boulder\u201d (editar)\"><span style=\"color: #0073aa;\">Tribunal Municipal de la ciudad de Boulder<\/span><\/a><\/p>\n<p><a href=\"https:\/\/www.702duischool.com\/es\/goodsprings-justice-court\/\"><span style=\"color: #0073aa;\">Tribunal de Justicia de Goodsprings<\/span><\/a><\/p>\n<p><a class=\"row-title\" href=\"https:\/\/www.702duischool.com\/es\/tonopah-justice-court\/\" aria-label=\"\u201cTribunal de Justicia de Tonopah\u201d (editar)\"><span style=\"color: #0073aa;\">Tribunal de Justicia de Tonopah<\/span><\/a><\/p>\n<p><a class=\"row-title\" href=\"https:\/\/www.702duischool.com\/es\/reno-municipal-court\/\" aria-label=\"\u201cTribunal Municipal de Reno\u201d (editar)\"><span style=\"color: #0073aa;\">Tribunal Municipal de Reno<\/span><\/a><\/p>\n<p><a class=\"row-title\" href=\"https:\/\/www.702duischool.com\/es\/henderson-municipal-court\/\" aria-label=\"\u201cTribunal Municipal de Henderson\u201d (editar)\"><span style=\"color: #0073aa;\">Tribunal Municipal de Henderson<\/span><\/a><\/p>\n<p><a class=\"row-title\" href=\"https:\/\/www.702duischool.com\/es\/north-las-vegas-municipal-court\/\" aria-label=\"\u201cTribunal Municipal del Norte de Las Vegas\u201d (editar)\"><span style=\"color: #0073aa;\">Tribunal Municipal del Norte de Las Vegas<\/span><\/a><\/p>\n<p><a class=\"row-title\" href=\"https:\/\/www.702duischool.com\/es\/las-vegas-municipal-court\/\" aria-label=\"\u201cTribunal Municipal de Las Vegas\u201d\"><span style=\"color: #0073aa;\">Tribunal Municipal de Las Vegas<\/span><\/a><\/p>\n<p><a class=\"row-title\" href=\"https:\/\/www.702duischool.com\/es\/las-vegas-justice-court\/\" aria-label=\"\u201cTribunal de Justicia de Las Vegas\u201d (editar)\"><span style=\"color: #0073aa;\">Tribunal de Justicia de Las Vegas<\/span><\/a><\/p>","protected":false},"excerpt":{"rendered":"<p>Las multas por primera infracci\u00f3n por conducir bajo los efectos del alcohol en Nevada se emiten si no ha tenido cargos por conducir bajo los efectos del alcohol en los \u00faltimos 7 a\u00f1os. Deber\u00e1 presentar la solicitud 702 DUI School a trav\u00e9s del tribunal que emiti\u00f3 su citaci\u00f3n. Seleccione su tribunal a continuaci\u00f3n y comience a tramitar su solicitud 702 DUI School. Tribunal de Justicia de Searchlight, Tribunal de Justicia del Municipio de Moapa [\u2026]<\/p>","protected":false},"author":1,"featured_media":0,"parent":0,"menu_order":0,"comment_status":"closed","ping_status":"closed","template":"","meta":{"footnotes":""},"class_list":["post-895","page","type-page","status-publish","hentry"],"yoast_head":"<!-- This site is optimized with the Yoast SEO Premium plugin v26.7 (Yoast SEO v26.7) - https:\/\/yoast.com\/wordpress\/plugins\/seo\/ -->\n<title>Nevada DUI School - 702 DUI School - Your Online DUI Course in Las Vegas Nevada<\/title>\n<meta name=\"robots\" content=\"index, follow, max-snippet:-1, max-image-preview:large, max-video-preview:-1\" \/>\n<link rel=\"canonical\" href=\"https:\/\/www.702duischool.com\/es\/nevada-dui-school\/\" \/>\n<meta property=\"og:locale\" content=\"es_MX\" \/>\n<meta property=\"og:type\" content=\"article\" \/>\n<meta property=\"og:title\" content=\"Nevada DUI School\" \/>\n<meta property=\"og:description\" content=\"Nevada First Offense DUI&#8217;s are issued if you have not had a DUI charge in the last 7 years.\u00a0You will be required to take 702 DUI School School through the court that issued your citation. Select your court below and get started on your 702 DUI School School. Searchlight Justice Court Moapa Township Justice Court [&hellip;]\" \/>\n<meta property=\"og:url\" content=\"https:\/\/www.702duischool.com\/es\/nevada-dui-school\/\" \/>\n<meta property=\"og:site_name\" content=\"702 DUI School - Your Online DUI Course in Las Vegas Nevada\" \/>\n<meta property=\"article:modified_time\" content=\"2025-09-13T08:36:39+00:00\" \/>\n<meta name=\"twitter:card\" content=\"summary_large_image\" \/>\n<meta name=\"twitter:label1\" content=\"Tiempo de lectura\" \/>\n\t<meta name=\"twitter:data1\" content=\"1 minuto\" \/>\n<script type=\"application\/ld+json\" class=\"yoast-schema-graph\">{\"@context\":\"https:\/\/schema.org\",\"@graph\":[{\"@type\":\"WebPage\",\"@id\":\"https:\/\/www.702duischool.com\/nevada-dui-school\/\",\"url\":\"https:\/\/www.702duischool.com\/nevada-dui-school\/\",\"name\":\"Nevada DUI School - 702 DUI School - Your Online DUI Course in Las Vegas Nevada\",\"isPartOf\":{\"@id\":\"https:\/\/www.702duischool.com\/#website\"},\"datePublished\":\"2016-09-05T02:57:55+00:00\",\"dateModified\":\"2025-09-13T08:36:39+00:00\",\"breadcrumb\":{\"@id\":\"https:\/\/www.702duischool.com\/nevada-dui-school\/#breadcrumb\"},\"inLanguage\":\"es\",\"potentialAction\":[{\"@type\":\"ReadAction\",\"target\":[\"https:\/\/www.702duischool.com\/nevada-dui-school\/\"]}]},{\"@type\":\"BreadcrumbList\",\"@id\":\"https:\/\/www.702duischool.com\/nevada-dui-school\/#breadcrumb\",\"itemListElement\":[{\"@type\":\"ListItem\",\"position\":1,\"name\":\"Home\",\"item\":\"https:\/\/www.702duischool.com\/\"},{\"@type\":\"ListItem\",\"position\":2,\"name\":\"Nevada DUI School\"}]},{\"@type\":\"WebSite\",\"@id\":\"https:\/\/www.702duischool.com\/#website\",\"url\":\"https:\/\/www.702duischool.com\/\",\"name\":\"702 DUI School - Your Online DUI Course in Las Vegas Nevada\",\"description\":\"Comprehensive, Convenient, Certified: Your Nevada Online DUI School\",\"publisher\":{\"@id\":\"https:\/\/www.702duischool.com\/#organization\"},\"potentialAction\":[{\"@type\":\"SearchAction\",\"target\":{\"@type\":\"EntryPoint\",\"urlTemplate\":\"https:\/\/www.702duischool.com\/?s={search_term_string}\"},\"query-input\":{\"@type\":\"PropertyValueSpecification\",\"valueRequired\":true,\"valueName\":\"search_term_string\"}}],\"inLanguage\":\"es\"},{\"@type\":\"Organization\",\"@id\":\"https:\/\/www.702duischool.com\/#organization\",\"name\":\"702 Onlie Schools, LLC\",\"alternateName\":\"702DUISchool.com\",\"url\":\"https:\/\/www.702duischool.com\/\",\"logo\":{\"@type\":\"ImageObject\",\"inLanguage\":\"es\",\"@id\":\"https:\/\/www.702duischool.com\/#\/schema\/logo\/image\/\",\"url\":\"https:\/\/www.702duischool.com\/wp-content\/uploads\/2025\/10\/702-dui-school-nevada-logo-e1761216795683.png\",\"contentUrl\":\"https:\/\/www.702duischool.com\/wp-content\/uploads\/2025\/10\/702-dui-school-nevada-logo-e1761216795683.png\",\"width\":489,\"height\":600,\"caption\":\"702 Onlie Schools, LLC\"},\"image\":{\"@id\":\"https:\/\/www.702duischool.com\/#\/schema\/logo\/image\/\"},\"sameAs\":[\"https:\/\/www.linkedin.com\/company\/702duischool\/\"]}]}<\/script>\n<!-- \/ Yoast SEO Premium plugin. -->","yoast_head_json":{"title":"Escuela de DUI de Nevada - 702 DUI School - Su curso de DUI en l\u00ednea en Las Vegas, Nevada","robots":{"index":"index","follow":"follow","max-snippet":"max-snippet:-1","max-image-preview":"max-image-preview:large","max-video-preview":"max-video-preview:-1"},"canonical":"https:\/\/www.702duischool.com\/es\/nevada-dui-school\/","og_locale":"es_MX","og_type":"article","og_title":"Nevada DUI School","og_description":"Nevada First Offense DUI&#8217;s are issued if you have not had a DUI charge in the last 7 years.\u00a0You will be required to take 702 DUI School School through the court that issued your citation. Select your court below and get started on your 702 DUI School School. Searchlight Justice Court Moapa Township Justice Court [&hellip;]","og_url":"https:\/\/www.702duischool.com\/es\/nevada-dui-school\/","og_site_name":"702 DUI School - Your Online DUI Course in Las Vegas Nevada","article_modified_time":"2025-09-13T08:36:39+00:00","twitter_card":"summary_large_image","twitter_misc":{"Tiempo de lectura":"1 minuto"},"schema":{"@context":"https:\/\/schema.org","@graph":[{"@type":"WebPage","@id":"https:\/\/www.702duischool.com\/nevada-dui-school\/","url":"https:\/\/www.702duischool.com\/nevada-dui-school\/","name":"Escuela de DUI de Nevada - 702 DUI School - Su curso de DUI en l\u00ednea en Las Vegas, Nevada","isPartOf":{"@id":"https:\/\/www.702duischool.com\/#website"},"datePublished":"2016-09-05T02:57:55+00:00","dateModified":"2025-09-13T08:36:39+00:00","breadcrumb":{"@id":"https:\/\/www.702duischool.com\/nevada-dui-school\/#breadcrumb"},"inLanguage":"es","potentialAction":[{"@type":"ReadAction","target":["https:\/\/www.702duischool.com\/nevada-dui-school\/"]}]},{"@type":"BreadcrumbList","@id":"https:\/\/www.702duischool.com\/nevada-dui-school\/#breadcrumb","itemListElement":[{"@type":"ListItem","position":1,"name":"Home","item":"https:\/\/www.702duischool.com\/"},{"@type":"ListItem","position":2,"name":"Nevada DUI School"}]},{"@type":"WebSite","@id":"https:\/\/www.702duischool.com\/#website","url":"https:\/\/www.702duischool.com\/","name":"Escuela 702 DUI: su curso de DUI en l\u00ednea en Las Vegas Nevada","description":"Integral, conveniente y certificada: su escuela de DUI en l\u00ednea de Nevada","publisher":{"@id":"https:\/\/www.702duischool.com\/#organization"},"potentialAction":[{"@type":"SearchAction","target":{"@type":"EntryPoint","urlTemplate":"https:\/\/www.702duischool.com\/?s={search_term_string}"},"query-input":{"@type":"PropertyValueSpecification","valueRequired":true,"valueName":"search_term_string"}}],"inLanguage":"es"},{"@type":"Organization","@id":"https:\/\/www.702duischool.com\/#organization","name":"702 Escuelas en l\u00ednea, LLC","alternateName":"702DUISchool.com","url":"https:\/\/www.702duischool.com\/","logo":{"@type":"ImageObject","inLanguage":"es","@id":"https:\/\/www.702duischool.com\/#\/schema\/logo\/image\/","url":"https:\/\/www.702duischool.com\/wp-content\/uploads\/2025\/10\/702-dui-school-nevada-logo-e1761216795683.png","contentUrl":"https:\/\/www.702duischool.com\/wp-content\/uploads\/2025\/10\/702-dui-school-nevada-logo-e1761216795683.png","width":489,"height":600,"caption":"702 Onlie Schools, LLC"},"image":{"@id":"https:\/\/www.702duischool.com\/#\/schema\/logo\/image\/"},"sameAs":["https:\/\/www.linkedin.com\/company\/702duischool\/"]}]}},"_links":{"self":[{"href":"https:\/\/www.702duischool.com\/es\/wp-json\/wp\/v2\/pages\/895","targetHints":{"allow":["GET"]}}],"collection":[{"href":"https:\/\/www.702duischool.com\/es\/wp-json\/wp\/v2\/pages"}],"about":[{"href":"https:\/\/www.702duischool.com\/es\/wp-json\/wp\/v2\/types\/page"}],"author":[{"embeddable":true,"href":"https:\/\/www.702duischool.com\/es\/wp-json\/wp\/v2\/users\/1"}],"replies":[{"embeddable":true,"href":"https:\/\/www.702duischool.com\/es\/wp-json\/wp\/v2\/comments?post=895"}],"version-history":[{"count":4,"href":"https:\/\/www.702duischool.com\/es\/wp-json\/wp\/v2\/pages\/895\/revisions"}],"predecessor-version":[{"id":9367,"href":"https:\/\/www.702duischool.com\/es\/wp-json\/wp\/v2\/pages\/895\/revisions\/9367"}],"wp:attachment":[{"href":"https:\/\/www.702duischool.com\/es\/wp-json\/wp\/v2\/media?parent=895"}],"curies":[{"name":"gracias","href":"https:\/\/api.w.org\/{rel}","templated":true}]}}