{"id":870,"date":"2016-09-02T18:29:21","date_gmt":"2016-09-02T18:29:21","guid":{"rendered":"https:\/\/www.702duischool.com\/?page_id=870"},"modified":"2025-01-02T09:01:53","modified_gmt":"2025-01-02T09:01:53","slug":"clark-court-dui-class","status":"publish","type":"page","link":"https:\/\/www.702duischool.com\/es\/clark-court-dui-class\/","title":{"rendered":"Clase de DUI en Clark Court"},"content":{"rendered":"<div class=\"wp-block-media-text is-stacked-on-mobile\"><figure class=\"wp-block-media-text__media\"><img loading=\"lazy\" decoding=\"async\" width=\"1024\" height=\"655\" src=\"https:\/\/www.702duischool.com\/wp-content\/uploads\/2016\/03\/AdobeStock_130939432-1024x655.jpeg\" alt=\"Clark Court DUI Class\" class=\"wp-image-2378 size-full\" srcset=\"https:\/\/www.702duischool.com\/wp-content\/uploads\/2016\/03\/AdobeStock_130939432-1024x655.jpeg 1024w, https:\/\/www.702duischool.com\/wp-content\/uploads\/2016\/03\/AdobeStock_130939432-300x192.jpeg 300w, https:\/\/www.702duischool.com\/wp-content\/uploads\/2016\/03\/AdobeStock_130939432-768x491.jpeg 768w, https:\/\/www.702duischool.com\/wp-content\/uploads\/2016\/03\/AdobeStock_130939432-1536x983.jpeg 1536w, https:\/\/www.702duischool.com\/wp-content\/uploads\/2016\/03\/AdobeStock_130939432-2048x1310.jpeg 2048w, https:\/\/www.702duischool.com\/wp-content\/uploads\/2016\/03\/AdobeStock_130939432-18x12.jpeg 18w\" sizes=\"auto, (max-width: 1024px) 100vw, 1024px\" \/><\/figure><div class=\"wp-block-media-text__content\">\n<p><strong>Su soluci\u00f3n en l\u00ednea para los requisitos del tribunal del condado de Clark<\/strong><\/p>\n\n\n\n<p>Bienvenido a 702 DUI School, donde nuestra clase de DUI de Clark Court proporciona una soluci\u00f3n en l\u00ednea eficiente e integral para cumplir con los requisitos del curso de DUI exigidos por el Tribunal del Condado de Clark. Nuestro curso est\u00e1 dise\u00f1ado espec\u00edficamente para satisfacer las necesidades de quienes enfrentan cargos de DUI en el condado de Clark, garantizando el cumplimiento de las normas legales locales.<\/p>\n\n\n\n<p><strong>\u00bfPor qu\u00e9 elegir nuestra clase de DUI en Clark Court?<\/strong><\/p>\n\n\n\n<p>Nuestra clase de DUI en Clark Court se destaca por su enfoque en los requisitos legales espec\u00edficos del condado de Clark. El curso cubre todos los aspectos de las leyes de DUI y las pr\u00e1cticas de conducci\u00f3n responsable en Nevada, dise\u00f1ado para brindarle el conocimiento y las herramientas necesarias para el cumplimiento legal y h\u00e1bitos de conducci\u00f3n m\u00e1s seguros.<\/p>\n<\/div><\/div>\n\n\n<p><strong>Experiencia de aprendizaje flexible y accesible<\/strong><\/p>\n<p>Al comprender los desaf\u00edos de gestionar las obligaciones legales, nuestra clase de DUI en Clark Court se ofrece completamente en l\u00ednea. Disponible las 24 horas, los 7 d\u00edas de la semana, nuestro curso le permite aprender a su propio ritmo, ya sea en casa o mientras viaja. Esta flexibilidad garantiza que pueda completar los requisitos judiciales sin interrumpir su vida diaria.<\/p>\n<p><strong>Contenido del curso atractivo e informativo<\/strong><\/p>\n<p>La clase de DUI de Clark Court est\u00e1 dise\u00f1ada para ser atractiva e informativa. A trav\u00e9s de m\u00f3dulos interactivos, explorar\u00e1 los efectos del alcohol y las drogas en la conducci\u00f3n, comprender\u00e1 las consecuencias legales de DUI y aprender\u00e1 estrategias para un comportamiento responsable al volante. Nuestro objetivo es brindarle el conocimiento para tomar mejores decisiones y contribuir a carreteras m\u00e1s seguras en el condado de Clark.<\/p>\n<p><strong>Inscr\u00edbase hoy en la clase de DUI de Clark Court<\/strong><\/p>\n<p>Comience hoy su viaje hacia el cumplimiento de los requisitos del Tribunal del Condado de Clark. Inscr\u00edbase en nuestra clase de DUI de Clark Court y \u00fanase a la comunidad de conductores responsables que han superado exitosamente sus cargos de DUI con la ayuda de 702 DUI School. Su camino hacia el cumplimiento y la conducci\u00f3n responsable comienza aqu\u00ed.<\/p>","protected":false},"excerpt":{"rendered":"<p>Su soluci\u00f3n en l\u00ednea para los requisitos del tribunal del condado de Clark Bienvenido a la escuela 702 DUI, donde nuestra clase de DUI de Clark Court proporciona una soluci\u00f3n en l\u00ednea eficiente e integral para cumplir con los requisitos del curso de DUI exigidos por el tribunal del condado de Clark. Nuestro curso est\u00e1 dise\u00f1ado espec\u00edficamente para satisfacer las necesidades de quienes enfrentan cargos de DUI en el condado de Clark, [\u2026]<\/p>","protected":false},"author":1,"featured_media":0,"parent":0,"menu_order":0,"comment_status":"closed","ping_status":"closed","template":"","meta":{"footnotes":""},"class_list":["post-870","page","type-page","status-publish","hentry"],"yoast_head":"<!-- This site is optimized with the Yoast SEO Premium plugin v26.7 (Yoast SEO v26.7) - https:\/\/yoast.com\/wordpress\/plugins\/seo\/ -->\n<title>Clark Court DUI Class - Online Nevada Course | 702 DUI School<\/title>\n<meta name=\"description\" content=\"Enroll in our Clark Court DUI Class for Clark County Court compliance. Complete your Nevada DUI requirements online with 702 DUI School\" \/>\n<meta name=\"robots\" content=\"index, follow, max-snippet:-1, max-image-preview:large, max-video-preview:-1\" \/>\n<link rel=\"canonical\" href=\"https:\/\/www.702duischool.com\/es\/clark-court-dui-class\/\" \/>\n<meta property=\"og:locale\" content=\"es_MX\" \/>\n<meta property=\"og:type\" content=\"article\" \/>\n<meta property=\"og:title\" content=\"Clark Court DUI Class\" \/>\n<meta property=\"og:description\" content=\"Enroll in our Clark Court DUI Class for Clark County Court compliance. Complete your Nevada DUI requirements online with 702 DUI School\" \/>\n<meta property=\"og:url\" content=\"https:\/\/www.702duischool.com\/es\/clark-court-dui-class\/\" \/>\n<meta property=\"og:site_name\" content=\"702 DUI School - Your Online DUI Course in Las Vegas Nevada\" \/>\n<meta property=\"article:modified_time\" content=\"2025-01-02T09:01:53+00:00\" \/>\n<meta property=\"og:image\" content=\"https:\/\/www.702duischool.com\/wp-content\/uploads\/2016\/03\/AdobeStock_130939432-scaled.jpeg\" \/>\n\t<meta property=\"og:image:width\" content=\"2560\" \/>\n\t<meta property=\"og:image:height\" content=\"1638\" \/>\n\t<meta property=\"og:image:type\" content=\"image\/jpeg\" \/>\n<meta name=\"twitter:card\" content=\"summary_large_image\" \/>\n<meta name=\"twitter:label1\" content=\"Tiempo de lectura\" \/>\n\t<meta name=\"twitter:data1\" content=\"2 minutos\" \/>\n<script type=\"application\/ld+json\" class=\"yoast-schema-graph\">{\"@context\":\"https:\/\/schema.org\",\"@graph\":[{\"@type\":\"WebPage\",\"@id\":\"https:\/\/www.702duischool.com\/clark-court-dui-class\/\",\"url\":\"https:\/\/www.702duischool.com\/clark-court-dui-class\/\",\"name\":\"Clark Court DUI Class - Online Nevada Course | 702 DUI School\",\"isPartOf\":{\"@id\":\"https:\/\/www.702duischool.com\/#website\"},\"primaryImageOfPage\":{\"@id\":\"https:\/\/www.702duischool.com\/clark-court-dui-class\/#primaryimage\"},\"image\":{\"@id\":\"https:\/\/www.702duischool.com\/clark-court-dui-class\/#primaryimage\"},\"thumbnailUrl\":\"https:\/\/www.702duischool.com\/wp-content\/uploads\/2016\/03\/AdobeStock_130939432-1024x655.jpeg\",\"datePublished\":\"2016-09-02T18:29:21+00:00\",\"dateModified\":\"2025-01-02T09:01:53+00:00\",\"description\":\"Enroll in our Clark Court DUI Class for Clark County Court compliance. Complete your Nevada DUI requirements online with 702 DUI School\",\"breadcrumb\":{\"@id\":\"https:\/\/www.702duischool.com\/clark-court-dui-class\/#breadcrumb\"},\"inLanguage\":\"es\",\"potentialAction\":[{\"@type\":\"ReadAction\",\"target\":[\"https:\/\/www.702duischool.com\/clark-court-dui-class\/\"]}]},{\"@type\":\"ImageObject\",\"inLanguage\":\"es\",\"@id\":\"https:\/\/www.702duischool.com\/clark-court-dui-class\/#primaryimage\",\"url\":\"https:\/\/www.702duischool.com\/wp-content\/uploads\/2016\/03\/AdobeStock_130939432-1024x655.jpeg\",\"contentUrl\":\"https:\/\/www.702duischool.com\/wp-content\/uploads\/2016\/03\/AdobeStock_130939432-1024x655.jpeg\"},{\"@type\":\"BreadcrumbList\",\"@id\":\"https:\/\/www.702duischool.com\/clark-court-dui-class\/#breadcrumb\",\"itemListElement\":[{\"@type\":\"ListItem\",\"position\":1,\"name\":\"Home\",\"item\":\"https:\/\/www.702duischool.com\/\"},{\"@type\":\"ListItem\",\"position\":2,\"name\":\"Clark Court DUI Class\"}]},{\"@type\":\"WebSite\",\"@id\":\"https:\/\/www.702duischool.com\/#website\",\"url\":\"https:\/\/www.702duischool.com\/\",\"name\":\"702 DUI School - Your Online DUI Course in Las Vegas Nevada\",\"description\":\"Comprehensive, Convenient, Certified: Your Nevada Online DUI School\",\"publisher\":{\"@id\":\"https:\/\/www.702duischool.com\/#organization\"},\"potentialAction\":[{\"@type\":\"SearchAction\",\"target\":{\"@type\":\"EntryPoint\",\"urlTemplate\":\"https:\/\/www.702duischool.com\/?s={search_term_string}\"},\"query-input\":{\"@type\":\"PropertyValueSpecification\",\"valueRequired\":true,\"valueName\":\"search_term_string\"}}],\"inLanguage\":\"es\"},{\"@type\":\"Organization\",\"@id\":\"https:\/\/www.702duischool.com\/#organization\",\"name\":\"702 Onlie Schools, LLC\",\"alternateName\":\"702DUISchool.com\",\"url\":\"https:\/\/www.702duischool.com\/\",\"logo\":{\"@type\":\"ImageObject\",\"inLanguage\":\"es\",\"@id\":\"https:\/\/www.702duischool.com\/#\/schema\/logo\/image\/\",\"url\":\"https:\/\/www.702duischool.com\/wp-content\/uploads\/2025\/10\/702-dui-school-nevada-logo-e1761216795683.png\",\"contentUrl\":\"https:\/\/www.702duischool.com\/wp-content\/uploads\/2025\/10\/702-dui-school-nevada-logo-e1761216795683.png\",\"width\":489,\"height\":600,\"caption\":\"702 Onlie Schools, LLC\"},\"image\":{\"@id\":\"https:\/\/www.702duischool.com\/#\/schema\/logo\/image\/\"},\"sameAs\":[\"https:\/\/www.linkedin.com\/company\/702duischool\/\"]}]}<\/script>\n<!-- \/ Yoast SEO Premium plugin. -->","yoast_head_json":{"title":"Clase de DUI en Clark Court - Curso en l\u00ednea en Nevada | Escuela de DUI 702","description":"Inscr\u00edbase en nuestro curso de DUI del Tribunal de Clark para cumplir con los requisitos del Tribunal del Condado de Clark. Complete sus requisitos de DUI de Nevada en l\u00ednea con 702 DUI School.","robots":{"index":"index","follow":"follow","max-snippet":"max-snippet:-1","max-image-preview":"max-image-preview:large","max-video-preview":"max-video-preview:-1"},"canonical":"https:\/\/www.702duischool.com\/es\/clark-court-dui-class\/","og_locale":"es_MX","og_type":"article","og_title":"Clark Court DUI Class","og_description":"Enroll in our Clark Court DUI Class for Clark County Court compliance. Complete your Nevada DUI requirements online with 702 DUI School","og_url":"https:\/\/www.702duischool.com\/es\/clark-court-dui-class\/","og_site_name":"702 DUI School - Your Online DUI Course in Las Vegas Nevada","article_modified_time":"2025-01-02T09:01:53+00:00","og_image":[{"width":2560,"height":1638,"url":"https:\/\/www.702duischool.com\/wp-content\/uploads\/2016\/03\/AdobeStock_130939432-scaled.jpeg","type":"image\/jpeg"}],"twitter_card":"summary_large_image","twitter_misc":{"Tiempo de lectura":"2 minutos"},"schema":{"@context":"https:\/\/schema.org","@graph":[{"@type":"WebPage","@id":"https:\/\/www.702duischool.com\/clark-court-dui-class\/","url":"https:\/\/www.702duischool.com\/clark-court-dui-class\/","name":"Clase de DUI en Clark Court - Curso en l\u00ednea en Nevada | Escuela de DUI 702","isPartOf":{"@id":"https:\/\/www.702duischool.com\/#website"},"primaryImageOfPage":{"@id":"https:\/\/www.702duischool.com\/clark-court-dui-class\/#primaryimage"},"image":{"@id":"https:\/\/www.702duischool.com\/clark-court-dui-class\/#primaryimage"},"thumbnailUrl":"https:\/\/www.702duischool.com\/wp-content\/uploads\/2016\/03\/AdobeStock_130939432-1024x655.jpeg","datePublished":"2016-09-02T18:29:21+00:00","dateModified":"2025-01-02T09:01:53+00:00","description":"Inscr\u00edbase en nuestro curso de DUI del Tribunal de Clark para cumplir con los requisitos del Tribunal del Condado de Clark. Complete sus requisitos de DUI de Nevada en l\u00ednea con 702 DUI School.","breadcrumb":{"@id":"https:\/\/www.702duischool.com\/clark-court-dui-class\/#breadcrumb"},"inLanguage":"es","potentialAction":[{"@type":"ReadAction","target":["https:\/\/www.702duischool.com\/clark-court-dui-class\/"]}]},{"@type":"ImageObject","inLanguage":"es","@id":"https:\/\/www.702duischool.com\/clark-court-dui-class\/#primaryimage","url":"https:\/\/www.702duischool.com\/wp-content\/uploads\/2016\/03\/AdobeStock_130939432-1024x655.jpeg","contentUrl":"https:\/\/www.702duischool.com\/wp-content\/uploads\/2016\/03\/AdobeStock_130939432-1024x655.jpeg"},{"@type":"BreadcrumbList","@id":"https:\/\/www.702duischool.com\/clark-court-dui-class\/#breadcrumb","itemListElement":[{"@type":"ListItem","position":1,"name":"Home","item":"https:\/\/www.702duischool.com\/"},{"@type":"ListItem","position":2,"name":"Clark Court DUI Class"}]},{"@type":"WebSite","@id":"https:\/\/www.702duischool.com\/#website","url":"https:\/\/www.702duischool.com\/","name":"Escuela 702 DUI: su curso de DUI en l\u00ednea en Las Vegas Nevada","description":"Integral, conveniente y certificada: su escuela de DUI en l\u00ednea de Nevada","publisher":{"@id":"https:\/\/www.702duischool.com\/#organization"},"potentialAction":[{"@type":"SearchAction","target":{"@type":"EntryPoint","urlTemplate":"https:\/\/www.702duischool.com\/?s={search_term_string}"},"query-input":{"@type":"PropertyValueSpecification","valueRequired":true,"valueName":"search_term_string"}}],"inLanguage":"es"},{"@type":"Organization","@id":"https:\/\/www.702duischool.com\/#organization","name":"702 Escuelas en l\u00ednea, LLC","alternateName":"702DUISchool.com","url":"https:\/\/www.702duischool.com\/","logo":{"@type":"ImageObject","inLanguage":"es","@id":"https:\/\/www.702duischool.com\/#\/schema\/logo\/image\/","url":"https:\/\/www.702duischool.com\/wp-content\/uploads\/2025\/10\/702-dui-school-nevada-logo-e1761216795683.png","contentUrl":"https:\/\/www.702duischool.com\/wp-content\/uploads\/2025\/10\/702-dui-school-nevada-logo-e1761216795683.png","width":489,"height":600,"caption":"702 Onlie Schools, LLC"},"image":{"@id":"https:\/\/www.702duischool.com\/#\/schema\/logo\/image\/"},"sameAs":["https:\/\/www.linkedin.com\/company\/702duischool\/"]}]}},"_links":{"self":[{"href":"https:\/\/www.702duischool.com\/es\/wp-json\/wp\/v2\/pages\/870","targetHints":{"allow":["GET"]}}],"collection":[{"href":"https:\/\/www.702duischool.com\/es\/wp-json\/wp\/v2\/pages"}],"about":[{"href":"https:\/\/www.702duischool.com\/es\/wp-json\/wp\/v2\/types\/page"}],"author":[{"embeddable":true,"href":"https:\/\/www.702duischool.com\/es\/wp-json\/wp\/v2\/users\/1"}],"replies":[{"embeddable":true,"href":"https:\/\/www.702duischool.com\/es\/wp-json\/wp\/v2\/comments?post=870"}],"version-history":[{"count":5,"href":"https:\/\/www.702duischool.com\/es\/wp-json\/wp\/v2\/pages\/870\/revisions"}],"predecessor-version":[{"id":4736,"href":"https:\/\/www.702duischool.com\/es\/wp-json\/wp\/v2\/pages\/870\/revisions\/4736"}],"wp:attachment":[{"href":"https:\/\/www.702duischool.com\/es\/wp-json\/wp\/v2\/media?parent=870"}],"curies":[{"name":"gracias","href":"https:\/\/api.w.org\/{rel}","templated":true}]}}