{"id":864,"date":"2016-09-02T03:07:31","date_gmt":"2016-09-02T03:07:31","guid":{"rendered":"https:\/\/www.702duischool.com\/?page_id=864"},"modified":"2024-01-29T02:32:44","modified_gmt":"2024-01-29T02:32:44","slug":"goodsprings-dui-class","status":"publish","type":"page","link":"https:\/\/www.702duischool.com\/es\/goodsprings-dui-class\/","title":{"rendered":"Clase de DUI de Goodsprings: su camino en l\u00ednea hacia el cumplimiento"},"content":{"rendered":"<div class=\"wp-block-media-text is-stacked-on-mobile\"><figure class=\"wp-block-media-text__media\"><img loading=\"lazy\" decoding=\"async\" width=\"1024\" height=\"683\" src=\"https:\/\/www.702duischool.com\/wp-content\/uploads\/2016\/03\/AdobeStock_212767372-1024x683.jpeg\" alt=\"Goodsprings Justice Court DUI Class\" class=\"wp-image-2373 size-full\" srcset=\"https:\/\/www.702duischool.com\/wp-content\/uploads\/2016\/03\/AdobeStock_212767372-1024x683.jpeg 1024w, https:\/\/www.702duischool.com\/wp-content\/uploads\/2016\/03\/AdobeStock_212767372-300x200.jpeg 300w, https:\/\/www.702duischool.com\/wp-content\/uploads\/2016\/03\/AdobeStock_212767372-768x512.jpeg 768w, https:\/\/www.702duischool.com\/wp-content\/uploads\/2016\/03\/AdobeStock_212767372-1536x1024.jpeg 1536w, https:\/\/www.702duischool.com\/wp-content\/uploads\/2016\/03\/AdobeStock_212767372-2048x1365.jpeg 2048w, https:\/\/www.702duischool.com\/wp-content\/uploads\/2016\/03\/AdobeStock_212767372-18x12.jpeg 18w\" sizes=\"auto, (max-width: 1024px) 100vw, 1024px\" \/><\/figure><div class=\"wp-block-media-text__content\">\n<p><strong><strong>Comience su clase de DUI en Goodsprings hoy<\/strong><\/strong><\/p>\n\n\n\n<p>Bienvenido a 702 DUI School, su fuente confiable de clases de DUI de Goodsprings, dise\u00f1adas para cumplir con los requisitos del Tribunal de Justicia de Goodsprings. Este curso est\u00e1 dise\u00f1ado espec\u00edficamente para aquellos en Goodsprings que enfrentan cargos de DUI, brindando una experiencia de aprendizaje en l\u00ednea integral y accesible.<\/p>\n\n\n\n<p><strong><strong>\u00bfPor qu\u00e9 elegir la clase de DUI de Goodsprings?<\/strong><\/strong><\/p>\n\n\n\n<p>Nuestra clase de DUI de Goodsprings es m\u00e1s que un simple requisito legal; es un viaje educativo hacia la conducci\u00f3n responsable. El plan de estudios cubre las leyes de DUI de Nevada, los efectos del alcohol y las drogas en la capacidad de conducir y estrategias para tomar decisiones de conducci\u00f3n m\u00e1s seguras. Este conocimiento es crucial para el cumplimiento legal y el crecimiento personal.<\/p>\n<\/div><\/div>\n\n\n<p><strong>Aprendizaje flexible y conveniente<\/strong><\/p>\n<p>Entendemos los desaf\u00edos de equilibrar las obligaciones legales con la vida diaria. Es por eso que nuestra clase de DUI de Goodsprings est\u00e1 disponible en l\u00ednea las 24 horas del d\u00eda, los 7 d\u00edas de la semana, lo que le permite aprender a su propio ritmo y conveniencia. Ya sea que est\u00e9 en casa o mientras viaja, nuestro curso es accesible cuando lo necesite.<\/p>\n<p><strong>Material del curso atractivo<\/strong><\/p>\n<p>El curso est\u00e1 dise\u00f1ado para ser atractivo e informativo, con m\u00f3dulos interactivos que hacen que aprender sobre las leyes de DUI y las pr\u00e1cticas de conducci\u00f3n segura sea interesante y efectivo. Nuestro objetivo es brindarle el conocimiento y las habilidades para evitar futuros incidentes de DUI y contribuir a la seguridad de la comunidad de Goodsprings.<\/p>\n<p><strong>Soporte Integral para Estudiantes<\/strong><\/p>\n<p>Nuestro equipo de soporte dedicado est\u00e1 aqu\u00ed para ayudarlo durante todo su curso. Si tienes alguna duda o necesitas ayuda durante el proceso, estamos a solo un clic de distancia. Estamos comprometidos a garantizar una experiencia educativa fluida y solidaria.<\/p>\n<p><strong>Inscr\u00edbase y haga un cambio positivo<\/strong><\/p>\n<p>Inscr\u00edbase hoy en nuestra clase de DUI de Goodsprings y d\u00e9 el primer paso para cumplir con los requisitos judiciales y convertirse en un conductor m\u00e1s responsable. \u00danase a los muchos estudiantes que completaron con \u00e9xito su viaje con 702 DUI School y realizaron un cambio positivo en sus vidas.<\/p>","protected":false},"excerpt":{"rendered":"<p>Comience su clase de DUI en Goodsprings hoy Bienvenido a 702 DUI School, su fuente confiable de clases de DUI en Goodsprings, dise\u00f1ada para cumplir con los requisitos del Tribunal de Justicia de Goodsprings. Este curso est\u00e1 dise\u00f1ado espec\u00edficamente para aquellos en Goodsprings que enfrentan cargos de DUI, brindando una experiencia de aprendizaje en l\u00ednea integral y accesible. \u00bfPor qu\u00e9 elegir la clase de DUI de Goodsprings? [\u2026]<\/p>","protected":false},"author":1,"featured_media":0,"parent":0,"menu_order":0,"comment_status":"closed","ping_status":"closed","template":"","meta":{"footnotes":""},"class_list":["post-864","page","type-page","status-publish","hentry"],"yoast_head":"<!-- This site is optimized with the Yoast SEO Premium plugin v26.7 (Yoast SEO v26.7) - https:\/\/yoast.com\/wordpress\/plugins\/seo\/ -->\n<title>Goodsprings DUI Class - Online Course for Justice Court<\/title>\n<meta name=\"description\" content=\"Enroll in our online Goodsprings DUI Class, tailored for Goodsprings Justice Court requirements. Start your compliant DUI education today.\" \/>\n<meta name=\"robots\" content=\"index, follow, max-snippet:-1, max-image-preview:large, max-video-preview:-1\" \/>\n<link rel=\"canonical\" href=\"https:\/\/www.702duischool.com\/es\/goodsprings-dui-class\/\" \/>\n<meta property=\"og:locale\" content=\"es_MX\" \/>\n<meta property=\"og:type\" content=\"article\" \/>\n<meta property=\"og:title\" content=\"Goodsprings DUI Class: Your Online Path to Compliance\" \/>\n<meta property=\"og:description\" content=\"Enroll in our online Goodsprings DUI Class, tailored for Goodsprings Justice Court requirements. Start your compliant DUI education today.\" \/>\n<meta property=\"og:url\" content=\"https:\/\/www.702duischool.com\/es\/goodsprings-dui-class\/\" \/>\n<meta property=\"og:site_name\" content=\"702 DUI School - Your Online DUI Course in Las Vegas Nevada\" \/>\n<meta property=\"article:modified_time\" content=\"2024-01-29T02:32:44+00:00\" \/>\n<meta property=\"og:image\" content=\"https:\/\/www.702duischool.com\/wp-content\/uploads\/2016\/03\/AdobeStock_212767372-1024x683.jpeg\" \/>\n<meta name=\"twitter:card\" content=\"summary_large_image\" \/>\n<meta name=\"twitter:label1\" content=\"Tiempo de lectura\" \/>\n\t<meta name=\"twitter:data1\" content=\"2 minutos\" \/>\n<script type=\"application\/ld+json\" class=\"yoast-schema-graph\">{\"@context\":\"https:\/\/schema.org\",\"@graph\":[{\"@type\":\"WebPage\",\"@id\":\"https:\/\/www.702duischool.com\/goodsprings-dui-class\/\",\"url\":\"https:\/\/www.702duischool.com\/goodsprings-dui-class\/\",\"name\":\"Goodsprings DUI Class - Online Course for Justice Court\",\"isPartOf\":{\"@id\":\"https:\/\/www.702duischool.com\/#website\"},\"primaryImageOfPage\":{\"@id\":\"https:\/\/www.702duischool.com\/goodsprings-dui-class\/#primaryimage\"},\"image\":{\"@id\":\"https:\/\/www.702duischool.com\/goodsprings-dui-class\/#primaryimage\"},\"thumbnailUrl\":\"https:\/\/www.702duischool.com\/wp-content\/uploads\/2016\/03\/AdobeStock_212767372-1024x683.jpeg\",\"datePublished\":\"2016-09-02T03:07:31+00:00\",\"dateModified\":\"2024-01-29T02:32:44+00:00\",\"description\":\"Enroll in our online Goodsprings DUI Class, tailored for Goodsprings Justice Court requirements. Start your compliant DUI education today.\",\"breadcrumb\":{\"@id\":\"https:\/\/www.702duischool.com\/goodsprings-dui-class\/#breadcrumb\"},\"inLanguage\":\"es\",\"potentialAction\":[{\"@type\":\"ReadAction\",\"target\":[\"https:\/\/www.702duischool.com\/goodsprings-dui-class\/\"]}]},{\"@type\":\"ImageObject\",\"inLanguage\":\"es\",\"@id\":\"https:\/\/www.702duischool.com\/goodsprings-dui-class\/#primaryimage\",\"url\":\"https:\/\/www.702duischool.com\/wp-content\/uploads\/2016\/03\/AdobeStock_212767372-1024x683.jpeg\",\"contentUrl\":\"https:\/\/www.702duischool.com\/wp-content\/uploads\/2016\/03\/AdobeStock_212767372-1024x683.jpeg\"},{\"@type\":\"BreadcrumbList\",\"@id\":\"https:\/\/www.702duischool.com\/goodsprings-dui-class\/#breadcrumb\",\"itemListElement\":[{\"@type\":\"ListItem\",\"position\":1,\"name\":\"Home\",\"item\":\"https:\/\/www.702duischool.com\/\"},{\"@type\":\"ListItem\",\"position\":2,\"name\":\"Goodsprings DUI Class: Your Online Path to Compliance\"}]},{\"@type\":\"WebSite\",\"@id\":\"https:\/\/www.702duischool.com\/#website\",\"url\":\"https:\/\/www.702duischool.com\/\",\"name\":\"702 DUI School - Your Online DUI Course in Las Vegas Nevada\",\"description\":\"Comprehensive, Convenient, Certified: Your Nevada Online DUI School\",\"publisher\":{\"@id\":\"https:\/\/www.702duischool.com\/#organization\"},\"potentialAction\":[{\"@type\":\"SearchAction\",\"target\":{\"@type\":\"EntryPoint\",\"urlTemplate\":\"https:\/\/www.702duischool.com\/?s={search_term_string}\"},\"query-input\":{\"@type\":\"PropertyValueSpecification\",\"valueRequired\":true,\"valueName\":\"search_term_string\"}}],\"inLanguage\":\"es\"},{\"@type\":\"Organization\",\"@id\":\"https:\/\/www.702duischool.com\/#organization\",\"name\":\"702 Onlie Schools, LLC\",\"alternateName\":\"702DUISchool.com\",\"url\":\"https:\/\/www.702duischool.com\/\",\"logo\":{\"@type\":\"ImageObject\",\"inLanguage\":\"es\",\"@id\":\"https:\/\/www.702duischool.com\/#\/schema\/logo\/image\/\",\"url\":\"https:\/\/www.702duischool.com\/wp-content\/uploads\/2025\/10\/702-dui-school-nevada-logo-e1761216795683.png\",\"contentUrl\":\"https:\/\/www.702duischool.com\/wp-content\/uploads\/2025\/10\/702-dui-school-nevada-logo-e1761216795683.png\",\"width\":489,\"height\":600,\"caption\":\"702 Onlie Schools, LLC\"},\"image\":{\"@id\":\"https:\/\/www.702duischool.com\/#\/schema\/logo\/image\/\"},\"sameAs\":[\"https:\/\/www.linkedin.com\/company\/702duischool\/\"]}]}<\/script>\n<!-- \/ Yoast SEO Premium plugin. -->","yoast_head_json":{"title":"Curso de DUI en Goodsprings: curso en l\u00ednea para el Tribunal de Justicia","description":"Inscr\u00edbase en nuestra clase en l\u00ednea sobre DUI en Goodsprings, adaptada a los requisitos del Tribunal de Justicia de Goodsprings. Comience hoy mismo su formaci\u00f3n sobre DUI conforme a la normativa.","robots":{"index":"index","follow":"follow","max-snippet":"max-snippet:-1","max-image-preview":"max-image-preview:large","max-video-preview":"max-video-preview:-1"},"canonical":"https:\/\/www.702duischool.com\/es\/goodsprings-dui-class\/","og_locale":"es_MX","og_type":"article","og_title":"Goodsprings DUI Class: Your Online Path to Compliance","og_description":"Enroll in our online Goodsprings DUI Class, tailored for Goodsprings Justice Court requirements. Start your compliant DUI education today.","og_url":"https:\/\/www.702duischool.com\/es\/goodsprings-dui-class\/","og_site_name":"702 DUI School - Your Online DUI Course in Las Vegas Nevada","article_modified_time":"2024-01-29T02:32:44+00:00","og_image":[{"url":"https:\/\/www.702duischool.com\/wp-content\/uploads\/2016\/03\/AdobeStock_212767372-1024x683.jpeg","type":"","width":"","height":""}],"twitter_card":"summary_large_image","twitter_misc":{"Tiempo de lectura":"2 minutos"},"schema":{"@context":"https:\/\/schema.org","@graph":[{"@type":"WebPage","@id":"https:\/\/www.702duischool.com\/goodsprings-dui-class\/","url":"https:\/\/www.702duischool.com\/goodsprings-dui-class\/","name":"Curso de DUI en Goodsprings: curso en l\u00ednea para el Tribunal de Justicia","isPartOf":{"@id":"https:\/\/www.702duischool.com\/#website"},"primaryImageOfPage":{"@id":"https:\/\/www.702duischool.com\/goodsprings-dui-class\/#primaryimage"},"image":{"@id":"https:\/\/www.702duischool.com\/goodsprings-dui-class\/#primaryimage"},"thumbnailUrl":"https:\/\/www.702duischool.com\/wp-content\/uploads\/2016\/03\/AdobeStock_212767372-1024x683.jpeg","datePublished":"2016-09-02T03:07:31+00:00","dateModified":"2024-01-29T02:32:44+00:00","description":"Inscr\u00edbase en nuestra clase en l\u00ednea sobre DUI en Goodsprings, adaptada a los requisitos del Tribunal de Justicia de Goodsprings. Comience hoy mismo su formaci\u00f3n sobre DUI conforme a la normativa.","breadcrumb":{"@id":"https:\/\/www.702duischool.com\/goodsprings-dui-class\/#breadcrumb"},"inLanguage":"es","potentialAction":[{"@type":"ReadAction","target":["https:\/\/www.702duischool.com\/goodsprings-dui-class\/"]}]},{"@type":"ImageObject","inLanguage":"es","@id":"https:\/\/www.702duischool.com\/goodsprings-dui-class\/#primaryimage","url":"https:\/\/www.702duischool.com\/wp-content\/uploads\/2016\/03\/AdobeStock_212767372-1024x683.jpeg","contentUrl":"https:\/\/www.702duischool.com\/wp-content\/uploads\/2016\/03\/AdobeStock_212767372-1024x683.jpeg"},{"@type":"BreadcrumbList","@id":"https:\/\/www.702duischool.com\/goodsprings-dui-class\/#breadcrumb","itemListElement":[{"@type":"ListItem","position":1,"name":"Home","item":"https:\/\/www.702duischool.com\/"},{"@type":"ListItem","position":2,"name":"Goodsprings DUI Class: Your Online Path to Compliance"}]},{"@type":"WebSite","@id":"https:\/\/www.702duischool.com\/#website","url":"https:\/\/www.702duischool.com\/","name":"Escuela 702 DUI: su curso de DUI en l\u00ednea en Las Vegas Nevada","description":"Integral, conveniente y certificada: su escuela de DUI en l\u00ednea de Nevada","publisher":{"@id":"https:\/\/www.702duischool.com\/#organization"},"potentialAction":[{"@type":"SearchAction","target":{"@type":"EntryPoint","urlTemplate":"https:\/\/www.702duischool.com\/?s={search_term_string}"},"query-input":{"@type":"PropertyValueSpecification","valueRequired":true,"valueName":"search_term_string"}}],"inLanguage":"es"},{"@type":"Organization","@id":"https:\/\/www.702duischool.com\/#organization","name":"702 Escuelas en l\u00ednea, LLC","alternateName":"702DUISchool.com","url":"https:\/\/www.702duischool.com\/","logo":{"@type":"ImageObject","inLanguage":"es","@id":"https:\/\/www.702duischool.com\/#\/schema\/logo\/image\/","url":"https:\/\/www.702duischool.com\/wp-content\/uploads\/2025\/10\/702-dui-school-nevada-logo-e1761216795683.png","contentUrl":"https:\/\/www.702duischool.com\/wp-content\/uploads\/2025\/10\/702-dui-school-nevada-logo-e1761216795683.png","width":489,"height":600,"caption":"702 Onlie Schools, LLC"},"image":{"@id":"https:\/\/www.702duischool.com\/#\/schema\/logo\/image\/"},"sameAs":["https:\/\/www.linkedin.com\/company\/702duischool\/"]}]}},"_links":{"self":[{"href":"https:\/\/www.702duischool.com\/es\/wp-json\/wp\/v2\/pages\/864","targetHints":{"allow":["GET"]}}],"collection":[{"href":"https:\/\/www.702duischool.com\/es\/wp-json\/wp\/v2\/pages"}],"about":[{"href":"https:\/\/www.702duischool.com\/es\/wp-json\/wp\/v2\/types\/page"}],"author":[{"embeddable":true,"href":"https:\/\/www.702duischool.com\/es\/wp-json\/wp\/v2\/users\/1"}],"replies":[{"embeddable":true,"href":"https:\/\/www.702duischool.com\/es\/wp-json\/wp\/v2\/comments?post=864"}],"version-history":[{"count":6,"href":"https:\/\/www.702duischool.com\/es\/wp-json\/wp\/v2\/pages\/864\/revisions"}],"predecessor-version":[{"id":2531,"href":"https:\/\/www.702duischool.com\/es\/wp-json\/wp\/v2\/pages\/864\/revisions\/2531"}],"wp:attachment":[{"href":"https:\/\/www.702duischool.com\/es\/wp-json\/wp\/v2\/media?parent=864"}],"curies":[{"name":"gracias","href":"https:\/\/api.w.org\/{rel}","templated":true}]}}