{"id":862,"date":"2016-09-02T03:06:02","date_gmt":"2016-09-02T03:06:02","guid":{"rendered":"https:\/\/www.702duischool.com\/?page_id=862"},"modified":"2024-01-28T21:06:03","modified_gmt":"2024-01-28T21:06:03","slug":"tonopah-justice-court-dui-class","status":"publish","type":"page","link":"https:\/\/www.702duischool.com\/es\/tonopah-justice-court-dui-class\/","title":{"rendered":"Tribunal de Justicia de Tonopah"},"content":{"rendered":"<p>Bienvenido a 702 DUI School, su proveedor de confianza para la clase de DUI de Tonopah. Nuestro curso integral en l\u00ednea est\u00e1 dise\u00f1ado para cumplir con los requisitos del Tribunal de Justicia de Tonopah. Por solo $89, puede realizar el curso obligatorio de concientizaci\u00f3n sobre el alcohol y las drogas en Nevada desde la comodidad de su hogar u oficina, las 24 horas del d\u00eda.<\/p>\n<p>Nuestra clase de DUI en Tonopah le brinda y le informa sobre las graves consecuencias legales de beber y consumir drogas mientras conduce. Este es un curso en l\u00ednea de 8 horas que puedes realizar a tu propio ritmo. Ya sea que desee tomarse una hora, cerrar sesi\u00f3n y luego volver m\u00e1s tarde, o hacerlo todo de una vez, nuestro sistema recuerda su progreso, lo que hace que nuestra clase de DUI en l\u00ednea sea f\u00e1cil, conveniente y adecuada a su horario.<\/p>\n<p>Echa un vistazo a nuestro <a href=\"https:\/\/www.702duischool.com\/es\/\" target=\"_new\" rel=\"noopener\">P\u00e1gina de inicio de la escuela 702 DUI<\/a> para m\u00e1s cursos u obtener m\u00e1s informaci\u00f3n sobre nuestras clases de DUI en nuestro <a href=\"https:\/\/www.702duischool.com\/es\/nevada-dui-class-information\/\" target=\"_new\" rel=\"noopener\">Informaci\u00f3n del curso<\/a> p\u00e1gina.<\/p>\n<p>Sin cargos adicionales, puede disfrutar de repeticiones ilimitadas y recibir instant\u00e1neamente su certificado al finalizar. Nuestra clase en l\u00ednea est\u00e1 dise\u00f1ada para adaptarse al horario de cualquier persona, permiti\u00e9ndole completar su curso de DUI desde cualquier lugar donde tenga acceso a Internet. Tambi\u00e9n ofrecemos atenci\u00f3n al cliente en vivo las 24 horas, los 7 d\u00edas de la semana, en caso de que tenga alguna pregunta o inquietud.<\/p>\n<p>Nuestro curso de DUI en l\u00ednea consta de 5 m\u00f3dulos simples, separados de manera que el aprendizaje sea lo m\u00e1s simple posible. Puede cerrar sesi\u00f3n y iniciar sesi\u00f3n tantas veces como sea necesario. No es necesario terminar todo el curso de 8 horas de una vez, a menos que as\u00ed lo desees. Simplemente cierre sesi\u00f3n y vuelva m\u00e1s tarde para continuar donde lo dej\u00f3.<\/p>\n<p>Proporcionamos todas las herramientas que necesita en l\u00ednea para su computadora, tableta o dispositivo m\u00f3vil, lo que le permite completar el curso de DUI r\u00e1pidamente. Nuestros especialistas de servicio al cliente siempre est\u00e1n disponibles los 7 d\u00edas de la semana para responder todas sus preguntas.<\/p>\n<p>Reg\u00edstrese hoy y comience su viaje hacia una conducci\u00f3n responsable. Con nuestra clase de DUI de Tonopah, puede cumplir con su orden judicial y tomar control de su futuro.<\/p>\n<p>Para obtener m\u00e1s informaci\u00f3n sobre las regulaciones de DUI, visite el <a href=\"https:\/\/www.nyecounty.net\/149\/Justice-Courts\" target=\"_new\" rel=\"noopener\">Tribunal de Justicia de Tonopah<\/a> o el <a href=\"https:\/\/dmvnv.com\/\" target=\"_new\" rel=\"noopener\">DMV de Nevada<\/a>.<\/p>","protected":false},"excerpt":{"rendered":"<p>Bienvenido a 702 DUI School, su proveedor de confianza para la clase de DUI de Tonopah. Nuestro curso integral en l\u00ednea est\u00e1 dise\u00f1ado para cumplir con los requisitos del Tribunal de Justicia de Tonopah. Por solo $89, puede realizar el curso obligatorio de concientizaci\u00f3n sobre el alcohol y las drogas en Nevada desde la comodidad de su hogar u oficina, las 24 horas del d\u00eda. Nuestra Tonopah [\u2026]<\/p>","protected":false},"author":1,"featured_media":0,"parent":0,"menu_order":0,"comment_status":"closed","ping_status":"closed","template":"","meta":{"footnotes":""},"class_list":["post-862","page","type-page","status-publish","hentry"],"yoast_head":"<!-- This site is optimized with the Yoast SEO Premium plugin v26.7 (Yoast SEO v26.7) - https:\/\/yoast.com\/wordpress\/plugins\/seo\/ -->\n<title>Tonopah Online DUI Class | 702 DUI School<\/title>\n<meta name=\"description\" content=\"Join our Tonopah Online DUI Class at 702 DUI School. Learn 24\/7, at your pace. Get instant certification.\" \/>\n<meta name=\"robots\" content=\"index, follow, max-snippet:-1, max-image-preview:large, max-video-preview:-1\" \/>\n<link rel=\"canonical\" href=\"https:\/\/www.702duischool.com\/es\/tonopah-justice-court-dui-class\/\" \/>\n<meta property=\"og:locale\" content=\"es_MX\" \/>\n<meta property=\"og:type\" content=\"article\" \/>\n<meta property=\"og:title\" content=\"Tonopah Justice Court\" \/>\n<meta property=\"og:description\" content=\"Join our Tonopah Online DUI Class at 702 DUI School. Learn 24\/7, at your pace. Get instant certification.\" \/>\n<meta property=\"og:url\" content=\"https:\/\/www.702duischool.com\/es\/tonopah-justice-court-dui-class\/\" \/>\n<meta property=\"og:site_name\" content=\"702 DUI School - Your Online DUI Course in Las Vegas Nevada\" \/>\n<meta property=\"article:modified_time\" content=\"2024-01-28T21:06:03+00:00\" \/>\n<meta name=\"twitter:card\" content=\"summary_large_image\" \/>\n<meta name=\"twitter:label1\" content=\"Tiempo de lectura\" \/>\n\t<meta name=\"twitter:data1\" content=\"2 minutos\" \/>\n<script type=\"application\/ld+json\" class=\"yoast-schema-graph\">{\"@context\":\"https:\/\/schema.org\",\"@graph\":[{\"@type\":\"WebPage\",\"@id\":\"https:\/\/www.702duischool.com\/tonopah-justice-court-dui-class\/\",\"url\":\"https:\/\/www.702duischool.com\/tonopah-justice-court-dui-class\/\",\"name\":\"Tonopah Online DUI Class | 702 DUI School\",\"isPartOf\":{\"@id\":\"https:\/\/www.702duischool.com\/#website\"},\"datePublished\":\"2016-09-02T03:06:02+00:00\",\"dateModified\":\"2024-01-28T21:06:03+00:00\",\"description\":\"Join our Tonopah Online DUI Class at 702 DUI School. Learn 24\/7, at your pace. Get instant certification.\",\"breadcrumb\":{\"@id\":\"https:\/\/www.702duischool.com\/tonopah-justice-court-dui-class\/#breadcrumb\"},\"inLanguage\":\"es\",\"potentialAction\":[{\"@type\":\"ReadAction\",\"target\":[\"https:\/\/www.702duischool.com\/tonopah-justice-court-dui-class\/\"]}]},{\"@type\":\"BreadcrumbList\",\"@id\":\"https:\/\/www.702duischool.com\/tonopah-justice-court-dui-class\/#breadcrumb\",\"itemListElement\":[{\"@type\":\"ListItem\",\"position\":1,\"name\":\"Home\",\"item\":\"https:\/\/www.702duischool.com\/\"},{\"@type\":\"ListItem\",\"position\":2,\"name\":\"Tonopah Justice Court\"}]},{\"@type\":\"WebSite\",\"@id\":\"https:\/\/www.702duischool.com\/#website\",\"url\":\"https:\/\/www.702duischool.com\/\",\"name\":\"702 DUI School - Your Online DUI Course in Las Vegas Nevada\",\"description\":\"Comprehensive, Convenient, Certified: Your Nevada Online DUI School\",\"publisher\":{\"@id\":\"https:\/\/www.702duischool.com\/#organization\"},\"potentialAction\":[{\"@type\":\"SearchAction\",\"target\":{\"@type\":\"EntryPoint\",\"urlTemplate\":\"https:\/\/www.702duischool.com\/?s={search_term_string}\"},\"query-input\":{\"@type\":\"PropertyValueSpecification\",\"valueRequired\":true,\"valueName\":\"search_term_string\"}}],\"inLanguage\":\"es\"},{\"@type\":\"Organization\",\"@id\":\"https:\/\/www.702duischool.com\/#organization\",\"name\":\"702 Onlie Schools, LLC\",\"alternateName\":\"702DUISchool.com\",\"url\":\"https:\/\/www.702duischool.com\/\",\"logo\":{\"@type\":\"ImageObject\",\"inLanguage\":\"es\",\"@id\":\"https:\/\/www.702duischool.com\/#\/schema\/logo\/image\/\",\"url\":\"https:\/\/www.702duischool.com\/wp-content\/uploads\/2025\/10\/702-dui-school-nevada-logo-e1761216795683.png\",\"contentUrl\":\"https:\/\/www.702duischool.com\/wp-content\/uploads\/2025\/10\/702-dui-school-nevada-logo-e1761216795683.png\",\"width\":489,\"height\":600,\"caption\":\"702 Onlie Schools, LLC\"},\"image\":{\"@id\":\"https:\/\/www.702duischool.com\/#\/schema\/logo\/image\/\"},\"sameAs\":[\"https:\/\/www.linkedin.com\/company\/702duischool\/\"]}]}<\/script>\n<!-- \/ Yoast SEO Premium plugin. -->","yoast_head_json":{"title":"Clase en l\u00ednea de DUI en Tonopah | Escuela de DUI 702","description":"\u00danete a nuestra clase en l\u00ednea de DUI en Tonopah en la Escuela 702 DUI. Aprende 24\/7, a tu ritmo. Obt\u00e9n tu certificaci\u00f3n al instante.","robots":{"index":"index","follow":"follow","max-snippet":"max-snippet:-1","max-image-preview":"max-image-preview:large","max-video-preview":"max-video-preview:-1"},"canonical":"https:\/\/www.702duischool.com\/es\/tonopah-justice-court-dui-class\/","og_locale":"es_MX","og_type":"article","og_title":"Tonopah Justice Court","og_description":"Join our Tonopah Online DUI Class at 702 DUI School. Learn 24\/7, at your pace. Get instant certification.","og_url":"https:\/\/www.702duischool.com\/es\/tonopah-justice-court-dui-class\/","og_site_name":"702 DUI School - Your Online DUI Course in Las Vegas Nevada","article_modified_time":"2024-01-28T21:06:03+00:00","twitter_card":"summary_large_image","twitter_misc":{"Tiempo de lectura":"2 minutos"},"schema":{"@context":"https:\/\/schema.org","@graph":[{"@type":"WebPage","@id":"https:\/\/www.702duischool.com\/tonopah-justice-court-dui-class\/","url":"https:\/\/www.702duischool.com\/tonopah-justice-court-dui-class\/","name":"Clase en l\u00ednea de DUI en Tonopah | Escuela de DUI 702","isPartOf":{"@id":"https:\/\/www.702duischool.com\/#website"},"datePublished":"2016-09-02T03:06:02+00:00","dateModified":"2024-01-28T21:06:03+00:00","description":"\u00danete a nuestra clase en l\u00ednea de DUI en Tonopah en la Escuela 702 DUI. Aprende 24\/7, a tu ritmo. Obt\u00e9n tu certificaci\u00f3n al instante.","breadcrumb":{"@id":"https:\/\/www.702duischool.com\/tonopah-justice-court-dui-class\/#breadcrumb"},"inLanguage":"es","potentialAction":[{"@type":"ReadAction","target":["https:\/\/www.702duischool.com\/tonopah-justice-court-dui-class\/"]}]},{"@type":"BreadcrumbList","@id":"https:\/\/www.702duischool.com\/tonopah-justice-court-dui-class\/#breadcrumb","itemListElement":[{"@type":"ListItem","position":1,"name":"Home","item":"https:\/\/www.702duischool.com\/"},{"@type":"ListItem","position":2,"name":"Tonopah Justice Court"}]},{"@type":"WebSite","@id":"https:\/\/www.702duischool.com\/#website","url":"https:\/\/www.702duischool.com\/","name":"Escuela 702 DUI: su curso de DUI en l\u00ednea en Las Vegas Nevada","description":"Integral, conveniente y certificada: su escuela de DUI en l\u00ednea de Nevada","publisher":{"@id":"https:\/\/www.702duischool.com\/#organization"},"potentialAction":[{"@type":"SearchAction","target":{"@type":"EntryPoint","urlTemplate":"https:\/\/www.702duischool.com\/?s={search_term_string}"},"query-input":{"@type":"PropertyValueSpecification","valueRequired":true,"valueName":"search_term_string"}}],"inLanguage":"es"},{"@type":"Organization","@id":"https:\/\/www.702duischool.com\/#organization","name":"702 Escuelas en l\u00ednea, LLC","alternateName":"702DUISchool.com","url":"https:\/\/www.702duischool.com\/","logo":{"@type":"ImageObject","inLanguage":"es","@id":"https:\/\/www.702duischool.com\/#\/schema\/logo\/image\/","url":"https:\/\/www.702duischool.com\/wp-content\/uploads\/2025\/10\/702-dui-school-nevada-logo-e1761216795683.png","contentUrl":"https:\/\/www.702duischool.com\/wp-content\/uploads\/2025\/10\/702-dui-school-nevada-logo-e1761216795683.png","width":489,"height":600,"caption":"702 Onlie Schools, LLC"},"image":{"@id":"https:\/\/www.702duischool.com\/#\/schema\/logo\/image\/"},"sameAs":["https:\/\/www.linkedin.com\/company\/702duischool\/"]}]}},"_links":{"self":[{"href":"https:\/\/www.702duischool.com\/es\/wp-json\/wp\/v2\/pages\/862","targetHints":{"allow":["GET"]}}],"collection":[{"href":"https:\/\/www.702duischool.com\/es\/wp-json\/wp\/v2\/pages"}],"about":[{"href":"https:\/\/www.702duischool.com\/es\/wp-json\/wp\/v2\/types\/page"}],"author":[{"embeddable":true,"href":"https:\/\/www.702duischool.com\/es\/wp-json\/wp\/v2\/users\/1"}],"replies":[{"embeddable":true,"href":"https:\/\/www.702duischool.com\/es\/wp-json\/wp\/v2\/comments?post=862"}],"version-history":[{"count":3,"href":"https:\/\/www.702duischool.com\/es\/wp-json\/wp\/v2\/pages\/862\/revisions"}],"predecessor-version":[{"id":2290,"href":"https:\/\/www.702duischool.com\/es\/wp-json\/wp\/v2\/pages\/862\/revisions\/2290"}],"wp:attachment":[{"href":"https:\/\/www.702duischool.com\/es\/wp-json\/wp\/v2\/media?parent=862"}],"curies":[{"name":"gracias","href":"https:\/\/api.w.org\/{rel}","templated":true}]}}