{"id":858,"date":"2016-09-02T03:02:47","date_gmt":"2016-09-02T03:02:47","guid":{"rendered":"https:\/\/www.702duischool.com\/?page_id=858"},"modified":"2024-01-29T02:59:10","modified_gmt":"2024-01-29T02:59:10","slug":"henderson-municipal-dui-class","status":"publish","type":"page","link":"https:\/\/www.702duischool.com\/es\/henderson-municipal-dui-class\/","title":{"rendered":"Clase de DUI municipal de Henderson"},"content":{"rendered":"<div class=\"wp-block-media-text is-stacked-on-mobile\"><figure class=\"wp-block-media-text__media\"><img loading=\"lazy\" decoding=\"async\" width=\"1024\" height=\"683\" src=\"https:\/\/www.702duischool.com\/wp-content\/uploads\/2016\/03\/AdobeStock_182510697-1024x683.jpeg\" alt=\"Henderson Municipal DUI Class\" class=\"wp-image-2371 size-full\" srcset=\"https:\/\/www.702duischool.com\/wp-content\/uploads\/2016\/03\/AdobeStock_182510697-1024x683.jpeg 1024w, https:\/\/www.702duischool.com\/wp-content\/uploads\/2016\/03\/AdobeStock_182510697-300x200.jpeg 300w, https:\/\/www.702duischool.com\/wp-content\/uploads\/2016\/03\/AdobeStock_182510697-768x512.jpeg 768w, https:\/\/www.702duischool.com\/wp-content\/uploads\/2016\/03\/AdobeStock_182510697-1536x1024.jpeg 1536w, https:\/\/www.702duischool.com\/wp-content\/uploads\/2016\/03\/AdobeStock_182510697-2048x1365.jpeg 2048w, https:\/\/www.702duischool.com\/wp-content\/uploads\/2016\/03\/AdobeStock_182510697-18x12.jpeg 18w\" sizes=\"auto, (max-width: 1024px) 100vw, 1024px\" \/><\/figure><div class=\"wp-block-media-text__content\">\n<p><strong>Su camino en l\u00ednea hacia el cumplimiento<\/strong><\/p>\n\n\n\n<p>Bienvenido a 702 DUI School, donde nuestra clase de DUI municipal de Henderson ofrece una soluci\u00f3n integral en l\u00ednea para cumplir con los requisitos del curso de DUI seg\u00fan lo dispuesto por el Tribunal Municipal de Henderson. Este curso est\u00e1 dise\u00f1ado espec\u00edficamente para aquellos en Henderson que enfrentan cargos de DUI, brindando una experiencia de aprendizaje en l\u00ednea completa y accesible.<\/p>\n\n\n\n<p><strong>\u00bfPor qu\u00e9 elegir nuestra clase de DUI municipal de Henderson?<\/strong><\/p>\n\n\n\n<p>Nuestra clase de DUI municipal de Henderson es m\u00e1s que un simple requisito legal; es un viaje educativo hacia la conducci\u00f3n responsable. El plan de estudios cubre las leyes de DUI de Nevada, los efectos del alcohol y las drogas en la capacidad de conducir y estrategias para tomar decisiones de conducci\u00f3n m\u00e1s seguras. Este conocimiento es crucial para el cumplimiento legal y el crecimiento personal.<\/p>\n<\/div><\/div>\n\n\n\n<p><strong>Aprendizaje flexible y conveniente<\/strong><\/p>\n\n\n\n<p>Entendemos los desaf\u00edos de equilibrar las obligaciones legales con la vida diaria. Es por eso que se puede acceder a nuestra clase de DUI municipal de Henderson en l\u00ednea las 24 horas, los 7 d\u00edas de la semana, lo que le permite aprender a su propio ritmo y conveniencia. Ya sea que est\u00e9 en casa o mientras viaja, nuestro curso est\u00e1 disponible cuando lo necesite.<\/p>\n\n\n\n<p><strong>Material del curso atractivo<\/strong><\/p>\n\n\n\n<p>El curso est\u00e1 dise\u00f1ado para ser atractivo e informativo, con m\u00f3dulos interactivos que hacen que el aprendizaje sobre las leyes de DUI y las pr\u00e1cticas de conducci\u00f3n segura sea interesante y eficaz. Nuestro objetivo es brindarle el conocimiento y las habilidades para evitar futuros incidentes de DUI y contribuir a la seguridad de la comunidad de Henderson.<\/p>\n\n\n\n<p><strong>Soporte Integral para Estudiantes<\/strong><\/p>\n\n\n\n<p>Nuestro equipo de soporte dedicado est\u00e1 aqu\u00ed para ayudarlo durante todo su curso. Si tienes alguna duda o necesitas ayuda durante el proceso, estamos a solo un clic de distancia. Estamos comprometidos a garantizar una experiencia educativa fluida y solidaria.<\/p>\n\n\n\n<p><strong>Inscr\u00edbase y haga un cambio positivo<\/strong><\/p>\n\n\n\n<p>Inscr\u00edbase hoy en nuestra clase de DUI municipal de Henderson y d\u00e9 el primer paso para cumplir con los requisitos judiciales y convertirse en un conductor m\u00e1s responsable. \u00danase a los muchos estudiantes que completaron con \u00e9xito su viaje con 702 DUI School y realizaron un cambio positivo en sus vidas.<\/p>","protected":false},"excerpt":{"rendered":"<p>Su camino en l\u00ednea hacia el cumplimiento Bienvenido a la Escuela 702 DUI, donde nuestra clase de DUI municipal de Henderson ofrece una soluci\u00f3n integral en l\u00ednea para cumplir con los requisitos del curso de DUI seg\u00fan lo dispuesto por el Tribunal Municipal de Henderson. Este curso est\u00e1 dise\u00f1ado espec\u00edficamente para aquellos en Henderson que enfrentan cargos de DUI, brindando una experiencia de aprendizaje en l\u00ednea completa y accesible. Por qu\u00e9 [\u2026]<\/p>","protected":false},"author":1,"featured_media":0,"parent":0,"menu_order":0,"comment_status":"closed","ping_status":"closed","template":"","meta":{"footnotes":""},"class_list":["post-858","page","type-page","status-publish","hentry"],"yoast_head":"<!-- This site is optimized with the Yoast SEO Premium plugin v26.7 (Yoast SEO v26.7) - https:\/\/yoast.com\/wordpress\/plugins\/seo\/ -->\n<title>Henderson Municipal DUI Class - Online Course | 702 DUI School<\/title>\n<meta name=\"description\" content=\"Join our Henderson Municipal DUI Class to meet Henderson Court requirements. Complete your DUI course online with 702 DUI School\" \/>\n<meta name=\"robots\" content=\"index, follow, max-snippet:-1, max-image-preview:large, max-video-preview:-1\" \/>\n<link rel=\"canonical\" href=\"https:\/\/www.702duischool.com\/es\/henderson-municipal-dui-class\/\" \/>\n<meta property=\"og:locale\" content=\"es_MX\" \/>\n<meta property=\"og:type\" content=\"article\" \/>\n<meta property=\"og:title\" content=\"Henderson Municipal DUI Class\" \/>\n<meta property=\"og:description\" content=\"Join our Henderson Municipal DUI Class to meet Henderson Court requirements. Complete your DUI course online with 702 DUI School\" \/>\n<meta property=\"og:url\" content=\"https:\/\/www.702duischool.com\/es\/henderson-municipal-dui-class\/\" \/>\n<meta property=\"og:site_name\" content=\"702 DUI School - Your Online DUI Course in Las Vegas Nevada\" \/>\n<meta property=\"article:modified_time\" content=\"2024-01-29T02:59:10+00:00\" \/>\n<meta property=\"og:image\" content=\"https:\/\/www.702duischool.com\/wp-content\/uploads\/2016\/03\/AdobeStock_182510697-1024x683.jpeg\" \/>\n<meta name=\"twitter:card\" content=\"summary_large_image\" \/>\n<meta name=\"twitter:label1\" content=\"Tiempo de lectura\" \/>\n\t<meta name=\"twitter:data1\" content=\"2 minutos\" \/>\n<script type=\"application\/ld+json\" class=\"yoast-schema-graph\">{\"@context\":\"https:\/\/schema.org\",\"@graph\":[{\"@type\":\"WebPage\",\"@id\":\"https:\/\/www.702duischool.com\/henderson-municipal-dui-class\/\",\"url\":\"https:\/\/www.702duischool.com\/henderson-municipal-dui-class\/\",\"name\":\"Henderson Municipal DUI Class - Online Course | 702 DUI School\",\"isPartOf\":{\"@id\":\"https:\/\/www.702duischool.com\/#website\"},\"primaryImageOfPage\":{\"@id\":\"https:\/\/www.702duischool.com\/henderson-municipal-dui-class\/#primaryimage\"},\"image\":{\"@id\":\"https:\/\/www.702duischool.com\/henderson-municipal-dui-class\/#primaryimage\"},\"thumbnailUrl\":\"https:\/\/www.702duischool.com\/wp-content\/uploads\/2016\/03\/AdobeStock_182510697-1024x683.jpeg\",\"datePublished\":\"2016-09-02T03:02:47+00:00\",\"dateModified\":\"2024-01-29T02:59:10+00:00\",\"description\":\"Join our Henderson Municipal DUI Class to meet Henderson Court requirements. Complete your DUI course online with 702 DUI School\",\"breadcrumb\":{\"@id\":\"https:\/\/www.702duischool.com\/henderson-municipal-dui-class\/#breadcrumb\"},\"inLanguage\":\"es\",\"potentialAction\":[{\"@type\":\"ReadAction\",\"target\":[\"https:\/\/www.702duischool.com\/henderson-municipal-dui-class\/\"]}]},{\"@type\":\"ImageObject\",\"inLanguage\":\"es\",\"@id\":\"https:\/\/www.702duischool.com\/henderson-municipal-dui-class\/#primaryimage\",\"url\":\"https:\/\/www.702duischool.com\/wp-content\/uploads\/2016\/03\/AdobeStock_182510697-1024x683.jpeg\",\"contentUrl\":\"https:\/\/www.702duischool.com\/wp-content\/uploads\/2016\/03\/AdobeStock_182510697-1024x683.jpeg\"},{\"@type\":\"BreadcrumbList\",\"@id\":\"https:\/\/www.702duischool.com\/henderson-municipal-dui-class\/#breadcrumb\",\"itemListElement\":[{\"@type\":\"ListItem\",\"position\":1,\"name\":\"Home\",\"item\":\"https:\/\/www.702duischool.com\/\"},{\"@type\":\"ListItem\",\"position\":2,\"name\":\"Henderson Municipal DUI Class\"}]},{\"@type\":\"WebSite\",\"@id\":\"https:\/\/www.702duischool.com\/#website\",\"url\":\"https:\/\/www.702duischool.com\/\",\"name\":\"702 DUI School - Your Online DUI Course in Las Vegas Nevada\",\"description\":\"Comprehensive, Convenient, Certified: Your Nevada Online DUI School\",\"publisher\":{\"@id\":\"https:\/\/www.702duischool.com\/#organization\"},\"potentialAction\":[{\"@type\":\"SearchAction\",\"target\":{\"@type\":\"EntryPoint\",\"urlTemplate\":\"https:\/\/www.702duischool.com\/?s={search_term_string}\"},\"query-input\":{\"@type\":\"PropertyValueSpecification\",\"valueRequired\":true,\"valueName\":\"search_term_string\"}}],\"inLanguage\":\"es\"},{\"@type\":\"Organization\",\"@id\":\"https:\/\/www.702duischool.com\/#organization\",\"name\":\"702 Onlie Schools, LLC\",\"alternateName\":\"702DUISchool.com\",\"url\":\"https:\/\/www.702duischool.com\/\",\"logo\":{\"@type\":\"ImageObject\",\"inLanguage\":\"es\",\"@id\":\"https:\/\/www.702duischool.com\/#\/schema\/logo\/image\/\",\"url\":\"https:\/\/www.702duischool.com\/wp-content\/uploads\/2025\/10\/702-dui-school-nevada-logo-e1761216795683.png\",\"contentUrl\":\"https:\/\/www.702duischool.com\/wp-content\/uploads\/2025\/10\/702-dui-school-nevada-logo-e1761216795683.png\",\"width\":489,\"height\":600,\"caption\":\"702 Onlie Schools, LLC\"},\"image\":{\"@id\":\"https:\/\/www.702duischool.com\/#\/schema\/logo\/image\/\"},\"sameAs\":[\"https:\/\/www.linkedin.com\/company\/702duischool\/\"]}]}<\/script>\n<!-- \/ Yoast SEO Premium plugin. -->","yoast_head_json":{"title":"Curso de DUI municipal de Henderson - Curso en l\u00ednea | Escuela de DUI 702","description":"\u00danase a nuestro curso de DUI municipal de Henderson para cumplir con los requisitos del Tribunal de Henderson. Complete su curso de DUI en l\u00ednea con 702 DUI School.","robots":{"index":"index","follow":"follow","max-snippet":"max-snippet:-1","max-image-preview":"max-image-preview:large","max-video-preview":"max-video-preview:-1"},"canonical":"https:\/\/www.702duischool.com\/es\/henderson-municipal-dui-class\/","og_locale":"es_MX","og_type":"article","og_title":"Henderson Municipal DUI Class","og_description":"Join our Henderson Municipal DUI Class to meet Henderson Court requirements. Complete your DUI course online with 702 DUI School","og_url":"https:\/\/www.702duischool.com\/es\/henderson-municipal-dui-class\/","og_site_name":"702 DUI School - Your Online DUI Course in Las Vegas Nevada","article_modified_time":"2024-01-29T02:59:10+00:00","og_image":[{"url":"https:\/\/www.702duischool.com\/wp-content\/uploads\/2016\/03\/AdobeStock_182510697-1024x683.jpeg","type":"","width":"","height":""}],"twitter_card":"summary_large_image","twitter_misc":{"Tiempo de lectura":"2 minutos"},"schema":{"@context":"https:\/\/schema.org","@graph":[{"@type":"WebPage","@id":"https:\/\/www.702duischool.com\/henderson-municipal-dui-class\/","url":"https:\/\/www.702duischool.com\/henderson-municipal-dui-class\/","name":"Curso de DUI municipal de Henderson - Curso en l\u00ednea | Escuela de DUI 702","isPartOf":{"@id":"https:\/\/www.702duischool.com\/#website"},"primaryImageOfPage":{"@id":"https:\/\/www.702duischool.com\/henderson-municipal-dui-class\/#primaryimage"},"image":{"@id":"https:\/\/www.702duischool.com\/henderson-municipal-dui-class\/#primaryimage"},"thumbnailUrl":"https:\/\/www.702duischool.com\/wp-content\/uploads\/2016\/03\/AdobeStock_182510697-1024x683.jpeg","datePublished":"2016-09-02T03:02:47+00:00","dateModified":"2024-01-29T02:59:10+00:00","description":"\u00danase a nuestro curso de DUI municipal de Henderson para cumplir con los requisitos del Tribunal de Henderson. Complete su curso de DUI en l\u00ednea con 702 DUI School.","breadcrumb":{"@id":"https:\/\/www.702duischool.com\/henderson-municipal-dui-class\/#breadcrumb"},"inLanguage":"es","potentialAction":[{"@type":"ReadAction","target":["https:\/\/www.702duischool.com\/henderson-municipal-dui-class\/"]}]},{"@type":"ImageObject","inLanguage":"es","@id":"https:\/\/www.702duischool.com\/henderson-municipal-dui-class\/#primaryimage","url":"https:\/\/www.702duischool.com\/wp-content\/uploads\/2016\/03\/AdobeStock_182510697-1024x683.jpeg","contentUrl":"https:\/\/www.702duischool.com\/wp-content\/uploads\/2016\/03\/AdobeStock_182510697-1024x683.jpeg"},{"@type":"BreadcrumbList","@id":"https:\/\/www.702duischool.com\/henderson-municipal-dui-class\/#breadcrumb","itemListElement":[{"@type":"ListItem","position":1,"name":"Home","item":"https:\/\/www.702duischool.com\/"},{"@type":"ListItem","position":2,"name":"Henderson Municipal DUI Class"}]},{"@type":"WebSite","@id":"https:\/\/www.702duischool.com\/#website","url":"https:\/\/www.702duischool.com\/","name":"Escuela 702 DUI: su curso de DUI en l\u00ednea en Las Vegas Nevada","description":"Integral, conveniente y certificada: su escuela de DUI en l\u00ednea de Nevada","publisher":{"@id":"https:\/\/www.702duischool.com\/#organization"},"potentialAction":[{"@type":"SearchAction","target":{"@type":"EntryPoint","urlTemplate":"https:\/\/www.702duischool.com\/?s={search_term_string}"},"query-input":{"@type":"PropertyValueSpecification","valueRequired":true,"valueName":"search_term_string"}}],"inLanguage":"es"},{"@type":"Organization","@id":"https:\/\/www.702duischool.com\/#organization","name":"702 Escuelas en l\u00ednea, LLC","alternateName":"702DUISchool.com","url":"https:\/\/www.702duischool.com\/","logo":{"@type":"ImageObject","inLanguage":"es","@id":"https:\/\/www.702duischool.com\/#\/schema\/logo\/image\/","url":"https:\/\/www.702duischool.com\/wp-content\/uploads\/2025\/10\/702-dui-school-nevada-logo-e1761216795683.png","contentUrl":"https:\/\/www.702duischool.com\/wp-content\/uploads\/2025\/10\/702-dui-school-nevada-logo-e1761216795683.png","width":489,"height":600,"caption":"702 Onlie Schools, LLC"},"image":{"@id":"https:\/\/www.702duischool.com\/#\/schema\/logo\/image\/"},"sameAs":["https:\/\/www.linkedin.com\/company\/702duischool\/"]}]}},"_links":{"self":[{"href":"https:\/\/www.702duischool.com\/es\/wp-json\/wp\/v2\/pages\/858","targetHints":{"allow":["GET"]}}],"collection":[{"href":"https:\/\/www.702duischool.com\/es\/wp-json\/wp\/v2\/pages"}],"about":[{"href":"https:\/\/www.702duischool.com\/es\/wp-json\/wp\/v2\/types\/page"}],"author":[{"embeddable":true,"href":"https:\/\/www.702duischool.com\/es\/wp-json\/wp\/v2\/users\/1"}],"replies":[{"embeddable":true,"href":"https:\/\/www.702duischool.com\/es\/wp-json\/wp\/v2\/comments?post=858"}],"version-history":[{"count":5,"href":"https:\/\/www.702duischool.com\/es\/wp-json\/wp\/v2\/pages\/858\/revisions"}],"predecessor-version":[{"id":2533,"href":"https:\/\/www.702duischool.com\/es\/wp-json\/wp\/v2\/pages\/858\/revisions\/2533"}],"wp:attachment":[{"href":"https:\/\/www.702duischool.com\/es\/wp-json\/wp\/v2\/media?parent=858"}],"curies":[{"name":"gracias","href":"https:\/\/api.w.org\/{rel}","templated":true}]}}