{"id":856,"date":"2016-09-02T03:00:06","date_gmt":"2016-09-02T03:00:06","guid":{"rendered":"https:\/\/www.702duischool.com\/?page_id=856"},"modified":"2025-01-02T09:05:50","modified_gmt":"2025-01-02T09:05:50","slug":"north-las-vegas-dui-school","status":"publish","type":"page","link":"https:\/\/www.702duischool.com\/es\/north-las-vegas-dui-school\/","title":{"rendered":"Tribunal Municipal del Norte de Las Vegas"},"content":{"rendered":"<div class=\"wp-block-media-text is-stacked-on-mobile\"><figure class=\"wp-block-media-text__media\"><img loading=\"lazy\" decoding=\"async\" width=\"1024\" height=\"681\" src=\"https:\/\/www.702duischool.com\/wp-content\/uploads\/2016\/07\/42-19927120-1024x681.jpg\" alt=\"North Las Vegas DUI\" class=\"wp-image-522 size-full\" srcset=\"https:\/\/www.702duischool.com\/wp-content\/uploads\/2016\/07\/42-19927120-1024x681.jpg 1024w, https:\/\/www.702duischool.com\/wp-content\/uploads\/2016\/07\/42-19927120-300x200.jpg 300w, https:\/\/www.702duischool.com\/wp-content\/uploads\/2016\/07\/42-19927120-768x511.jpg 768w\" sizes=\"auto, (max-width: 1024px) 100vw, 1024px\" \/><\/figure><div class=\"wp-block-media-text__content\">\n<p><strong>Su curso en l\u00ednea para educaci\u00f3n sobre DUI<\/strong><\/p>\n\n\n\n<p>Bienvenido a 702 DUI School, donde nuestro curso de DUI en North Las Vegas ofrece una experiencia integral de aprendizaje en l\u00ednea para los residentes de North Las Vegas. Este programa brinda educaci\u00f3n esencial sobre las leyes de DUI de Nevada y pr\u00e1cticas de conducci\u00f3n responsable, adecuada para quienes enfrentan cargos de DUI.<\/p>\n\n\n\n<p><strong>\u00bfPor qu\u00e9 elegir nuestro DUI?<\/strong> <strong>\u00bfCurso?<\/strong><\/p>\n\n\n\n<p>Nuestro curso de DUI en North Las Vegas est\u00e1 dise\u00f1ado para brindar conocimientos profundos y cruciales para comprender las leyes de DUI y promover una conducci\u00f3n m\u00e1s segura. El plan de estudios profundiza en los efectos del alcohol y las drogas en la capacidad de conducir y la toma de decisiones, garantizando que reciba informaci\u00f3n actualizada y relevante.<\/p>\n<\/div><\/div>\n\n\n<p>Bienvenido a 702 DUI School, su proveedor confiable para la clase de DUI en North Las Vegas. Nuestro curso integral en l\u00ednea est\u00e1 dise\u00f1ado para cumplir con los requisitos del Tribunal Municipal de North Las Vegas.<\/p>\n<p>Accesible las 24 horas del d\u00eda, nuestro curso te permite completarlo a tu propio ritmo. Ya sea que est\u00e9 usando una computadora, tableta o tel\u00e9fono m\u00f3vil, nuestra plataforma est\u00e1 dise\u00f1ada para ser f\u00e1cil de usar y navegar. Entendemos la importancia de la flexibilidad en el ajetreado mundo actual y hemos dise\u00f1ado nuestro curso para adaptarnos a su horario.<\/p>\n<p>A diferencia de otros proveedores en l\u00ednea, desarrollamos nuestro propio plan de estudios, garantizando calidad y relevancia. Nuestras clases le brindan una comprensi\u00f3n profunda de las consecuencias legales de beber y consumir drogas mientras se conduce. Creemos que la educaci\u00f3n es la clave para la prevenci\u00f3n y nuestro curso est\u00e1 dise\u00f1ado para brindarle el conocimiento que necesita para tomar decisiones seguras y responsables.<\/p>\n<p>Visita nuestro <a href=\"https:\/\/www.702duischool.com\/es\/\" target=\"_new\" rel=\"noopener\">P\u00e1gina de inicio de la escuela 702 DUI<\/a> para m\u00e1s cursos u obtener m\u00e1s informaci\u00f3n sobre nuestras clases de DUI en nuestro <a href=\"https:\/\/www.702duischool.com\/es\/nevada-dui-class-information\/\" target=\"_new\" rel=\"noopener\">Informaci\u00f3n del curso<\/a> p\u00e1gina.<\/p>\n<p>\u00a0<\/p>\n<p><strong>Aprendizaje en l\u00ednea flexible para su comodidad<\/strong><\/p>\n<p>Entendemos la importancia de la flexibilidad en el ajetreado mundo actual. Es por eso que nuestro curso de DUI de North Las Vegas est\u00e1 disponible en l\u00ednea las 24 horas del d\u00eda, los 7 d\u00edas de la semana, lo que le permite completarlo a su propio ritmo. Ya sea que est\u00e9 usando una computadora, tableta o tel\u00e9fono m\u00f3vil, nuestra plataforma es f\u00e1cil de usar y de navegar.<\/p>\n<p><strong>Contenido del curso atractivo e informativo<\/strong><\/p>\n<p>El curso de DUI de North Las Vegas presenta m\u00f3dulos interesantes, lo que hace que el aprendizaje sobre las leyes de DUI y las pr\u00e1cticas de conducci\u00f3n segura sea efectivo e interesante. Nuestro objetivo es equiparlo con el conocimiento y las habilidades para prevenir futuros incidentes de DUI y contribuir a la seguridad de la comunidad de North Las Vegas.<\/p>\n<p><strong>Comience su curso de DUI en North Las Vegas ahora<\/strong><\/p>\n<p>Inscr\u00edbase hoy en el curso de DUI de North Las Vegas y comience su viaje hacia una educaci\u00f3n integral sobre DUI. Con 702 DUI School, no solo est\u00e1s cumpliendo un requisito; est\u00e1s invirtiendo en tu futuro como conductor responsable. \u00danase a nosotros ahora y d\u00e9 un paso importante hacia la conducci\u00f3n responsable en North Las Vegas.<\/p>\n<p>Nuestra clase de DUI est\u00e1 dividida en cinco m\u00f3dulos simples, dise\u00f1ados para que el aprendizaje sea lo m\u00e1s sencillo posible. Cada m\u00f3dulo cubre un aspecto diferente de la ley y la seguridad de DUI, brindando una descripci\u00f3n general completa del tema. Puede iniciar y cerrar sesi\u00f3n tantas veces como sea necesario, lo que le permitir\u00e1 completar la clase de DUI al ritmo que m\u00e1s le convenga. No es necesario terminar todo el curso de 8 horas de una sola vez, a menos que as\u00ed lo desees.<\/p>\n<p>Al finalizar, recibir\u00e1 inmediatamente un enlace para descargar o imprimir su Certificado de finalizaci\u00f3n. Este certificado sirve como prueba de la finalizaci\u00f3n del curso y puede presentarse ante el tribunal o su compa\u00f1\u00eda de seguros seg\u00fan sea necesario. Tambi\u00e9n ofrecemos repeticiones ilimitadas sin cargos adicionales, lo que garantiza que aproveches al m\u00e1ximo nuestro curso.<\/p>\n<p>Reg\u00edstrese hoy y comience su viaje hacia una conducci\u00f3n responsable. Nuestros especialistas de servicio al cliente siempre est\u00e1n disponibles los 7 d\u00edas de la semana para responder todas sus preguntas. Ya sea que necesite ayuda para navegar por el curso o tenga preguntas sobre el material, estamos aqu\u00ed para ayudarlo.<\/p>\n<p>Obtenga m\u00e1s informaci\u00f3n sobre las regulaciones de DUI en el <a href=\"https:\/\/www.cityofnorthlasvegas.com\/residents\/municipal-court?locale=en\" target=\"_new\" rel=\"noopener\">Tribunal Municipal del Norte de Las Vegas<\/a> o el <a href=\"https:\/\/dmvnv.com\/\" target=\"_new\" rel=\"noopener\">DMV de Nevada<\/a>.<\/p>","protected":false},"excerpt":{"rendered":"<p>Su curso en l\u00ednea para educaci\u00f3n sobre DUI Bienvenido a la escuela 702 DUI, donde nuestro curso de DUI en North Las Vegas ofrece una experiencia integral de aprendizaje en l\u00ednea para los residentes de North Las Vegas. Este programa brinda educaci\u00f3n esencial sobre las leyes de DUI de Nevada y pr\u00e1cticas de conducci\u00f3n responsable, adecuada para quienes enfrentan cargos de DUI. \u00bfPor qu\u00e9 elegir nuestro curso de DUI? Nuestro [\u2026]<\/p>","protected":false},"author":1,"featured_media":0,"parent":0,"menu_order":0,"comment_status":"closed","ping_status":"closed","template":"","meta":{"footnotes":""},"class_list":["post-856","page","type-page","status-publish","hentry"],"yoast_head":"<!-- This site is optimized with the Yoast SEO Premium plugin v26.7 (Yoast SEO v26.7) - https:\/\/yoast.com\/wordpress\/plugins\/seo\/ -->\n<title>North Las Vegas DUI - Online Course | 702 DUI SchooL<\/title>\n<meta name=\"description\" content=\"Join our North Las Vegas DUI online course for in-depth DUI law education. Flexible, accessible, and tailored for North Las Vegas residents.\" \/>\n<meta name=\"robots\" content=\"index, follow, max-snippet:-1, max-image-preview:large, max-video-preview:-1\" \/>\n<link rel=\"canonical\" href=\"https:\/\/www.702duischool.com\/es\/north-las-vegas-dui-school\/\" \/>\n<meta property=\"og:locale\" content=\"es_MX\" \/>\n<meta property=\"og:type\" content=\"article\" \/>\n<meta property=\"og:title\" content=\"North Las Vegas Municipal Court\" \/>\n<meta property=\"og:description\" content=\"Join our North Las Vegas DUI online course for in-depth DUI law education. Flexible, accessible, and tailored for North Las Vegas residents.\" \/>\n<meta property=\"og:url\" content=\"https:\/\/www.702duischool.com\/es\/north-las-vegas-dui-school\/\" \/>\n<meta property=\"og:site_name\" content=\"702 DUI School - Your Online DUI Course in Las Vegas Nevada\" \/>\n<meta property=\"article:modified_time\" content=\"2025-01-02T09:05:50+00:00\" \/>\n<meta property=\"og:image\" content=\"https:\/\/www.702duischool.com\/wp-content\/uploads\/2016\/07\/42-19927120-1024x681.jpg\" \/>\n\t<meta property=\"og:image:width\" content=\"1024\" \/>\n\t<meta property=\"og:image:height\" content=\"681\" \/>\n\t<meta property=\"og:image:type\" content=\"image\/jpeg\" \/>\n<meta name=\"twitter:card\" content=\"summary_large_image\" \/>\n<meta name=\"twitter:label1\" content=\"Tiempo de lectura\" \/>\n\t<meta name=\"twitter:data1\" content=\"3 minutos\" \/>\n<script type=\"application\/ld+json\" class=\"yoast-schema-graph\">{\"@context\":\"https:\/\/schema.org\",\"@graph\":[{\"@type\":\"WebPage\",\"@id\":\"https:\/\/www.702duischool.com\/north-las-vegas-dui-school\/\",\"url\":\"https:\/\/www.702duischool.com\/north-las-vegas-dui-school\/\",\"name\":\"North Las Vegas DUI - Online Course | 702 DUI SchooL\",\"isPartOf\":{\"@id\":\"https:\/\/www.702duischool.com\/#website\"},\"primaryImageOfPage\":{\"@id\":\"https:\/\/www.702duischool.com\/north-las-vegas-dui-school\/#primaryimage\"},\"image\":{\"@id\":\"https:\/\/www.702duischool.com\/north-las-vegas-dui-school\/#primaryimage\"},\"thumbnailUrl\":\"https:\/\/www.702duischool.com\/wp-content\/uploads\/2016\/07\/42-19927120-1024x681.jpg\",\"datePublished\":\"2016-09-02T03:00:06+00:00\",\"dateModified\":\"2025-01-02T09:05:50+00:00\",\"description\":\"Join our North Las Vegas DUI online course for in-depth DUI law education. Flexible, accessible, and tailored for North Las Vegas residents.\",\"breadcrumb\":{\"@id\":\"https:\/\/www.702duischool.com\/north-las-vegas-dui-school\/#breadcrumb\"},\"inLanguage\":\"es\",\"potentialAction\":[{\"@type\":\"ReadAction\",\"target\":[\"https:\/\/www.702duischool.com\/north-las-vegas-dui-school\/\"]}]},{\"@type\":\"ImageObject\",\"inLanguage\":\"es\",\"@id\":\"https:\/\/www.702duischool.com\/north-las-vegas-dui-school\/#primaryimage\",\"url\":\"https:\/\/www.702duischool.com\/wp-content\/uploads\/2016\/07\/42-19927120-1024x681.jpg\",\"contentUrl\":\"https:\/\/www.702duischool.com\/wp-content\/uploads\/2016\/07\/42-19927120-1024x681.jpg\"},{\"@type\":\"BreadcrumbList\",\"@id\":\"https:\/\/www.702duischool.com\/north-las-vegas-dui-school\/#breadcrumb\",\"itemListElement\":[{\"@type\":\"ListItem\",\"position\":1,\"name\":\"Home\",\"item\":\"https:\/\/www.702duischool.com\/\"},{\"@type\":\"ListItem\",\"position\":2,\"name\":\"North Las Vegas Municipal Court\"}]},{\"@type\":\"WebSite\",\"@id\":\"https:\/\/www.702duischool.com\/#website\",\"url\":\"https:\/\/www.702duischool.com\/\",\"name\":\"702 DUI School - Your Online DUI Course in Las Vegas Nevada\",\"description\":\"Comprehensive, Convenient, Certified: Your Nevada Online DUI School\",\"publisher\":{\"@id\":\"https:\/\/www.702duischool.com\/#organization\"},\"potentialAction\":[{\"@type\":\"SearchAction\",\"target\":{\"@type\":\"EntryPoint\",\"urlTemplate\":\"https:\/\/www.702duischool.com\/?s={search_term_string}\"},\"query-input\":{\"@type\":\"PropertyValueSpecification\",\"valueRequired\":true,\"valueName\":\"search_term_string\"}}],\"inLanguage\":\"es\"},{\"@type\":\"Organization\",\"@id\":\"https:\/\/www.702duischool.com\/#organization\",\"name\":\"702 Onlie Schools, LLC\",\"alternateName\":\"702DUISchool.com\",\"url\":\"https:\/\/www.702duischool.com\/\",\"logo\":{\"@type\":\"ImageObject\",\"inLanguage\":\"es\",\"@id\":\"https:\/\/www.702duischool.com\/#\/schema\/logo\/image\/\",\"url\":\"https:\/\/www.702duischool.com\/wp-content\/uploads\/2025\/10\/702-dui-school-nevada-logo-e1761216795683.png\",\"contentUrl\":\"https:\/\/www.702duischool.com\/wp-content\/uploads\/2025\/10\/702-dui-school-nevada-logo-e1761216795683.png\",\"width\":489,\"height\":600,\"caption\":\"702 Onlie Schools, LLC\"},\"image\":{\"@id\":\"https:\/\/www.702duischool.com\/#\/schema\/logo\/image\/\"},\"sameAs\":[\"https:\/\/www.linkedin.com\/company\/702duischool\/\"]}]}<\/script>\n<!-- \/ Yoast SEO Premium plugin. -->","yoast_head_json":{"title":"Curso en l\u00ednea sobre DUI en North Las Vegas | Escuela de DUI 702","description":"\u00danase a nuestro curso en l\u00ednea sobre DUI en North Las Vegas para obtener una formaci\u00f3n exhaustiva sobre la ley. Flexible, accesible y adaptado a los residentes de North Las Vegas.","robots":{"index":"index","follow":"follow","max-snippet":"max-snippet:-1","max-image-preview":"max-image-preview:large","max-video-preview":"max-video-preview:-1"},"canonical":"https:\/\/www.702duischool.com\/es\/north-las-vegas-dui-school\/","og_locale":"es_MX","og_type":"article","og_title":"North Las Vegas Municipal Court","og_description":"Join our North Las Vegas DUI online course for in-depth DUI law education. Flexible, accessible, and tailored for North Las Vegas residents.","og_url":"https:\/\/www.702duischool.com\/es\/north-las-vegas-dui-school\/","og_site_name":"702 DUI School - Your Online DUI Course in Las Vegas Nevada","article_modified_time":"2025-01-02T09:05:50+00:00","og_image":[{"width":1024,"height":681,"url":"https:\/\/www.702duischool.com\/wp-content\/uploads\/2016\/07\/42-19927120-1024x681.jpg","type":"image\/jpeg"}],"twitter_card":"summary_large_image","twitter_misc":{"Tiempo de lectura":"3 minutos"},"schema":{"@context":"https:\/\/schema.org","@graph":[{"@type":"WebPage","@id":"https:\/\/www.702duischool.com\/north-las-vegas-dui-school\/","url":"https:\/\/www.702duischool.com\/north-las-vegas-dui-school\/","name":"Curso en l\u00ednea sobre DUI en North Las Vegas | Escuela de DUI 702","isPartOf":{"@id":"https:\/\/www.702duischool.com\/#website"},"primaryImageOfPage":{"@id":"https:\/\/www.702duischool.com\/north-las-vegas-dui-school\/#primaryimage"},"image":{"@id":"https:\/\/www.702duischool.com\/north-las-vegas-dui-school\/#primaryimage"},"thumbnailUrl":"https:\/\/www.702duischool.com\/wp-content\/uploads\/2016\/07\/42-19927120-1024x681.jpg","datePublished":"2016-09-02T03:00:06+00:00","dateModified":"2025-01-02T09:05:50+00:00","description":"\u00danase a nuestro curso en l\u00ednea sobre DUI en North Las Vegas para obtener una formaci\u00f3n exhaustiva sobre la ley. Flexible, accesible y adaptado a los residentes de North Las Vegas.","breadcrumb":{"@id":"https:\/\/www.702duischool.com\/north-las-vegas-dui-school\/#breadcrumb"},"inLanguage":"es","potentialAction":[{"@type":"ReadAction","target":["https:\/\/www.702duischool.com\/north-las-vegas-dui-school\/"]}]},{"@type":"ImageObject","inLanguage":"es","@id":"https:\/\/www.702duischool.com\/north-las-vegas-dui-school\/#primaryimage","url":"https:\/\/www.702duischool.com\/wp-content\/uploads\/2016\/07\/42-19927120-1024x681.jpg","contentUrl":"https:\/\/www.702duischool.com\/wp-content\/uploads\/2016\/07\/42-19927120-1024x681.jpg"},{"@type":"BreadcrumbList","@id":"https:\/\/www.702duischool.com\/north-las-vegas-dui-school\/#breadcrumb","itemListElement":[{"@type":"ListItem","position":1,"name":"Home","item":"https:\/\/www.702duischool.com\/"},{"@type":"ListItem","position":2,"name":"North Las Vegas Municipal Court"}]},{"@type":"WebSite","@id":"https:\/\/www.702duischool.com\/#website","url":"https:\/\/www.702duischool.com\/","name":"Escuela 702 DUI: su curso de DUI en l\u00ednea en Las Vegas Nevada","description":"Integral, conveniente y certificada: su escuela de DUI en l\u00ednea de Nevada","publisher":{"@id":"https:\/\/www.702duischool.com\/#organization"},"potentialAction":[{"@type":"SearchAction","target":{"@type":"EntryPoint","urlTemplate":"https:\/\/www.702duischool.com\/?s={search_term_string}"},"query-input":{"@type":"PropertyValueSpecification","valueRequired":true,"valueName":"search_term_string"}}],"inLanguage":"es"},{"@type":"Organization","@id":"https:\/\/www.702duischool.com\/#organization","name":"702 Escuelas en l\u00ednea, LLC","alternateName":"702DUISchool.com","url":"https:\/\/www.702duischool.com\/","logo":{"@type":"ImageObject","inLanguage":"es","@id":"https:\/\/www.702duischool.com\/#\/schema\/logo\/image\/","url":"https:\/\/www.702duischool.com\/wp-content\/uploads\/2025\/10\/702-dui-school-nevada-logo-e1761216795683.png","contentUrl":"https:\/\/www.702duischool.com\/wp-content\/uploads\/2025\/10\/702-dui-school-nevada-logo-e1761216795683.png","width":489,"height":600,"caption":"702 Onlie Schools, LLC"},"image":{"@id":"https:\/\/www.702duischool.com\/#\/schema\/logo\/image\/"},"sameAs":["https:\/\/www.linkedin.com\/company\/702duischool\/"]}]}},"_links":{"self":[{"href":"https:\/\/www.702duischool.com\/es\/wp-json\/wp\/v2\/pages\/856","targetHints":{"allow":["GET"]}}],"collection":[{"href":"https:\/\/www.702duischool.com\/es\/wp-json\/wp\/v2\/pages"}],"about":[{"href":"https:\/\/www.702duischool.com\/es\/wp-json\/wp\/v2\/types\/page"}],"author":[{"embeddable":true,"href":"https:\/\/www.702duischool.com\/es\/wp-json\/wp\/v2\/users\/1"}],"replies":[{"embeddable":true,"href":"https:\/\/www.702duischool.com\/es\/wp-json\/wp\/v2\/comments?post=856"}],"version-history":[{"count":6,"href":"https:\/\/www.702duischool.com\/es\/wp-json\/wp\/v2\/pages\/856\/revisions"}],"predecessor-version":[{"id":4737,"href":"https:\/\/www.702duischool.com\/es\/wp-json\/wp\/v2\/pages\/856\/revisions\/4737"}],"wp:attachment":[{"href":"https:\/\/www.702duischool.com\/es\/wp-json\/wp\/v2\/media?parent=856"}],"curies":[{"name":"gracias","href":"https:\/\/api.w.org\/{rel}","templated":true}]}}