{"id":852,"date":"2016-09-02T02:53:29","date_gmt":"2016-09-02T02:53:29","guid":{"rendered":"https:\/\/www.702duischool.com\/?page_id=852"},"modified":"2024-01-29T21:25:26","modified_gmt":"2024-01-29T21:25:26","slug":"lv-justice-dui-class","status":"publish","type":"page","link":"https:\/\/www.702duischool.com\/es\/lv-justice-dui-class\/","title":{"rendered":"Tribunal de Justicia de Las Vegas"},"content":{"rendered":"<div class=\"wp-block-media-text is-stacked-on-mobile\"><figure class=\"wp-block-media-text__media\"><img loading=\"lazy\" decoding=\"async\" width=\"1024\" height=\"740\" src=\"https:\/\/www.702duischool.com\/wp-content\/uploads\/2016\/03\/AdobeStock_321856721-1024x740.jpeg\" alt=\"LV Justice DUI Class\" class=\"wp-image-2372 size-full\" srcset=\"https:\/\/www.702duischool.com\/wp-content\/uploads\/2016\/03\/AdobeStock_321856721-1024x740.jpeg 1024w, https:\/\/www.702duischool.com\/wp-content\/uploads\/2016\/03\/AdobeStock_321856721-300x217.jpeg 300w, https:\/\/www.702duischool.com\/wp-content\/uploads\/2016\/03\/AdobeStock_321856721-768x555.jpeg 768w, https:\/\/www.702duischool.com\/wp-content\/uploads\/2016\/03\/AdobeStock_321856721-1536x1111.jpeg 1536w, https:\/\/www.702duischool.com\/wp-content\/uploads\/2016\/03\/AdobeStock_321856721-2048x1481.jpeg 2048w, https:\/\/www.702duischool.com\/wp-content\/uploads\/2016\/03\/AdobeStock_321856721-18x12.jpeg 18w\" sizes=\"auto, (max-width: 1024px) 100vw, 1024px\" \/><\/figure><div class=\"wp-block-media-text__content\">\n<p>Clase de DUI de LV Justice<p style=\"border: 0px solid rgb(217, 217, 227); box-sizing: border-box; --tw-border-spacing-x: 0; --tw-border-spacing-y: 0; --tw-translate-x: 0; --tw-translate-y: 0; --tw-rotate: 0; --tw-skew-x: 0; --tw-skew-y: 0; --tw-scale-x: 1; --tw-scale-y: 1; --tw-pan-x: ; --tw-pan-y: ; --tw-pinch-zoom: ; --tw-scroll-snap-strictness: proximity; --tw-gradient-from-position: ; --tw-gradient-via-position: ; --tw-gradient-to-position: ; --tw-ordinal: ; --tw-slashed-zero: ; --tw-numeric-figure: ; --tw-numeric-spacing: ; --tw-numeric-fraction: ; --tw-ring-inset: ; --tw-ring-offset-width: 0px; --tw-ring-offset-color: #fff; --tw-ring-color: rgba(69,89,164,.5); --tw-ring-offset-shadow: 0 0 transparent; --tw-ring-shadow: 0 0 transparent; --tw-shadow: 0 0 transparent; --tw-shadow-colored: 0 0 transparent; --tw-blur: ; --tw-brightness: ; --tw-contrast: ; --tw-grayscale: ; --tw-hue-rotate: ; --tw-invert: ; --tw-saturate: ; --tw-sepia: ; --tw-drop-shadow: ; --tw-backdrop-blur: ; --tw-backdrop-brightness: ; --tw-backdrop-contrast: ; --tw-backdrop-grayscale: ; --tw-backdrop-hue-rotate: ; --tw-backdrop-invert: ; --tw-backdrop-opacity: ; --tw-backdrop-saturate: ; --tw-backdrop-sepia: ; margin-right: 0px; margin-bottom: 1.25em; margin-left: 0px; color: rgb(55, 65, 81); font-family: S\u00f6hne, ui-sans-serif, system-ui, -apple-system, &quot;Segoe UI&quot;, Roboto, Ubuntu, Cantarell, &quot;Noto Sans&quot;, sans-serif, &quot;Helvetica Neue&quot;, Arial, &quot;Apple Color Emoji&quot;, &quot;Segoe UI Emoji&quot;, &quot;Segoe UI Symbol&quot;, &quot;Noto Color Emoji&quot;; font-size: 16px;\"><span style=\"border: 0px solid rgb(217, 217, 227); box-sizing: border-box; --tw-border-spacing-x: 0; --tw-border-spacing-y: 0; --tw-translate-x: 0; --tw-translate-y: 0; --tw-rotate: 0; --tw-skew-x: 0; --tw-skew-y: 0; --tw-scale-x: 1; --tw-scale-y: 1; --tw-pan-x: ; --tw-pan-y: ; --tw-pinch-zoom: ; --tw-scroll-snap-strictness: proximity; --tw-gradient-from-position: ; --tw-gradient-via-position: ; --tw-gradient-to-position: ; --tw-ordinal: ; --tw-slashed-zero: ; --tw-numeric-figure: ; --tw-numeric-spacing: ; --tw-numeric-fraction: ; --tw-ring-inset: ; --tw-ring-offset-width: 0px; --tw-ring-offset-color: #fff; --tw-ring-color: rgba(69,89,164,.5); --tw-ring-offset-shadow: 0 0 transparent; --tw-ring-shadow: 0 0 transparent; --tw-shadow: 0 0 transparent; --tw-shadow-colored: 0 0 transparent; --tw-blur: ; --tw-brightness: ; --tw-contrast: ; --tw-grayscale: ; --tw-hue-rotate: ; --tw-invert: ; --tw-saturate: ; --tw-sepia: ; --tw-drop-shadow: ; --tw-backdrop-blur: ; --tw-backdrop-brightness: ; --tw-backdrop-contrast: ; --tw-backdrop-grayscale: ; --tw-backdrop-hue-rotate: ; --tw-backdrop-invert: ; --tw-backdrop-opacity: ; --tw-backdrop-saturate: ; --tw-backdrop-sepia: ; font-weight: 600; color: var(--tw-prose-bold);\">Su camino hacia el cumplimiento en Las Vegas<\/span><\/p><\/p>\n\n\n\n<p><p style=\"border: 0px solid rgb(217, 217, 227); box-sizing: border-box; --tw-border-spacing-x: 0; --tw-border-spacing-y: 0; --tw-translate-x: 0; --tw-translate-y: 0; --tw-rotate: 0; --tw-skew-x: 0; --tw-skew-y: 0; --tw-scale-x: 1; --tw-scale-y: 1; --tw-pan-x: ; --tw-pan-y: ; --tw-pinch-zoom: ; --tw-scroll-snap-strictness: proximity; --tw-gradient-from-position: ; --tw-gradient-via-position: ; --tw-gradient-to-position: ; --tw-ordinal: ; --tw-slashed-zero: ; --tw-numeric-figure: ; --tw-numeric-spacing: ; --tw-numeric-fraction: ; --tw-ring-inset: ; --tw-ring-offset-width: 0px; --tw-ring-offset-color: #fff; --tw-ring-color: rgba(69,89,164,.5); --tw-ring-offset-shadow: 0 0 transparent; --tw-ring-shadow: 0 0 transparent; --tw-shadow: 0 0 transparent; --tw-shadow-colored: 0 0 transparent; --tw-blur: ; --tw-brightness: ; --tw-contrast: ; --tw-grayscale: ; --tw-hue-rotate: ; --tw-invert: ; --tw-saturate: ; --tw-sepia: ; --tw-drop-shadow: ; --tw-backdrop-blur: ; --tw-backdrop-brightness: ; --tw-backdrop-contrast: ; --tw-backdrop-grayscale: ; --tw-backdrop-hue-rotate: ; --tw-backdrop-invert: ; --tw-backdrop-opacity: ; --tw-backdrop-saturate: ; --tw-backdrop-sepia: ; margin-right: 0px; margin-bottom: 1.25em; margin-left: 0px; color: rgb(55, 65, 81); font-family: S\u00f6hne, ui-sans-serif, system-ui, -apple-system, &quot;Segoe UI&quot;, Roboto, Ubuntu, Cantarell, &quot;Noto Sans&quot;, sans-serif, &quot;Helvetica Neue&quot;, Arial, &quot;Apple Color Emoji&quot;, &quot;Segoe UI Emoji&quot;, &quot;Segoe UI Symbol&quot;, &quot;Noto Color Emoji&quot;; font-size: 16px;\">Bienvenido a 702 DUI School, donde nuestra clase LV Justice DUI ofrece una experiencia de aprendizaje en l\u00ednea especializada dise\u00f1ada para el Tribunal de Justicia de Las Vegas. Este curso est\u00e1 dise\u00f1ado para personas en Las Vegas que enfrentan cargos de DUI y brinda un plan de estudios accesible e integral que se enfoca en las leyes de DUI de Nevada y las pr\u00e1cticas de conducci\u00f3n responsable.<\/p><\/p>\n\n\n\n<p><p style=\"border: 0px solid rgb(217, 217, 227); box-sizing: border-box; --tw-border-spacing-x: 0; --tw-border-spacing-y: 0; --tw-translate-x: 0; --tw-translate-y: 0; --tw-rotate: 0; --tw-skew-x: 0; --tw-skew-y: 0; --tw-scale-x: 1; --tw-scale-y: 1; --tw-pan-x: ; --tw-pan-y: ; --tw-pinch-zoom: ; --tw-scroll-snap-strictness: proximity; --tw-gradient-from-position: ; --tw-gradient-via-position: ; --tw-gradient-to-position: ; --tw-ordinal: ; --tw-slashed-zero: ; --tw-numeric-figure: ; --tw-numeric-spacing: ; --tw-numeric-fraction: ; --tw-ring-inset: ; --tw-ring-offset-width: 0px; --tw-ring-offset-color: #fff; --tw-ring-color: rgba(69,89,164,.5); --tw-ring-offset-shadow: 0 0 transparent; --tw-ring-shadow: 0 0 transparent; --tw-shadow: 0 0 transparent; --tw-shadow-colored: 0 0 transparent; --tw-blur: ; --tw-brightness: ; --tw-contrast: ; --tw-grayscale: ; --tw-hue-rotate: ; --tw-invert: ; --tw-saturate: ; --tw-sepia: ; --tw-drop-shadow: ; --tw-backdrop-blur: ; --tw-backdrop-brightness: ; --tw-backdrop-contrast: ; --tw-backdrop-grayscale: ; --tw-backdrop-hue-rotate: ; --tw-backdrop-invert: ; --tw-backdrop-opacity: ; --tw-backdrop-saturate: ; --tw-backdrop-sepia: ; margin-right: 0px; margin-bottom: 1.25em; margin-left: 0px; color: rgb(55, 65, 81); font-family: S\u00f6hne, ui-sans-serif, system-ui, -apple-system, &quot;Segoe UI&quot;, Roboto, Ubuntu, Cantarell, &quot;Noto Sans&quot;, sans-serif, &quot;Helvetica Neue&quot;, Arial, &quot;Apple Color Emoji&quot;, &quot;Segoe UI Emoji&quot;, &quot;Segoe UI Symbol&quot;, &quot;Noto Color Emoji&quot;; font-size: 16px;\"><span style=\"border: 0px solid rgb(217, 217, 227); box-sizing: border-box; --tw-border-spacing-x: 0; --tw-border-spacing-y: 0; --tw-translate-x: 0; --tw-translate-y: 0; --tw-rotate: 0; --tw-skew-x: 0; --tw-skew-y: 0; --tw-scale-x: 1; --tw-scale-y: 1; --tw-pan-x: ; --tw-pan-y: ; --tw-pinch-zoom: ; --tw-scroll-snap-strictness: proximity; --tw-gradient-from-position: ; --tw-gradient-via-position: ; --tw-gradient-to-position: ; --tw-ordinal: ; --tw-slashed-zero: ; --tw-numeric-figure: ; --tw-numeric-spacing: ; --tw-numeric-fraction: ; --tw-ring-inset: ; --tw-ring-offset-width: 0px; --tw-ring-offset-color: #fff; --tw-ring-color: rgba(69,89,164,.5); --tw-ring-offset-shadow: 0 0 transparent; --tw-ring-shadow: 0 0 transparent; --tw-shadow: 0 0 transparent; --tw-shadow-colored: 0 0 transparent; --tw-blur: ; --tw-brightness: ; --tw-contrast: ; --tw-grayscale: ; --tw-hue-rotate: ; --tw-invert: ; --tw-saturate: ; --tw-sepia: ; --tw-drop-shadow: ; --tw-backdrop-blur: ; --tw-backdrop-brightness: ; --tw-backdrop-contrast: ; --tw-backdrop-grayscale: ; --tw-backdrop-hue-rotate: ; --tw-backdrop-invert: ; --tw-backdrop-opacity: ; --tw-backdrop-saturate: ; --tw-backdrop-sepia: ; font-weight: 600; color: var(--tw-prose-bold);\">\u00bfPor qu\u00e9 elegir nuestra clase de DUI de LV Justice?<\/span><\/p><\/p>\n\n\n\n<p><p style=\"border: 0px solid rgb(217, 217, 227); box-sizing: border-box; --tw-border-spacing-x: 0; --tw-border-spacing-y: 0; --tw-translate-x: 0; --tw-translate-y: 0; --tw-rotate: 0; --tw-skew-x: 0; --tw-skew-y: 0; --tw-scale-x: 1; --tw-scale-y: 1; --tw-pan-x: ; --tw-pan-y: ; --tw-pinch-zoom: ; --tw-scroll-snap-strictness: proximity; --tw-gradient-from-position: ; --tw-gradient-via-position: ; --tw-gradient-to-position: ; --tw-ordinal: ; --tw-slashed-zero: ; --tw-numeric-figure: ; --tw-numeric-spacing: ; --tw-numeric-fraction: ; --tw-ring-inset: ; --tw-ring-offset-width: 0px; --tw-ring-offset-color: #fff; --tw-ring-color: rgba(69,89,164,.5); --tw-ring-offset-shadow: 0 0 transparent; --tw-ring-shadow: 0 0 transparent; --tw-shadow: 0 0 transparent; --tw-shadow-colored: 0 0 transparent; --tw-blur: ; --tw-brightness: ; --tw-contrast: ; --tw-grayscale: ; --tw-hue-rotate: ; --tw-invert: ; --tw-saturate: ; --tw-sepia: ; --tw-drop-shadow: ; --tw-backdrop-blur: ; --tw-backdrop-brightness: ; --tw-backdrop-contrast: ; --tw-backdrop-grayscale: ; --tw-backdrop-hue-rotate: ; --tw-backdrop-invert: ; --tw-backdrop-opacity: ; --tw-backdrop-saturate: ; --tw-backdrop-sepia: ; margin-right: 0px; margin-bottom: 1.25em; margin-left: 0px; color: rgb(55, 65, 81); font-family: S\u00f6hne, ui-sans-serif, system-ui, -apple-system, &quot;Segoe UI&quot;, Roboto, Ubuntu, Cantarell, &quot;Noto Sans&quot;, sans-serif, &quot;Helvetica Neue&quot;, Arial, &quot;Apple Color Emoji&quot;, &quot;Segoe UI Emoji&quot;, &quot;Segoe UI Symbol&quot;, &quot;Noto Color Emoji&quot;; font-size: 16px;\">Elegir la clase de DUI de LV Justice significa optar por un curso que no s\u00f3lo cumple con los requisitos legales sino que tambi\u00e9n imparte valiosos conocimientos y habilidades para una conducci\u00f3n m\u00e1s segura. El plan de estudios est\u00e1 meticulosamente elaborado para cubrir todos los aspectos cr\u00edticos de las leyes de DUI en Nevada, enfatizando los efectos del alcohol y las drogas en la capacidad de conducir y los procesos de toma de decisiones.<\/p><\/p>\n<\/div><\/div>\n\n\n\n<p><strong>Estructura flexible del curso en l\u00ednea<\/strong><\/p>\n\n\n\n<p>Al comprender la necesidad de comodidad, nuestra clase de DUI de Las Vegas Justice est\u00e1 estructurada para adaptarse a su apretada agenda. El formato en l\u00ednea le permite completar el curso a su propio ritmo, lo que garantiza que pueda gestionar sus obligaciones legales sin interrumpir su rutina diaria.<\/p>\n\n\n\n<p><strong>Experiencia de aprendizaje atractiva e interactiva<\/strong><\/p>\n\n\n\n<p>Nuestro curso est\u00e1 dise\u00f1ado para ser atractivo e informativo. Los m\u00f3dulos interactivos de la clase DUI de LV Justice hacen que el aprendizaje sobre las leyes de DUI y las pr\u00e1cticas de conducci\u00f3n segura sea efectivo e interesante. Nos enfocamos en brindarle el conocimiento y las habilidades para prevenir futuros incidentes de DUI.<\/p>\n\n\n\n<p><strong>Soporte y recursos integrales<\/strong><\/p>\n\n\n\n<p>A medida que se embarca en su clase de DUI de LV Justice, encontrar\u00e1 apoyo y recursos integrales en cada paso. Nuestro equipo est\u00e1 dedicado a garantizar su \u00e9xito, ofreciendo asistencia con el material del curso, problemas t\u00e9cnicos o cualquier pregunta que pueda tener. Este compromiso de apoyo se extiende m\u00e1s all\u00e1 del simple cumplimiento de los requisitos del curso; se trata de proporcionar una base para pr\u00e1cticas de conducci\u00f3n segura a largo plazo y conciencia legal. Al unirse a nuestra Clase de DUI de Justicia de Las Vegas en l\u00ednea, no solo se est\u00e1 preparando para cumplir con los mandatos judiciales, sino que tambi\u00e9n est\u00e1 ganando un socio en su viaje hacia una conducci\u00f3n responsable e informada en Las Vegas.<\/p>\n\n\n\n<p><strong>Comience su viaje hacia la conducci\u00f3n responsable<\/strong><\/p>\n\n\n\n<p>Inscr\u00edbase hoy en la Clase de DUI de Justicia de Las Vegas y d\u00e9 un paso importante hacia el cumplimiento de los requisitos judiciales. Con 702 DUI School, no s\u00f3lo est\u00e1s cumpliendo con los mandatos judiciales; tambi\u00e9n est\u00e1 contribuyendo a pr\u00e1cticas de conducci\u00f3n m\u00e1s seguras en la comunidad de Las Vegas.<\/p>","protected":false},"excerpt":{"rendered":"<p>Clase de DUI de LV Justice Su camino hacia el cumplimiento en Las Vegas Bienvenido a la Escuela 702 DUI, donde nuestra clase de DUI de LV Justice ofrece una experiencia de aprendizaje en l\u00ednea especializada dise\u00f1ada para el Tribunal de Justicia de Las Vegas. Este curso est\u00e1 dise\u00f1ado para personas en Las Vegas que enfrentan cargos de DUI y brinda un plan de estudios integral y accesible que se enfoca en [\u2026]<\/p>","protected":false},"author":1,"featured_media":0,"parent":0,"menu_order":0,"comment_status":"closed","ping_status":"closed","template":"","meta":{"footnotes":""},"class_list":["post-852","page","type-page","status-publish","hentry"],"yoast_head":"<!-- This site is optimized with the Yoast SEO Premium plugin v26.7 (Yoast SEO v26.7) - https:\/\/yoast.com\/wordpress\/plugins\/seo\/ -->\n<title>LV Justice DUI Class - Online Course for Las Vegas<\/title>\n<meta name=\"description\" content=\"Enroll in our LV Justice DUI Class to meet Las Vegas Justice Court requirements. Complete your DUI course online with ease and flexibility.\" \/>\n<meta name=\"robots\" content=\"index, follow, max-snippet:-1, max-image-preview:large, max-video-preview:-1\" \/>\n<link rel=\"canonical\" href=\"https:\/\/www.702duischool.com\/es\/lv-justice-dui-class\/\" \/>\n<meta property=\"og:locale\" content=\"es_MX\" \/>\n<meta property=\"og:type\" content=\"article\" \/>\n<meta property=\"og:title\" content=\"Las Vegas Justice Court\" \/>\n<meta property=\"og:description\" content=\"Enroll in our LV Justice DUI Class to meet Las Vegas Justice Court requirements. Complete your DUI course online with ease and flexibility.\" \/>\n<meta property=\"og:url\" content=\"https:\/\/www.702duischool.com\/es\/lv-justice-dui-class\/\" \/>\n<meta property=\"og:site_name\" content=\"702 DUI School - Your Online DUI Course in Las Vegas Nevada\" \/>\n<meta property=\"article:modified_time\" content=\"2024-01-29T21:25:26+00:00\" \/>\n<meta property=\"og:image\" content=\"https:\/\/www.702duischool.com\/wp-content\/uploads\/2016\/03\/AdobeStock_321856721-1024x740.jpeg\" \/>\n<meta name=\"twitter:card\" content=\"summary_large_image\" \/>\n<meta name=\"twitter:label1\" content=\"Tiempo de lectura\" \/>\n\t<meta name=\"twitter:data1\" content=\"2 minutos\" \/>\n<script type=\"application\/ld+json\" class=\"yoast-schema-graph\">{\"@context\":\"https:\/\/schema.org\",\"@graph\":[{\"@type\":\"WebPage\",\"@id\":\"https:\/\/www.702duischool.com\/lv-justice-dui-class\/\",\"url\":\"https:\/\/www.702duischool.com\/lv-justice-dui-class\/\",\"name\":\"LV Justice DUI Class - Online Course for Las Vegas\",\"isPartOf\":{\"@id\":\"https:\/\/www.702duischool.com\/#website\"},\"primaryImageOfPage\":{\"@id\":\"https:\/\/www.702duischool.com\/lv-justice-dui-class\/#primaryimage\"},\"image\":{\"@id\":\"https:\/\/www.702duischool.com\/lv-justice-dui-class\/#primaryimage\"},\"thumbnailUrl\":\"https:\/\/www.702duischool.com\/wp-content\/uploads\/2016\/03\/AdobeStock_321856721-1024x740.jpeg\",\"datePublished\":\"2016-09-02T02:53:29+00:00\",\"dateModified\":\"2024-01-29T21:25:26+00:00\",\"description\":\"Enroll in our LV Justice DUI Class to meet Las Vegas Justice Court requirements. Complete your DUI course online with ease and flexibility.\",\"breadcrumb\":{\"@id\":\"https:\/\/www.702duischool.com\/lv-justice-dui-class\/#breadcrumb\"},\"inLanguage\":\"es\",\"potentialAction\":[{\"@type\":\"ReadAction\",\"target\":[\"https:\/\/www.702duischool.com\/lv-justice-dui-class\/\"]}]},{\"@type\":\"ImageObject\",\"inLanguage\":\"es\",\"@id\":\"https:\/\/www.702duischool.com\/lv-justice-dui-class\/#primaryimage\",\"url\":\"https:\/\/www.702duischool.com\/wp-content\/uploads\/2016\/03\/AdobeStock_321856721-1024x740.jpeg\",\"contentUrl\":\"https:\/\/www.702duischool.com\/wp-content\/uploads\/2016\/03\/AdobeStock_321856721-1024x740.jpeg\"},{\"@type\":\"BreadcrumbList\",\"@id\":\"https:\/\/www.702duischool.com\/lv-justice-dui-class\/#breadcrumb\",\"itemListElement\":[{\"@type\":\"ListItem\",\"position\":1,\"name\":\"Home\",\"item\":\"https:\/\/www.702duischool.com\/\"},{\"@type\":\"ListItem\",\"position\":2,\"name\":\"Las Vegas Justice Court\"}]},{\"@type\":\"WebSite\",\"@id\":\"https:\/\/www.702duischool.com\/#website\",\"url\":\"https:\/\/www.702duischool.com\/\",\"name\":\"702 DUI School - Your Online DUI Course in Las Vegas Nevada\",\"description\":\"Comprehensive, Convenient, Certified: Your Nevada Online DUI School\",\"publisher\":{\"@id\":\"https:\/\/www.702duischool.com\/#organization\"},\"potentialAction\":[{\"@type\":\"SearchAction\",\"target\":{\"@type\":\"EntryPoint\",\"urlTemplate\":\"https:\/\/www.702duischool.com\/?s={search_term_string}\"},\"query-input\":{\"@type\":\"PropertyValueSpecification\",\"valueRequired\":true,\"valueName\":\"search_term_string\"}}],\"inLanguage\":\"es\"},{\"@type\":\"Organization\",\"@id\":\"https:\/\/www.702duischool.com\/#organization\",\"name\":\"702 Onlie Schools, LLC\",\"alternateName\":\"702DUISchool.com\",\"url\":\"https:\/\/www.702duischool.com\/\",\"logo\":{\"@type\":\"ImageObject\",\"inLanguage\":\"es\",\"@id\":\"https:\/\/www.702duischool.com\/#\/schema\/logo\/image\/\",\"url\":\"https:\/\/www.702duischool.com\/wp-content\/uploads\/2025\/10\/702-dui-school-nevada-logo-e1761216795683.png\",\"contentUrl\":\"https:\/\/www.702duischool.com\/wp-content\/uploads\/2025\/10\/702-dui-school-nevada-logo-e1761216795683.png\",\"width\":489,\"height\":600,\"caption\":\"702 Onlie Schools, LLC\"},\"image\":{\"@id\":\"https:\/\/www.702duischool.com\/#\/schema\/logo\/image\/\"},\"sameAs\":[\"https:\/\/www.linkedin.com\/company\/702duischool\/\"]}]}<\/script>\n<!-- \/ Yoast SEO Premium plugin. -->","yoast_head_json":{"title":"Clase de DUI de LV Justice - Curso en l\u00ednea para Las Vegas","description":"Inscr\u00edbase en nuestro curso de DUI de LV Justice para cumplir con los requisitos del Tribunal de Justicia de Las Vegas. Complete su curso de DUI en l\u00ednea con facilidad y flexibilidad.","robots":{"index":"index","follow":"follow","max-snippet":"max-snippet:-1","max-image-preview":"max-image-preview:large","max-video-preview":"max-video-preview:-1"},"canonical":"https:\/\/www.702duischool.com\/es\/lv-justice-dui-class\/","og_locale":"es_MX","og_type":"article","og_title":"Las Vegas Justice Court","og_description":"Enroll in our LV Justice DUI Class to meet Las Vegas Justice Court requirements. Complete your DUI course online with ease and flexibility.","og_url":"https:\/\/www.702duischool.com\/es\/lv-justice-dui-class\/","og_site_name":"702 DUI School - Your Online DUI Course in Las Vegas Nevada","article_modified_time":"2024-01-29T21:25:26+00:00","og_image":[{"url":"https:\/\/www.702duischool.com\/wp-content\/uploads\/2016\/03\/AdobeStock_321856721-1024x740.jpeg","type":"","width":"","height":""}],"twitter_card":"summary_large_image","twitter_misc":{"Tiempo de lectura":"2 minutos"},"schema":{"@context":"https:\/\/schema.org","@graph":[{"@type":"WebPage","@id":"https:\/\/www.702duischool.com\/lv-justice-dui-class\/","url":"https:\/\/www.702duischool.com\/lv-justice-dui-class\/","name":"Clase de DUI de LV Justice - Curso en l\u00ednea para Las Vegas","isPartOf":{"@id":"https:\/\/www.702duischool.com\/#website"},"primaryImageOfPage":{"@id":"https:\/\/www.702duischool.com\/lv-justice-dui-class\/#primaryimage"},"image":{"@id":"https:\/\/www.702duischool.com\/lv-justice-dui-class\/#primaryimage"},"thumbnailUrl":"https:\/\/www.702duischool.com\/wp-content\/uploads\/2016\/03\/AdobeStock_321856721-1024x740.jpeg","datePublished":"2016-09-02T02:53:29+00:00","dateModified":"2024-01-29T21:25:26+00:00","description":"Inscr\u00edbase en nuestro curso de DUI de LV Justice para cumplir con los requisitos del Tribunal de Justicia de Las Vegas. Complete su curso de DUI en l\u00ednea con facilidad y flexibilidad.","breadcrumb":{"@id":"https:\/\/www.702duischool.com\/lv-justice-dui-class\/#breadcrumb"},"inLanguage":"es","potentialAction":[{"@type":"ReadAction","target":["https:\/\/www.702duischool.com\/lv-justice-dui-class\/"]}]},{"@type":"ImageObject","inLanguage":"es","@id":"https:\/\/www.702duischool.com\/lv-justice-dui-class\/#primaryimage","url":"https:\/\/www.702duischool.com\/wp-content\/uploads\/2016\/03\/AdobeStock_321856721-1024x740.jpeg","contentUrl":"https:\/\/www.702duischool.com\/wp-content\/uploads\/2016\/03\/AdobeStock_321856721-1024x740.jpeg"},{"@type":"BreadcrumbList","@id":"https:\/\/www.702duischool.com\/lv-justice-dui-class\/#breadcrumb","itemListElement":[{"@type":"ListItem","position":1,"name":"Home","item":"https:\/\/www.702duischool.com\/"},{"@type":"ListItem","position":2,"name":"Las Vegas Justice Court"}]},{"@type":"WebSite","@id":"https:\/\/www.702duischool.com\/#website","url":"https:\/\/www.702duischool.com\/","name":"Escuela 702 DUI: su curso de DUI en l\u00ednea en Las Vegas Nevada","description":"Integral, conveniente y certificada: su escuela de DUI en l\u00ednea de Nevada","publisher":{"@id":"https:\/\/www.702duischool.com\/#organization"},"potentialAction":[{"@type":"SearchAction","target":{"@type":"EntryPoint","urlTemplate":"https:\/\/www.702duischool.com\/?s={search_term_string}"},"query-input":{"@type":"PropertyValueSpecification","valueRequired":true,"valueName":"search_term_string"}}],"inLanguage":"es"},{"@type":"Organization","@id":"https:\/\/www.702duischool.com\/#organization","name":"702 Escuelas en l\u00ednea, LLC","alternateName":"702DUISchool.com","url":"https:\/\/www.702duischool.com\/","logo":{"@type":"ImageObject","inLanguage":"es","@id":"https:\/\/www.702duischool.com\/#\/schema\/logo\/image\/","url":"https:\/\/www.702duischool.com\/wp-content\/uploads\/2025\/10\/702-dui-school-nevada-logo-e1761216795683.png","contentUrl":"https:\/\/www.702duischool.com\/wp-content\/uploads\/2025\/10\/702-dui-school-nevada-logo-e1761216795683.png","width":489,"height":600,"caption":"702 Onlie Schools, LLC"},"image":{"@id":"https:\/\/www.702duischool.com\/#\/schema\/logo\/image\/"},"sameAs":["https:\/\/www.linkedin.com\/company\/702duischool\/"]}]}},"_links":{"self":[{"href":"https:\/\/www.702duischool.com\/es\/wp-json\/wp\/v2\/pages\/852","targetHints":{"allow":["GET"]}}],"collection":[{"href":"https:\/\/www.702duischool.com\/es\/wp-json\/wp\/v2\/pages"}],"about":[{"href":"https:\/\/www.702duischool.com\/es\/wp-json\/wp\/v2\/types\/page"}],"author":[{"embeddable":true,"href":"https:\/\/www.702duischool.com\/es\/wp-json\/wp\/v2\/users\/1"}],"replies":[{"embeddable":true,"href":"https:\/\/www.702duischool.com\/es\/wp-json\/wp\/v2\/comments?post=852"}],"version-history":[{"count":4,"href":"https:\/\/www.702duischool.com\/es\/wp-json\/wp\/v2\/pages\/852\/revisions"}],"predecessor-version":[{"id":2535,"href":"https:\/\/www.702duischool.com\/es\/wp-json\/wp\/v2\/pages\/852\/revisions\/2535"}],"wp:attachment":[{"href":"https:\/\/www.702duischool.com\/es\/wp-json\/wp\/v2\/media?parent=852"}],"curies":[{"name":"gracias","href":"https:\/\/api.w.org\/{rel}","templated":true}]}}