{"id":847,"date":"2016-09-01T01:17:40","date_gmt":"2016-09-01T01:17:40","guid":{"rendered":"https:\/\/www.702duischool.com\/?page_id=847"},"modified":"2017-02-13T16:34:29","modified_gmt":"2017-02-13T16:34:29","slug":"dui-course-help","status":"publish","type":"page","link":"https:\/\/www.702duischool.com\/es\/dui-course-help\/","title":{"rendered":"Ayuda del curso DUI"},"content":{"rendered":"<h2>Servicio de asistencia<\/h2>\n<h3>CONDUCIR BAJO LA INFLUENCIA (DUI)<\/h3>\n<p>En Nevada, es ilegal conducir o tener el control f\u00edsico de un veh\u00edculo despu\u00e9s de consumir alcohol y\/o drogas que afecten la capacidad de conducir o controlar un veh\u00edculo de manera segura. TODAS las primeras infracciones de Nevada deben asistir a la escuela de DUI en l\u00ednea.<\/p>\n<h4>Los DUI de Nevada se pueden cobrar como:<\/h4>\n<ul>\n<li>Conducir o tener control f\u00edsico real bajo la influencia de bebidas alcoh\u00f3licas;<\/li>\n<li>Conducir o tener control f\u00edsico real con un contenido de alcohol en la sangre o el aliento (BAC) de 0,08% o m\u00e1s;<\/li>\n<li>Conducir o tener control f\u00edsico real bajo la influencia de una sustancia controlada;<\/li>\n<li>Conducir o tener control f\u00edsico real bajo la influencia combinada de bebidas alcoh\u00f3licas y una sustancia controlada; o,<\/li>\n<li>Conducir o tener control f\u00edsico real bajo la influencia de una sustancia prohibida.<\/li>\n<\/ul>\n<h4>Pruebas de sobriedad de campo:<\/h4>\n<p>Un oficial de polic\u00eda de Nevada puede pedirle a un sospechoso de DUI que realice pruebas de sobriedad en el campo para evaluar las capacidades de coordinaci\u00f3n y concentraci\u00f3n del sospechoso para determinar si existe una causa probable que respalde un arresto por DUI.<\/p>\n<h4>Pruebas de estupefacientes:<\/h4>\n<p>A un sospechoso de DUI en Reno Nevada o Las Vegas Nevada se le puede solicitar que d\u00e9 su consentimiento para una prueba de aliento preliminar (PBT) para determinar la concentraci\u00f3n de alcohol en el aliento del sospechoso. Esto tambi\u00e9n se aplica a todo el estado de Nevada. Ya sea que viva en Reno o Las Vegas, todas las personas arrestadas por primera infracci\u00f3n de DUI deber\u00e1n tomar la escuela 702 DUI School. Esa prueba no es prueba admisible en un juicio penal excepto para demostrar que hab\u00eda motivos razonables para realizar un arresto. Una lectura de PBT puede darle a un oficial motivos para investigar m\u00e1s a fondo para un arresto y enjuiciamiento por DUI.<\/p>\n<p>Nevada DUI Se pueden realizar an\u00e1lisis de sangre, an\u00e1lisis de aliento y an\u00e1lisis de orina para determinar la presencia de alcohol o drogas en el sistema de una persona con fines de procesamiento penal. Esas pruebas son administradas en el Centro de Detenci\u00f3n (C\u00e1rcel) del Condado de Washoe por profesionales capacitados del Laboratorio Criminal\u00edstico despu\u00e9s de que un sospechoso ha sido arrestado. Si un detenido se niega a hacerse la prueba, los agentes del orden pueden solicitar una orden de registro e incautaci\u00f3n de sangre de un juez del tribunal municipal de Reno.<\/p>\n<h4>Sanciones por DUI en Reno:<\/h4>\n<p>Los DUI adjudicados\/juzgados en el Tribunal Municipal de Reno son delitos menores, punibles con una sentencia m\u00e1xima de 6 meses de c\u00e1rcel, una multa de $1,000 (sin incluir honorarios), 200 horas de servicio comunitario y libertad condicional de 2 a 3 a\u00f1os. Tambi\u00e9n existen penas m\u00ednimas. Tambi\u00e9n se le pedir\u00e1 que asista a la Escuela de DUI en l\u00ednea de Reno.<br \/>\nUna condena por primera infracci\u00f3n por DUI se castiga con lo siguiente: al menos 2 d\u00edas de c\u00e1rcel o 48 horas de servicio comunitario; una multa m\u00ednima de $400, m\u00e1s honorarios y evaluaciones; una tarifa de $60 por pruebas qu\u00edmicas realizadas en la c\u00e1rcel al momento del arresto; una tarifa de DUI de $100; asistencia obligatoria en persona a una presentaci\u00f3n del Panel de Impacto de V\u00edctimas (VIP); y una clase de concientizaci\u00f3n sobre el alcohol y las drogas en Reno o un per\u00edodo de asesoramiento, seg\u00fan lo determine un juez. Adem\u00e1s, siempre que el BAC supere el 0,18%, el juez debe ordenar al conductor que instale un dispositivo de bloqueo de la respiraci\u00f3n (BID) durante 1 a 3 a\u00f1os como condici\u00f3n para restablecer una licencia de conducir de Nevada.<\/p>\n<p>Una segunda infracci\u00f3n de DUI en Reno cometida dentro de los siete a\u00f1os posteriores a la primera infracci\u00f3n sigue siendo un delito menor, pero ha aumentado las penas m\u00ednimas de la siguiente manera: 10 d\u00edas de c\u00e1rcel o 10 d\u00edas de arresto domiciliario; una multa m\u00ednima de $750, m\u00e1s honorarios y evaluaciones; una tarifa de condena por DUI de $100; una tarifa de $60 por pruebas qu\u00edmicas realizadas en la c\u00e1rcel al momento del arresto; asistencia obligatoria en persona a una presentaci\u00f3n del Panel de Impacto de V\u00edctimas (VIP); y un per\u00edodo de asesoramiento, seg\u00fan lo determine el Juez. Tambi\u00e9n es posible que se requiera la instalaci\u00f3n de un BID para una condena por DUI por segunda infracci\u00f3n.<\/p>\n<p>Si un acusado condenado por DUI es menor de 21 a\u00f1os, tiene un BAC superior a 0,18% o es condenado por una segunda infracci\u00f3n de DUI, la ley de Nevada exige que, antes de dictar sentencia, un evaluador certificado por el estado debe realizar una Evaluaci\u00f3n de abuso de sustancias. recomendar al juez el nivel apropiado de tratamiento que necesita el acusado.<\/p>\n<p>Una tercera infracci\u00f3n de DUI cometida dentro de los siete a\u00f1os posteriores a la primera y segunda infracci\u00f3n puede ser procesada como un delito grave de categor\u00eda B en Nevada. Este delito se castiga con una posible pena de prisi\u00f3n de uno a seis a\u00f1os bajo custodia del Departamento Correccional y una multa que oscila entre 2.000 y 5.000 d\u00f3lares. Si se causa una muerte o da\u00f1o corporal sustancial durante cualquier DUI, esto tambi\u00e9n es un delito grave, punible con una pena de prisi\u00f3n que oscila entre 2 y 20 a\u00f1os, sin libertad condicional. Estos casos son procesados por el Fiscal de Distrito del Condado de Washoe y juzgados por el Tribunal del Segundo Distrito Judicial, no por el Tribunal Municipal de Reno.<\/p>\n<h4>P\u00e9rdida de privilegios de conducci\u00f3n<\/h4>\n<p>El DMV revocar\u00e1 la licencia de conducir de una persona durante 90 d\u00edas tras una condena por una primera infracci\u00f3n de DUI o durante 1 a\u00f1o tras una condena por una segunda infracci\u00f3n de DUI. Una condena por tercer delito grave de DUI resulta en una revocaci\u00f3n de 3 a\u00f1os de los privilegios de conducir. Esto se realiza en procedimientos administrativos separados y no es una decisi\u00f3n tomada por el Tribunal Municipal de Reno. Una persona condenada por conducir con una licencia revocada debido a un DUI tambi\u00e9n podr\u00eda enfrentar 30 d\u00edas de c\u00e1rcel o 60 d\u00edas de arresto domiciliario y una multa de $500 a $1,000 sin incluir tarifas. Luego, la licencia ser\u00e1 revocada por un a\u00f1o m\u00e1s. Para restablecer la licencia nuevamente, el conductor debe pagar al DMV una tarifa de restablecimiento, realizar ex\u00e1menes nuevamente y proporcionar prueba de seguro por tres a\u00f1os consecutivos (SR22). El restablecimiento de los privilegios de conducir se rige por las regulaciones del DMV.<\/p>\n<hr \/>\n<h4>Esta es su base de apoyo para toda la informaci\u00f3n del curso de DUI de Nevada.<\/h4>\n<hr \/>\n<p>Esta secci\u00f3n de video tutorial de nuestro sitio es para ayudarlo con su registro, lecciones e informaci\u00f3n del curso en la Escuela de DUI de Nevada.<\/p>\n<h3>C\u00f3mo registrarse en la escuela de DUI de Nevada<\/h3>\n<p><iframe loading=\"lazy\" src=\"https:\/\/www.youtube.com\/embed\/Ktf5AZFmQAw\" width=\"560\" height=\"315\" frameborder=\"0\" allowfullscreen=\"allowfullscreen\"><\/iframe><\/p>\n<h3>C\u00f3mo reanudar su curso de DUI en Nevada<\/h3>\n<p><iframe loading=\"lazy\" src=\"https:\/\/www.youtube.com\/embed\/NZ9lYHvJ-RU\" width=\"560\" height=\"315\" frameborder=\"0\" allowfullscreen=\"allowfullscreen\"><\/iframe><\/p>","protected":false},"excerpt":{"rendered":"<p>Ayuda y apoyo CONDUCIR BAJO LA INFLUENCIA (DUI) En Nevada, es ilegal conducir o tener el control f\u00edsico de un veh\u00edculo despu\u00e9s de consumir alcohol y\/o drogas que afecten la capacidad de conducir o controlar un veh\u00edculo de manera segura. TODAS las primeras infracciones de Nevada deben asistir a la escuela de DUI en l\u00ednea. Los DUI de Nevada pueden [\u2026]<\/p>","protected":false},"author":1,"featured_media":0,"parent":0,"menu_order":0,"comment_status":"closed","ping_status":"closed","template":"","meta":{"footnotes":""},"class_list":["post-847","page","type-page","status-publish","hentry"],"yoast_head":"<!-- This site is optimized with the Yoast SEO Premium plugin v26.7 (Yoast SEO v26.7) - https:\/\/yoast.com\/wordpress\/plugins\/seo\/ -->\n<title>DUI Course Help - 702 DUI School - Your Online DUI Course in Las Vegas Nevada<\/title>\n<meta name=\"description\" content=\"702 DUI School - Help and Support from the beginning of the course to the end. Our Nevada DUI School program, we provide DUI support as well.\" \/>\n<meta name=\"robots\" content=\"index, follow, max-snippet:-1, max-image-preview:large, max-video-preview:-1\" \/>\n<link rel=\"canonical\" href=\"https:\/\/www.702duischool.com\/es\/dui-course-help\/\" \/>\n<meta property=\"og:locale\" content=\"es_MX\" \/>\n<meta property=\"og:type\" content=\"article\" \/>\n<meta property=\"og:title\" content=\"DUI Course Help\" \/>\n<meta property=\"og:description\" content=\"702 DUI School - Help and Support from the beginning of the course to the end. Our Nevada DUI School program, we provide DUI support as well.\" \/>\n<meta property=\"og:url\" content=\"https:\/\/www.702duischool.com\/es\/dui-course-help\/\" \/>\n<meta property=\"og:site_name\" content=\"702 DUI School - Your Online DUI Course in Las Vegas Nevada\" \/>\n<meta property=\"article:modified_time\" content=\"2017-02-13T16:34:29+00:00\" \/>\n<meta name=\"twitter:card\" content=\"summary_large_image\" \/>\n<meta name=\"twitter:label1\" content=\"Tiempo de lectura\" \/>\n\t<meta name=\"twitter:data1\" content=\"5 minutos\" \/>\n<script type=\"application\/ld+json\" class=\"yoast-schema-graph\">{\"@context\":\"https:\/\/schema.org\",\"@graph\":[{\"@type\":\"WebPage\",\"@id\":\"https:\/\/www.702duischool.com\/dui-course-help\/\",\"url\":\"https:\/\/www.702duischool.com\/dui-course-help\/\",\"name\":\"DUI Course Help - 702 DUI School - Your Online DUI Course in Las Vegas Nevada\",\"isPartOf\":{\"@id\":\"https:\/\/www.702duischool.com\/#website\"},\"datePublished\":\"2016-09-01T01:17:40+00:00\",\"dateModified\":\"2017-02-13T16:34:29+00:00\",\"description\":\"702 DUI School - Help and Support from the beginning of the course to the end. Our Nevada DUI School program, we provide DUI support as well.\",\"breadcrumb\":{\"@id\":\"https:\/\/www.702duischool.com\/dui-course-help\/#breadcrumb\"},\"inLanguage\":\"es\",\"potentialAction\":[{\"@type\":\"ReadAction\",\"target\":[\"https:\/\/www.702duischool.com\/dui-course-help\/\"]}]},{\"@type\":\"BreadcrumbList\",\"@id\":\"https:\/\/www.702duischool.com\/dui-course-help\/#breadcrumb\",\"itemListElement\":[{\"@type\":\"ListItem\",\"position\":1,\"name\":\"Home\",\"item\":\"https:\/\/www.702duischool.com\/\"},{\"@type\":\"ListItem\",\"position\":2,\"name\":\"DUI Course Help\"}]},{\"@type\":\"WebSite\",\"@id\":\"https:\/\/www.702duischool.com\/#website\",\"url\":\"https:\/\/www.702duischool.com\/\",\"name\":\"702 DUI School - Your Online DUI Course in Las Vegas Nevada\",\"description\":\"Comprehensive, Convenient, Certified: Your Nevada Online DUI School\",\"publisher\":{\"@id\":\"https:\/\/www.702duischool.com\/#organization\"},\"potentialAction\":[{\"@type\":\"SearchAction\",\"target\":{\"@type\":\"EntryPoint\",\"urlTemplate\":\"https:\/\/www.702duischool.com\/?s={search_term_string}\"},\"query-input\":{\"@type\":\"PropertyValueSpecification\",\"valueRequired\":true,\"valueName\":\"search_term_string\"}}],\"inLanguage\":\"es\"},{\"@type\":\"Organization\",\"@id\":\"https:\/\/www.702duischool.com\/#organization\",\"name\":\"702 Onlie Schools, LLC\",\"alternateName\":\"702DUISchool.com\",\"url\":\"https:\/\/www.702duischool.com\/\",\"logo\":{\"@type\":\"ImageObject\",\"inLanguage\":\"es\",\"@id\":\"https:\/\/www.702duischool.com\/#\/schema\/logo\/image\/\",\"url\":\"https:\/\/www.702duischool.com\/wp-content\/uploads\/2025\/10\/702-dui-school-nevada-logo-e1761216795683.png\",\"contentUrl\":\"https:\/\/www.702duischool.com\/wp-content\/uploads\/2025\/10\/702-dui-school-nevada-logo-e1761216795683.png\",\"width\":489,\"height\":600,\"caption\":\"702 Onlie Schools, LLC\"},\"image\":{\"@id\":\"https:\/\/www.702duischool.com\/#\/schema\/logo\/image\/\"},\"sameAs\":[\"https:\/\/www.linkedin.com\/company\/702duischool\/\"]}]}<\/script>\n<!-- \/ Yoast SEO Premium plugin. -->","yoast_head_json":{"title":"Curso de DUI - 702 DUI School - Tu curso de DUI en l\u00ednea en Las Vegas, Nevada","description":"Escuela para conductores ebrios 702: Ayuda y apoyo desde el inicio hasta el final del curso. Nuestro programa de la Escuela para conductores ebrios de Nevada tambi\u00e9n ofrece apoyo para casos de DUI.","robots":{"index":"index","follow":"follow","max-snippet":"max-snippet:-1","max-image-preview":"max-image-preview:large","max-video-preview":"max-video-preview:-1"},"canonical":"https:\/\/www.702duischool.com\/es\/dui-course-help\/","og_locale":"es_MX","og_type":"article","og_title":"DUI Course Help","og_description":"702 DUI School - Help and Support from the beginning of the course to the end. Our Nevada DUI School program, we provide DUI support as well.","og_url":"https:\/\/www.702duischool.com\/es\/dui-course-help\/","og_site_name":"702 DUI School - Your Online DUI Course in Las Vegas Nevada","article_modified_time":"2017-02-13T16:34:29+00:00","twitter_card":"summary_large_image","twitter_misc":{"Tiempo de lectura":"5 minutos"},"schema":{"@context":"https:\/\/schema.org","@graph":[{"@type":"WebPage","@id":"https:\/\/www.702duischool.com\/dui-course-help\/","url":"https:\/\/www.702duischool.com\/dui-course-help\/","name":"Curso de DUI - 702 DUI School - Tu curso de DUI en l\u00ednea en Las Vegas, Nevada","isPartOf":{"@id":"https:\/\/www.702duischool.com\/#website"},"datePublished":"2016-09-01T01:17:40+00:00","dateModified":"2017-02-13T16:34:29+00:00","description":"Escuela para conductores ebrios 702: Ayuda y apoyo desde el inicio hasta el final del curso. Nuestro programa de la Escuela para conductores ebrios de Nevada tambi\u00e9n ofrece apoyo para casos de DUI.","breadcrumb":{"@id":"https:\/\/www.702duischool.com\/dui-course-help\/#breadcrumb"},"inLanguage":"es","potentialAction":[{"@type":"ReadAction","target":["https:\/\/www.702duischool.com\/dui-course-help\/"]}]},{"@type":"BreadcrumbList","@id":"https:\/\/www.702duischool.com\/dui-course-help\/#breadcrumb","itemListElement":[{"@type":"ListItem","position":1,"name":"Home","item":"https:\/\/www.702duischool.com\/"},{"@type":"ListItem","position":2,"name":"DUI Course Help"}]},{"@type":"WebSite","@id":"https:\/\/www.702duischool.com\/#website","url":"https:\/\/www.702duischool.com\/","name":"Escuela 702 DUI: su curso de DUI en l\u00ednea en Las Vegas Nevada","description":"Integral, conveniente y certificada: su escuela de DUI en l\u00ednea de Nevada","publisher":{"@id":"https:\/\/www.702duischool.com\/#organization"},"potentialAction":[{"@type":"SearchAction","target":{"@type":"EntryPoint","urlTemplate":"https:\/\/www.702duischool.com\/?s={search_term_string}"},"query-input":{"@type":"PropertyValueSpecification","valueRequired":true,"valueName":"search_term_string"}}],"inLanguage":"es"},{"@type":"Organization","@id":"https:\/\/www.702duischool.com\/#organization","name":"702 Escuelas en l\u00ednea, LLC","alternateName":"702DUISchool.com","url":"https:\/\/www.702duischool.com\/","logo":{"@type":"ImageObject","inLanguage":"es","@id":"https:\/\/www.702duischool.com\/#\/schema\/logo\/image\/","url":"https:\/\/www.702duischool.com\/wp-content\/uploads\/2025\/10\/702-dui-school-nevada-logo-e1761216795683.png","contentUrl":"https:\/\/www.702duischool.com\/wp-content\/uploads\/2025\/10\/702-dui-school-nevada-logo-e1761216795683.png","width":489,"height":600,"caption":"702 Onlie Schools, LLC"},"image":{"@id":"https:\/\/www.702duischool.com\/#\/schema\/logo\/image\/"},"sameAs":["https:\/\/www.linkedin.com\/company\/702duischool\/"]}]}},"_links":{"self":[{"href":"https:\/\/www.702duischool.com\/es\/wp-json\/wp\/v2\/pages\/847","targetHints":{"allow":["GET"]}}],"collection":[{"href":"https:\/\/www.702duischool.com\/es\/wp-json\/wp\/v2\/pages"}],"about":[{"href":"https:\/\/www.702duischool.com\/es\/wp-json\/wp\/v2\/types\/page"}],"author":[{"embeddable":true,"href":"https:\/\/www.702duischool.com\/es\/wp-json\/wp\/v2\/users\/1"}],"replies":[{"embeddable":true,"href":"https:\/\/www.702duischool.com\/es\/wp-json\/wp\/v2\/comments?post=847"}],"version-history":[{"count":5,"href":"https:\/\/www.702duischool.com\/es\/wp-json\/wp\/v2\/pages\/847\/revisions"}],"predecessor-version":[{"id":1141,"href":"https:\/\/www.702duischool.com\/es\/wp-json\/wp\/v2\/pages\/847\/revisions\/1141"}],"wp:attachment":[{"href":"https:\/\/www.702duischool.com\/es\/wp-json\/wp\/v2\/media?parent=847"}],"curies":[{"name":"gracias","href":"https:\/\/api.w.org\/{rel}","templated":true}]}}