{"id":774,"date":"2016-08-12T22:43:33","date_gmt":"2016-08-12T22:43:33","guid":{"rendered":"http:\/\/702duischool.com\/?page_id=774"},"modified":"2024-07-25T10:20:34","modified_gmt":"2024-07-25T10:20:34","slug":"dui-guide","status":"publish","type":"page","link":"https:\/\/www.702duischool.com\/es\/dui-guide\/","title":{"rendered":"Gu\u00eda de DUI de Las Vegas"},"content":{"rendered":"<hr class=\"wp-block-separator has-alpha-channel-opacity\"\/>\n\n\n\n<h2 class=\"wp-block-heading\" id=\"h-navigate-your-las-vegas-dui-charges-with-confidence\">Navegue por sus cargos de DUI en Las Vegas con confianza<\/h2>\n\n\n\n<div class=\"wp-block-media-text is-stacked-on-mobile is-vertically-aligned-center\"><figure class=\"wp-block-media-text__media\"><a href=\"https:\/\/www.702duischool.com\/es\/courses\/las-vegas-dui-guide-ebook\/\"><img loading=\"lazy\" decoding=\"async\" width=\"1024\" height=\"1024\" src=\"https:\/\/www.702duischool.com\/wp-content\/uploads\/2024\/07\/LasVegasDUIGuideBookv3.png\" alt=\"\" class=\"wp-image-3341 size-full\" srcset=\"https:\/\/www.702duischool.com\/wp-content\/uploads\/2024\/07\/LasVegasDUIGuideBookv3.png 1024w, https:\/\/www.702duischool.com\/wp-content\/uploads\/2024\/07\/LasVegasDUIGuideBookv3-300x300.png 300w, https:\/\/www.702duischool.com\/wp-content\/uploads\/2024\/07\/LasVegasDUIGuideBookv3-150x150.png 150w, https:\/\/www.702duischool.com\/wp-content\/uploads\/2024\/07\/LasVegasDUIGuideBookv3-768x768.png 768w, https:\/\/www.702duischool.com\/wp-content\/uploads\/2024\/07\/LasVegasDUIGuideBookv3-12x12.png 12w\" sizes=\"auto, (max-width: 1024px) 100vw, 1024px\" \/><\/a><\/figure><div class=\"wp-block-media-text__content\">\n<h3 class=\"wp-block-heading\" id=\"h-comprehensive-step-by-step-ebook-for-only-4-99\">Libro electr\u00f3nico completo paso a paso por solo $4.99<\/h3>\n\n\n\n<ul class=\"wp-block-list\">\n<li><strong>Informaci\u00f3n clara y procesable:<\/strong> Pasos pr\u00e1cticos para ayudarle a comprender y gestionar su caso de DUI.<\/li>\n\n\n\n<li><strong>Orientaci\u00f3n personalizada:<\/strong> Espec\u00edficamente para navegar por las leyes y procedimientos de DUI en Las Vegas.<\/li>\n\n\n\n<li><strong>Acceso inmediato:<\/strong> Descarga tu gu\u00eda informativa al instante.<\/li>\n<\/ul>\n\n\n\n<p>\u2605\u2605\u2605\u2605\u2605 \u201c\u00a1Esta gu\u00eda fue un salvavidas!\u201d<\/p>\n\n\n\n<p>\u2605\u2605\u2605\u2605\u2605 \u201c\u00a1Vale la pena cada centavo!\u201d<\/p>\n<\/div><\/div>\n\n\n\n<p><strong><em>*Tenga en cuenta que esta gu\u00eda tiene fines informativos \u00fanicamente y no constituye asesoramiento legal. No somos abogados. Para obtener asistencia legal profesional, consulte a un abogado autorizado.<\/em><\/strong> Podemos ayudarle si necesita algunas referencias.<\/p>\n\n\n\n<p><strong>\u00bfListo para tomar el control de su caso de DUI?<\/strong><br>Por solo $4.99, puede acceder al libro electr\u00f3nico Ultimate Las Vegas DUI Guide y comenzar a tomar los pasos correctos hoy.<\/p>\n\n\n\n<h2 class=\"wp-block-heading\" id=\"h-download-the-ebook-now\"><strong><a href=\"https:\/\/www.702duischool.com\/es\/courses\/las-vegas-dui-guide-ebook\/\">Descargue el libro electr\u00f3nico ahora<\/a><\/strong><\/h2>\n\n\n\n<hr class=\"wp-block-separator has-alpha-channel-opacity\"\/>\n\n\n\n<h2 class=\"wp-block-heading\" id=\"h-so-you-were-convicted-of-your-1st-dui-what-happens-now\">Entonces, \u00bffue condenado por su primer DUI? \u00bfQue pasa ahora?<\/h2>\n\n\n\n<p><span style=\"color: #221e1f; font-size: small;\"><span style=\"color: #221e1f; font-size: small;\">A continuaci\u00f3n se detallan las sanciones por una primera infracci\u00f3n t\u00edpica de DUI. Las penas por condenas posteriores son m\u00e1s severas. Un tercer DUI dentro de los siete a\u00f1os o un DUI que implique muerte o da\u00f1o corporal sustancial son delitos graves. <\/span><\/span><\/p>\n\n\n\n<p>Sanciones por DUI<\/p>\n\n\n\n<p>Delincuente<\/p>\n\n\n\n<ul class=\"wp-block-list\">\n<li><span style=\"color: #221e1f; font-family: Tahoma,Tahoma; font-size: small;\"><span style=\"color: #221e1f; font-family: Tahoma,Tahoma; font-size: small;\"><span style=\"color: #221e1f; font-family: Tahoma,Tahoma; font-size: small;\">Arrestar<\/span><\/span><\/span><\/li>\n\n\n\n<li>Veh\u00edculo confiscado<\/li>\n<\/ul>\n\n\n\n<ol class=\"wp-block-list\">\n<li><span style=\"color: #221e1f; font-size: small;\"><span style=\"color: #221e1f; font-size: small;\">De dos d\u00edas a seis meses de c\u00e1rcel o comunidad. <\/span><\/span><span style=\"color: #221e1f; font-family: Tahoma,Tahoma; font-size: small;\"><span style=\"color: #221e1f; font-family: Tahoma,Tahoma; font-size: small;\"><span style=\"color: #221e1f; font-family: Tahoma,Tahoma; font-size: small;\">servicio <\/span><\/span><\/span><\/li>\n<\/ol>\n\n\n\n<ul class=\"wp-block-list\">\n<li><span style=\"color: #221e1f; font-family: Tahoma,Tahoma; font-size: small;\"><span style=\"color: #221e1f; font-family: Tahoma,Tahoma; font-size: small;\"><span style=\"color: #221e1f; font-family: Tahoma,Tahoma; font-size: small;\">Multa de $400 a $1,000<\/span><\/span><\/span><\/li>\n\n\n\n<li><span style=\"color: #221e1f; font-family: Tahoma,Tahoma; font-size: small;\"><span style=\"color: #221e1f; font-family: Tahoma,Tahoma; font-size: small;\"><span style=\"color: #221e1f; font-family: Tahoma,Tahoma; font-size: small;\">Tarifa de prueba qu\u00edmica $60<\/span><\/span><\/span><\/li>\n\n\n\n<li>Escuela de DUI o tratamiento por abuso de sustancias<\/li>\n\n\n\n<li>Panel de Impacto de V\u00edctimas<\/li>\n<\/ul>\n\n\n\n<p>Licencia de conducir<\/p>\n\n\n\n<ul class=\"wp-block-list\">\n<li><span style=\"color: #221e1f; font-size: small;\"><span style=\"color: #221e1f; font-size: small;\">Licencia revocada por 90 d\u00edas<\/span><\/span><\/li>\n\n\n\n<li>Tarifa de restablecimiento de $121<\/li>\n<\/ul>\n\n\n\n<ul class=\"wp-block-list\">\n<li>Multa civil de compensaci\u00f3n a las v\u00edctimas de $35<\/li>\n\n\n\n<li>Tarifa de licencia de conducir de $42.25 + tarifa de prueba de $26<\/li>\n\n\n\n<li>Pruebas del DMV: visi\u00f3n, conocimientos y posiblemente habilidades<\/li>\n<\/ul>\n\n\n\n<ol class=\"wp-block-list\">\n<li><span style=\"color: #221e1f; font-size: small;\"><span style=\"color: #221e1f; font-size: small;\">Certificado de seguro de responsabilidad SR-22 requerido para <\/span><\/span><span style=\"color: #221e1f; font-family: Tahoma,Tahoma; font-size: small;\"><span style=\"color: #221e1f; font-family: Tahoma,Tahoma; font-size: small;\"><span style=\"color: #221e1f; font-family: Tahoma,Tahoma; font-size: small;\">tres a\u00f1os <\/span><\/span><\/span><\/li>\n<\/ol>\n\n\n\n<p><span style=\"color: #221e1f; font-family: Tahoma,Tahoma; font-size: small;\"><span style=\"color: #221e1f; font-family: Tahoma,Tahoma; font-size: small;\"><span style=\"color: #221e1f; font-family: Tahoma,Tahoma; font-size: small;\">La revocaci\u00f3n de la licencia de conducir es una acci\u00f3n separada de <\/span><\/span><\/span><span style=\"color: #221e1f; font-size: small;\"><span style=\"color: #221e1f; font-size: small;\">cualquier caso penal. Los automovilistas pueden apelar una revocaci\u00f3n a trav\u00e9s de la Oficina de Audiencias Administrativas del DMV. <\/span><\/span><\/p>\n\n\n\n<p>La restituci\u00f3n de la licencia no es autom\u00e1tica, incluso si los cargos penales fueron reducidos o desestimados. Debe cumplir con todos los requisitos de reintegro y solicitar una licencia para recuperar su privilegio de conducir.<\/p>\n\n\n\n<p><span style=\"color: #221e1f; font-family: Tahoma,Tahoma; font-size: small;\"><span style=\"color: #221e1f; font-family: Tahoma,Tahoma; font-size: small;\"><span style=\"color: #221e1f; font-family: Tahoma,Tahoma; font-size: small;\">Una revocaci\u00f3n que no se restablezca permanecer\u00e1 en <\/span><\/span><\/span><span style=\"color: #221e1f; font-size: small;\"><span style=\"color: #221e1f; font-size: small;\">su expediente por tiempo indefinido y no podr\u00e1 <\/span><\/span><span style=\"color: #221e1f; font-family: Tahoma,Tahoma; font-size: small;\"><span style=\"color: #221e1f; font-family: Tahoma,Tahoma; font-size: small;\"><span style=\"color: #221e1f; font-family: Tahoma,Tahoma; font-size: small;\">obtener una licencia de conducir en cualquier estado. <\/span><\/span><\/span><\/p>\n\n\n\n<p>Tu registro<\/p>\n\n\n\n<p>Los registros de un arresto y\/o condena por DUI permanecen en archivos de antecedentes penales por el resto de su vida. Si es declarado culpable de un delito grave de DUI, se le acusar\u00e1 de un delito grave en cualquier arresto posterior por DUI.<\/p>\n\n\n\n<p><span style=\"color: #221e1f; font-family: Tahoma,Tahoma; font-size: small;\"><span style=\"color: #221e1f; font-family: Tahoma,Tahoma; font-size: small;\"><span style=\"color: #221e1f; font-family: Tahoma,Tahoma; font-size: small;\">Las condenas y revocaciones de licencias contin\u00faan <\/span><\/span><\/span><span style=\"color: #221e1f; font-size: small;\"><span style=\"color: #221e1f; font-size: small;\">su registro completo del DMV por el resto de su vida. Una condena por DUI puede aparecer en su historial de conducci\u00f3n hasta por diez a\u00f1os. Se informa una revocaci\u00f3n de licencia hasta que <\/span><\/span><span style=\"color: #221e1f; font-family: Tahoma,Tahoma; font-size: small;\"><span style=\"color: #221e1f; font-family: Tahoma,Tahoma; font-size: small;\"><span style=\"color: #221e1f; font-family: Tahoma,Tahoma; font-size: small;\">Se restablece el privilegio de conducir. <\/span><\/span><\/span><\/p>\n\n\n\n<p>Su primer paso ser\u00e1 tomar una <a href=\"https:\/\/www.702duischool.com\/es\/\">DUI en l\u00ednea en Nevada<\/a> clase del programa. Nuestro curso es f\u00e1cil, r\u00e1pido y est\u00e1 disponible en l\u00ednea las 24 horas, los 7 d\u00edas de la semana.<\/p>\n\n\n\n<p>Las leyes de Nevada sobre conducir bajo la influencia (DUI) de alcohol o drogas son estrictas. Seg\u00fan estas leyes, existen dos tipos de sanciones: \u2022 Administrativa: Acci\u00f3n tomada contra un conductor por el Departamento de Veh\u00edculos Motorizados de Nevada independientemente de las conclusiones del tribunal. \u2022 Penal: Acci\u00f3n tomada por el sistema judicial. Seg\u00fan la nueva Ley de Consentimiento Impl\u00edcito de Nevada, si un oficial Si sospecha que est\u00e1 conduciendo bajo los efectos del alcohol, se le pedir\u00e1 que se haga an\u00e1lisis de sangre, aliento u orina. Si no se presenta a estas pruebas, su licencia, permiso o privilegio para conducir ser\u00e1 revocado de conformidad con NRS484C.220 y no ser\u00e1 elegible para una licencia, permiso o privilegio para conducir por un per\u00edodo de un a\u00f1o por la primera infracci\u00f3n o tres a\u00f1os si su privilegio de conducir ha sido revocado en los 7 a\u00f1os anteriores por no presentarse a las pruebas dirigidas por el oficial. Estas pruebas se realizan para determinar si ha consumido alcohol o drogas. Un oficial tambi\u00e9n puede ordenar que se extraigan muestras de sangre, incluso en la primera infracci\u00f3n. Seg\u00fan la Ley Ilegal Per Se de Nevada, si las pruebas qu\u00edmicas muestran una concentraci\u00f3n de alcohol de 0,08% o m\u00e1s o cualquier cantidad detectable de una sustancia controlada, se revocar\u00e1 su privilegio de conducir. Si es menor de 21 a\u00f1os y una prueba qu\u00edmica muestra una concentraci\u00f3n de alcohol de 0,02%, pero menos de 0,08%, se suspender\u00e1 su privilegio de conducir. Esta es una sanci\u00f3n administrativa y el oficial puede retirarle la licencia de inmediato. Nota: Aunque se utiliza como gu\u00eda una concentraci\u00f3n de alcohol de 0,08 %, usted puede ser arrestado y condenado con un nivel inferior. Cada vez que pierda su licencia, puede solicitar una audiencia administrativa a trav\u00e9s del Departamento de Veh\u00edculos Motorizados.<\/p>\n\n\n\n<p>Nuestra Escuela de DUI de Nevada es el proveedor recomendado y galardonado por el DMV y los tribunales de Nevada.<\/p>","protected":false},"excerpt":{"rendered":"<p>Navegue con confianza por sus cargos por conducir bajo los efectos del alcohol en Las Vegas * Tenga en cuenta que esta gu\u00eda es solo para fines informativos y no constituye asesoramiento legal. No somos abogados. Para obtener asistencia legal profesional, consulte a un abogado autorizado. Podemos ayudarlo si necesita algunas referencias. \u00bfEst\u00e1 listo para tomar el control de su caso de conducir bajo los efectos del alcohol? Por solo $4.99, [\u2026]<\/p>","protected":false},"author":1,"featured_media":0,"parent":0,"menu_order":0,"comment_status":"closed","ping_status":"closed","template":"","meta":{"footnotes":""},"class_list":["post-774","page","type-page","status-publish","hentry"],"yoast_head":"<!-- This site is optimized with the Yoast SEO Premium plugin v26.7 (Yoast SEO v26.7) - https:\/\/yoast.com\/wordpress\/plugins\/seo\/ -->\n<title>Las Vegas DUI Guide - 702 DUI School - Your Online DUI Course in Las Vegas Nevada<\/title>\n<meta name=\"robots\" content=\"index, follow, max-snippet:-1, max-image-preview:large, max-video-preview:-1\" \/>\n<link rel=\"canonical\" href=\"https:\/\/www.702duischool.com\/es\/dui-guide\/\" \/>\n<meta property=\"og:locale\" content=\"es_MX\" \/>\n<meta property=\"og:type\" content=\"article\" \/>\n<meta property=\"og:title\" content=\"Las Vegas DUI Guide\" \/>\n<meta property=\"og:description\" content=\"Navigate Your Las Vegas DUI Charges with Confidence *Please note, this guide is for informational purposes only and does not constitute legal advice. We are not attorneys. For professional legal assistance, please consult a licensed attorney. We can help you, if you need some references. Ready to Take Control of Your DUI Case?For only $4.99, [&hellip;]\" \/>\n<meta property=\"og:url\" content=\"https:\/\/www.702duischool.com\/es\/dui-guide\/\" \/>\n<meta property=\"og:site_name\" content=\"702 DUI School - Your Online DUI Course in Las Vegas Nevada\" \/>\n<meta property=\"article:modified_time\" content=\"2024-07-25T10:20:34+00:00\" \/>\n<meta property=\"og:image\" content=\"https:\/\/www.702duischool.com\/wp-content\/uploads\/2024\/07\/LasVegasDUIGuideBookv3.png\" \/>\n<meta name=\"twitter:card\" content=\"summary_large_image\" \/>\n<meta name=\"twitter:label1\" content=\"Tiempo de lectura\" \/>\n\t<meta name=\"twitter:data1\" content=\"4 minutos\" \/>\n<script type=\"application\/ld+json\" class=\"yoast-schema-graph\">{\"@context\":\"https:\/\/schema.org\",\"@graph\":[{\"@type\":\"WebPage\",\"@id\":\"https:\/\/www.702duischool.com\/dui-guide\/\",\"url\":\"https:\/\/www.702duischool.com\/dui-guide\/\",\"name\":\"Las Vegas DUI Guide - 702 DUI School - Your Online DUI Course in Las Vegas Nevada\",\"isPartOf\":{\"@id\":\"https:\/\/www.702duischool.com\/#website\"},\"primaryImageOfPage\":{\"@id\":\"https:\/\/www.702duischool.com\/dui-guide\/#primaryimage\"},\"image\":{\"@id\":\"https:\/\/www.702duischool.com\/dui-guide\/#primaryimage\"},\"thumbnailUrl\":\"https:\/\/www.702duischool.com\/wp-content\/uploads\/2024\/07\/LasVegasDUIGuideBookv3.png\",\"datePublished\":\"2016-08-12T22:43:33+00:00\",\"dateModified\":\"2024-07-25T10:20:34+00:00\",\"breadcrumb\":{\"@id\":\"https:\/\/www.702duischool.com\/dui-guide\/#breadcrumb\"},\"inLanguage\":\"es\",\"potentialAction\":[{\"@type\":\"ReadAction\",\"target\":[\"https:\/\/www.702duischool.com\/dui-guide\/\"]}]},{\"@type\":\"ImageObject\",\"inLanguage\":\"es\",\"@id\":\"https:\/\/www.702duischool.com\/dui-guide\/#primaryimage\",\"url\":\"https:\/\/www.702duischool.com\/wp-content\/uploads\/2024\/07\/LasVegasDUIGuideBookv3.png\",\"contentUrl\":\"https:\/\/www.702duischool.com\/wp-content\/uploads\/2024\/07\/LasVegasDUIGuideBookv3.png\"},{\"@type\":\"BreadcrumbList\",\"@id\":\"https:\/\/www.702duischool.com\/dui-guide\/#breadcrumb\",\"itemListElement\":[{\"@type\":\"ListItem\",\"position\":1,\"name\":\"Home\",\"item\":\"https:\/\/www.702duischool.com\/\"},{\"@type\":\"ListItem\",\"position\":2,\"name\":\"Las Vegas DUI Guide\"}]},{\"@type\":\"WebSite\",\"@id\":\"https:\/\/www.702duischool.com\/#website\",\"url\":\"https:\/\/www.702duischool.com\/\",\"name\":\"702 DUI School - Your Online DUI Course in Las Vegas Nevada\",\"description\":\"Comprehensive, Convenient, Certified: Your Nevada Online DUI School\",\"publisher\":{\"@id\":\"https:\/\/www.702duischool.com\/#organization\"},\"potentialAction\":[{\"@type\":\"SearchAction\",\"target\":{\"@type\":\"EntryPoint\",\"urlTemplate\":\"https:\/\/www.702duischool.com\/?s={search_term_string}\"},\"query-input\":{\"@type\":\"PropertyValueSpecification\",\"valueRequired\":true,\"valueName\":\"search_term_string\"}}],\"inLanguage\":\"es\"},{\"@type\":\"Organization\",\"@id\":\"https:\/\/www.702duischool.com\/#organization\",\"name\":\"702 Onlie Schools, LLC\",\"alternateName\":\"702DUISchool.com\",\"url\":\"https:\/\/www.702duischool.com\/\",\"logo\":{\"@type\":\"ImageObject\",\"inLanguage\":\"es\",\"@id\":\"https:\/\/www.702duischool.com\/#\/schema\/logo\/image\/\",\"url\":\"https:\/\/www.702duischool.com\/wp-content\/uploads\/2025\/10\/702-dui-school-nevada-logo-e1761216795683.png\",\"contentUrl\":\"https:\/\/www.702duischool.com\/wp-content\/uploads\/2025\/10\/702-dui-school-nevada-logo-e1761216795683.png\",\"width\":489,\"height\":600,\"caption\":\"702 Onlie Schools, LLC\"},\"image\":{\"@id\":\"https:\/\/www.702duischool.com\/#\/schema\/logo\/image\/\"},\"sameAs\":[\"https:\/\/www.linkedin.com\/company\/702duischool\/\"]}]}<\/script>\n<!-- \/ Yoast SEO Premium plugin. -->","yoast_head_json":{"title":"Gu\u00eda de DUI de Las Vegas - Escuela 702 DUI - Tu curso de DUI en l\u00ednea en Las Vegas, Nevada","robots":{"index":"index","follow":"follow","max-snippet":"max-snippet:-1","max-image-preview":"max-image-preview:large","max-video-preview":"max-video-preview:-1"},"canonical":"https:\/\/www.702duischool.com\/es\/dui-guide\/","og_locale":"es_MX","og_type":"article","og_title":"Las Vegas DUI Guide","og_description":"Navigate Your Las Vegas DUI Charges with Confidence *Please note, this guide is for informational purposes only and does not constitute legal advice. We are not attorneys. For professional legal assistance, please consult a licensed attorney. We can help you, if you need some references. Ready to Take Control of Your DUI Case?For only $4.99, [&hellip;]","og_url":"https:\/\/www.702duischool.com\/es\/dui-guide\/","og_site_name":"702 DUI School - Your Online DUI Course in Las Vegas Nevada","article_modified_time":"2024-07-25T10:20:34+00:00","og_image":[{"url":"https:\/\/www.702duischool.com\/wp-content\/uploads\/2024\/07\/LasVegasDUIGuideBookv3.png","type":"","width":"","height":""}],"twitter_card":"summary_large_image","twitter_misc":{"Tiempo de lectura":"4 minutos"},"schema":{"@context":"https:\/\/schema.org","@graph":[{"@type":"WebPage","@id":"https:\/\/www.702duischool.com\/dui-guide\/","url":"https:\/\/www.702duischool.com\/dui-guide\/","name":"Gu\u00eda de DUI de Las Vegas - Escuela 702 DUI - Tu curso de DUI en l\u00ednea en Las Vegas, Nevada","isPartOf":{"@id":"https:\/\/www.702duischool.com\/#website"},"primaryImageOfPage":{"@id":"https:\/\/www.702duischool.com\/dui-guide\/#primaryimage"},"image":{"@id":"https:\/\/www.702duischool.com\/dui-guide\/#primaryimage"},"thumbnailUrl":"https:\/\/www.702duischool.com\/wp-content\/uploads\/2024\/07\/LasVegasDUIGuideBookv3.png","datePublished":"2016-08-12T22:43:33+00:00","dateModified":"2024-07-25T10:20:34+00:00","breadcrumb":{"@id":"https:\/\/www.702duischool.com\/dui-guide\/#breadcrumb"},"inLanguage":"es","potentialAction":[{"@type":"ReadAction","target":["https:\/\/www.702duischool.com\/dui-guide\/"]}]},{"@type":"ImageObject","inLanguage":"es","@id":"https:\/\/www.702duischool.com\/dui-guide\/#primaryimage","url":"https:\/\/www.702duischool.com\/wp-content\/uploads\/2024\/07\/LasVegasDUIGuideBookv3.png","contentUrl":"https:\/\/www.702duischool.com\/wp-content\/uploads\/2024\/07\/LasVegasDUIGuideBookv3.png"},{"@type":"BreadcrumbList","@id":"https:\/\/www.702duischool.com\/dui-guide\/#breadcrumb","itemListElement":[{"@type":"ListItem","position":1,"name":"Home","item":"https:\/\/www.702duischool.com\/"},{"@type":"ListItem","position":2,"name":"Las Vegas DUI Guide"}]},{"@type":"WebSite","@id":"https:\/\/www.702duischool.com\/#website","url":"https:\/\/www.702duischool.com\/","name":"Escuela 702 DUI: su curso de DUI en l\u00ednea en Las Vegas Nevada","description":"Integral, conveniente y certificada: su escuela de DUI en l\u00ednea de Nevada","publisher":{"@id":"https:\/\/www.702duischool.com\/#organization"},"potentialAction":[{"@type":"SearchAction","target":{"@type":"EntryPoint","urlTemplate":"https:\/\/www.702duischool.com\/?s={search_term_string}"},"query-input":{"@type":"PropertyValueSpecification","valueRequired":true,"valueName":"search_term_string"}}],"inLanguage":"es"},{"@type":"Organization","@id":"https:\/\/www.702duischool.com\/#organization","name":"702 Escuelas en l\u00ednea, LLC","alternateName":"702DUISchool.com","url":"https:\/\/www.702duischool.com\/","logo":{"@type":"ImageObject","inLanguage":"es","@id":"https:\/\/www.702duischool.com\/#\/schema\/logo\/image\/","url":"https:\/\/www.702duischool.com\/wp-content\/uploads\/2025\/10\/702-dui-school-nevada-logo-e1761216795683.png","contentUrl":"https:\/\/www.702duischool.com\/wp-content\/uploads\/2025\/10\/702-dui-school-nevada-logo-e1761216795683.png","width":489,"height":600,"caption":"702 Onlie Schools, LLC"},"image":{"@id":"https:\/\/www.702duischool.com\/#\/schema\/logo\/image\/"},"sameAs":["https:\/\/www.linkedin.com\/company\/702duischool\/"]}]}},"_links":{"self":[{"href":"https:\/\/www.702duischool.com\/es\/wp-json\/wp\/v2\/pages\/774","targetHints":{"allow":["GET"]}}],"collection":[{"href":"https:\/\/www.702duischool.com\/es\/wp-json\/wp\/v2\/pages"}],"about":[{"href":"https:\/\/www.702duischool.com\/es\/wp-json\/wp\/v2\/types\/page"}],"author":[{"embeddable":true,"href":"https:\/\/www.702duischool.com\/es\/wp-json\/wp\/v2\/users\/1"}],"replies":[{"embeddable":true,"href":"https:\/\/www.702duischool.com\/es\/wp-json\/wp\/v2\/comments?post=774"}],"version-history":[{"count":8,"href":"https:\/\/www.702duischool.com\/es\/wp-json\/wp\/v2\/pages\/774\/revisions"}],"predecessor-version":[{"id":3396,"href":"https:\/\/www.702duischool.com\/es\/wp-json\/wp\/v2\/pages\/774\/revisions\/3396"}],"wp:attachment":[{"href":"https:\/\/www.702duischool.com\/es\/wp-json\/wp\/v2\/media?parent=774"}],"curies":[{"name":"gracias","href":"https:\/\/api.w.org\/{rel}","templated":true}]}}