{"id":6621,"date":"2025-02-19T07:21:07","date_gmt":"2025-02-19T07:21:07","guid":{"rendered":"https:\/\/www.702duischool.com\/?page_id=6621"},"modified":"2025-03-01T11:10:45","modified_gmt":"2025-03-01T11:10:45","slug":"drug-and-alcohol-awareness-class","status":"publish","type":"page","link":"https:\/\/www.702duischool.com\/es\/drug-and-alcohol-awareness-class\/","title":{"rendered":"Clase de concientizaci\u00f3n sobre drogas y alcohol"},"content":{"rendered":"<style>\n\n.hero-section h1 {\n     color: #ffffff !important;\n}\n.hero-section strong {\n     color: #ffffff !important;\n}\n.entry-title {\n     display: none;\n}\n<\/style>\n\n\n\n<style>\n  \/* Google Font *\/\n  @import url('https:\/\/fonts.googleapis.com\/css2?family=Poppins:wght@300;400;600&display=swap');\n\n  \/* General Styles *\/\n  .alcohol-awareness-container {\n      font-family: 'Poppins', sans-serif;\n      line-height: 1.6;\n      color: #333;\n      max-width: 1200px;\n      margin: auto;\n      padding: 40px 20px;\n  }\n\n  \/* Hero Section *\/\n  .hero-section {\n      background: linear-gradient(135deg, #0056b3, #0099ff);\n      color: white;\n      text-align: center;\n      padding: 60px 20px;\n      border-radius: 8px;\n  }\n  .hero-section h1 {\n      font-size: 36px;\n      font-weight: 600;\n      margin: 0 0 10px;\n  }\n  .hero-section p {\n      font-size: 18px;\n      margin-bottom: 20px;\n  }\n\n  \/* Image Section *\/\n  .image-container {\n      text-align: center;\n      margin: 20px 0;\n  }\n  .image-container img {\n      width: 100%;\n      max-width: 800px;\n      border-radius: 8px;\n      box-shadow: 0 2px 10px rgba(0, 0, 0, 0.1);\n  }\n\n  \/* Sections *\/\n  .section {\n      background: white;\n      padding: 40px 20px;\n      margin: 20px 0;\n      border-radius: 8px;\n      box-shadow: 0 2px 10px rgba(0, 0, 0, 0.1);\n  }\n  .section h2 {\n      font-size: 28px;\n      font-weight: 600;\n      color: #0056b3;\n      text-align: center;\n  }\n  .section p {\n      font-size: 18px;\n      text-align: center;\n  }\n\n  \/* Key Benefits *\/\n  .benefits-container {\n      display: flex;\n      flex-wrap: wrap;\n      justify-content: space-between;\n      text-align: center;\n  }\n  .benefit-box {\n      flex: 1;\n      min-width: 300px;\n      background: #f8f8f8;\n      padding: 20px;\n      margin: 10px;\n      border-radius: 6px;\n      box-shadow: 0 2px 5px rgba(0, 0, 0, 0.1);\n      transition: transform 0.3s ease-in-out;\n  }\n  .benefit-box:hover {\n      transform: scale(1.05);\n  }\n\n  \/* FAQ Section *\/\n  .faq-container {\n      background: #e8f4ff;\n      padding: 30px;\n      border-radius: 8px;\n  }\n  .faq-container h3 {\n      color: #0056b3;\n      font-size: 24px;\n      margin-bottom: 10px;\n  }\n  .faq-item {\n      font-size: 18px;\n      margin-bottom: 10px;\n  }\n\n  \/* Responsive Design *\/\n  @media (max-width: 768px) {\n      .benefits-container {\n          flex-direction: column;\n      }\n      .benefit-box {\n          min-width: 100%;\n      }\n  }\n    .conversion-card {\n      background: linear-gradient(135deg, #f8f9fa, #e3e6ea);\n      padding: 20px;\n      border-radius: 8px;\n      box-shadow: 0 4px 10px rgba(0, 0, 0, 0.1);\n      text-align: center;\n      font-size: 18px;\n      font-weight: 500;\n      color: #333;\n      margin: 30px auto;\n      max-width: 800px;\n      transition: transform 0.3s ease-in-out;\n  }\n  .conversion-card:hover {\n      transform: translateY(-5px);\n      box-shadow: 0 6px 15px rgba(0, 0, 0, 0.15);\n  }\n  .conversion-card p {\n      margin: 0;\n      padding: 0;\n  }\n<\/style>\n\n<div class=\"hero-section\">\n    <h1>Curso de 8 horas sobre concientizaci\u00f3n sobre drogas y alcohol \u2013 100% en l\u00ednea<\/h1>\n    <p>Esta clase en l\u00ednea de concientizaci\u00f3n sobre el alcohol y las drogas es un curso sobre drogas y alcohol de 8 horas que brinda educaci\u00f3n esencial sobre el consumo responsable de alcohol, su impacto en la salud, las consecuencias legales y la conciencia de los riesgos.<\/p>\n<p><strong>Un curso sobre drogas y alcohol completamente en l\u00ednea que se toma com\u00fanmente para libertad condicional, tribunales, empleadores o crecimiento personal.<\/strong><\/p>\n\n\n\n<\/div>\n<style>\n  .cta-wrapper {\n      text-align: center;\n      margin: 30px 0; \/* Adds spacing above & below *\/\n  }\n\n  .cta-button {\n      display: inline-block;\n      background: linear-gradient(135deg, #ff6600, #ff4500);\n      color: white;\n      font-size: 20px;\n      font-weight: 600;\n      padding: 15px 30px;\n      border-radius: 50px;\n      text-decoration: none;\n      box-shadow: 0px 4px 10px rgba(0, 0, 0, 0.2);\n      transition: all 0.3s ease-in-out;\n      text-align: center;\n  }\n\n  .cta-button:hover {\n      background: linear-gradient(135deg, #ff4500, #ff2200);\n      transform: translateY(-3px);\n      box-shadow: 0px 6px 15px rgba(0, 0, 0, 0.3);\n  }\n\n  \/* Responsive Tweaks for Mobile *\/\n  @media (max-width: 768px) {\n      .cta-button {\n          font-size: 18px;\n          padding: 12px 25px;\n      }\n  }\n<\/style>\n\n<div class=\"cta-wrapper\">\n    <a href=\"https:\/\/www.702duischool.com\/es\/alcohol-and-drug-awareness-registration\/\" class=\"cta-button\">\n        \ud83d\ude80 Empieza ahora\n    <\/a>\n<\/div>\n\n<div class=\"alcohol-awareness-container\">\n\n    <!-- Course Image -->\n    <div class=\"image-container\">\n        <img decoding=\"async\" src=\"https:\/\/www.702duischool.com\/wp-content\/uploads\/2025\/02\/alcohol_drug_awareness-scaled.jpeg\" alt=\"Alcohol Awareness Course\">\n    <\/div>\n\n    <!-- About the Course -->\n    <div class=\"section\">\n        <h2>\u00bfQu\u00e9 es el Curso de Concientizaci\u00f3n sobre el Alcohol?<\/h2>\n        <p>Este curso de 8 horas sobre concientizaci\u00f3n sobre drogas y alcohol es una capacitaci\u00f3n completamente en l\u00ednea y a su propio ritmo dise\u00f1ada para ense\u00f1ar <strong>Seguridad del alcohol, responsabilidades legales y riesgos para la salud<\/strong>Este curso es ampliamente aceptado para <strong>Cumplimiento del empleador, educaci\u00f3n legal, libertad condicional, mandatos judiciales y desarrollo personal<\/strong>.<\/p>\n        <p>Al tomar este curso, los participantes desarrollan una comprensi\u00f3n m\u00e1s profunda de los efectos del alcohol. <strong>Efectos sobre la salud, el comportamiento y la toma de decisiones<\/strong>.<\/p>\n    <\/div>\n\n    <!-- Key Benefits -->\n    <div class=\"section\">\n        <h2>\u00bfPor qu\u00e9 elegir nuestra clase de concientizaci\u00f3n sobre drogas y alcohol?<\/h2>\n        <div class=\"benefits-container\">\n            <div class=\"benefit-box\">\n                <h3>100% En l\u00ednea y a tu propio ritmo<\/h3>\n                <p>Completa el curso desde cualquier lugar y seg\u00fan tu horario.<\/p>\n            <\/div>\n            <div class=\"benefit-box\">\n                <h3>Certificado instant\u00e1neo al finalizar<\/h3>\n                <p>Recibe tu certificado oficial <strong>inmediatamente<\/strong> despu\u00e9s de aprobar el examen final.<\/p>\n            <\/div>\n            <div class=\"benefit-box\">\n                <h3>Aceptado para empleo y requisitos legales<\/h3>\n                <p>Se re\u00fane <strong>cumplimiento del empleador, educativo y legal<\/strong> necesidades.<\/p>\n            <\/div>\n        <\/div>\n    <\/div>\n<style>\n  .cta-wrapper {\n      text-align: center;\n      margin: 30px 0; \/* Adds spacing above & below *\/\n  }\n\n  .cta-button {\n      display: inline-block;\n      background: linear-gradient(135deg, #ff6600, #ff4500);\n      color: white;\n      font-size: 20px;\n      font-weight: 600;\n      padding: 15px 30px;\n      border-radius: 50px;\n      text-decoration: none;\n      box-shadow: 0px 4px 10px rgba(0, 0, 0, 0.2);\n      transition: all 0.3s ease-in-out;\n      text-align: center;\n  }\n\n  .cta-button:hover {\n      background: linear-gradient(135deg, #ff4500, #ff2200);\n      transform: translateY(-3px);\n      box-shadow: 0px 6px 15px rgba(0, 0, 0, 0.3);\n  }\n\n  \/* Responsive Tweaks for Mobile *\/\n  @media (max-width: 768px) {\n      .cta-button {\n          font-size: 18px;\n          padding: 12px 25px;\n      }\n  }\n<\/style>\n\n<div class=\"cta-wrapper\">\n    <a href=\"https:\/\/www.702duischool.com\/es\/alcohol-and-drug-awareness-registration\/\" class=\"cta-button\">\n        \ud83d\ude80 Empieza ahora\n    <\/a>\n<\/div>\n\n    <style>\n  \/* Internal Links & Course Grid Enhancements *\/\n  .courses-grid {\n      display: grid;\n      grid-template-columns: repeat(auto-fit, minmax(280px, 1fr));\n      gap: 20px;\n      margin-top: 40px;\n      text-align: center;\n  }\n  \n  .course-card {\n      background: white;\n      padding: 20px;\n      border-radius: 8px;\n      box-shadow: 0 4px 10px rgba(0, 0, 0, 0.1);\n      transition: transform 0.3s ease-in-out;\n  }\n\n  .course-card:hover {\n      transform: translateY(-5px);\n      box-shadow: 0 6px 15px rgba(0, 0, 0, 0.15);\n  }\n\n  .course-card h3 {\n      font-size: 20px;\n      font-weight: 600;\n      margin: 10px 0;\n      color: #0056b3;\n  }\n\n  .course-card p {\n      font-size: 16px;\n      color: #333;\n  }\n\n  .course-card a {\n      display: inline-block;\n      margin-top: 10px;\n      background: #ff6600;\n      color: white;\n      padding: 10px 20px;\n      border-radius: 6px;\n      text-decoration: none;\n      font-weight: 600;\n      transition: background 0.3s;\n  }\n\n  .course-card a:hover {\n      background: #e65c00;\n  }\n<\/style>\n\n<!-- Internal Links Section -->\n<div class=\"section\">\n    <h2>Explorar m\u00e1s cursos<\/h2>\n    <p>\u00bfEst\u00e1 interesado en otros programas educativos? Consulte nuestros <a href=\"https:\/\/www.702duischool.com\/es\/courses\/\">Cat\u00e1logo completo de cursos<\/a> o inscribirse en un programa especializado de DUI.<\/p>\n    <p><a href=\"https:\/\/www.702duischool.com\/es\/dui-education-courses\/\">Cursos de educaci\u00f3n sobre conducci\u00f3n bajo los efectos del alcohol<\/a> | \n    <a href=\"https:\/\/www.702duischool.com\/es\/alcohol-awareness\/\">Clase de concientizaci\u00f3n sobre drogas y alcohol<\/a> | \n    <a href=\"https:\/\/www.702duischool.com\/es\/victim-impact-panel\/\">Panel de Impacto de V\u00edctimas<\/a><\/p>\n<\/div>\n\n<!-- Course Grid -->\n<div class=\"section\">\n    <h2>Nuestros cursos en l\u00ednea disponibles<\/h2>\n    <div class=\"courses-grid\">\n        <!-- Course 1 -->\n        <div class=\"course-card\">\n            <h3>Clase de 8 horas sobre concientizaci\u00f3n sobre drogas y alcohol<\/h3>\n            <p>Aprenda sobre el impacto, la seguridad y las responsabilidades legales del alcohol.<\/p>\n            <a href=\"https:\/\/www.702duischool.com\/es\/drug-and-alcohol-awareness-class\/\">Ver curso<\/a>\n        <\/div>\n\n        <!-- Course 2 -->\n        <div class=\"course-card\">\n            <h3>Nivel 1 \u2013 Curso de DUI de 8 horas<\/h3>\n            <p>Un curso de DUI para principiantes que cumple con los requisitos judiciales y del DMV.<\/p>\n            <a href=\"https:\/\/www.702duischool.com\/es\/registration-for-level-1-8-hour-nevada-online-dui-course\/\">Ver curso<\/a>\n        <\/div>\n\n        <!-- Course 3 -->\n        <div class=\"course-card\">\n            <h3>Nivel 2 \u2013 Curso de DUI de 12 horas<\/h3>\n            <p>Curso intermedio de DUI que cubre prevenci\u00f3n, leyes y responsabilidad.<\/p>\n            <a href=\"https:\/\/www.702duischool.com\/es\/registration-for-level-2-12-hour-nevada-online-dui-course\/\">Ver curso<\/a>\n        <\/div>\n\n        <!-- Course 4 -->\n        <div class=\"course-card\">\n            <h3>Nivel 2 \u2013 Curso de DUI de 16 horas<\/h3>\n            <p>Un programa integral para infractores de DUI de alto riesgo.<\/p>\n            <a href=\"https:\/\/www.702duischool.com\/es\/registration-for-level-2-16-hour-nevada-online-dui-course\/\">Ver curso<\/a>\n        <\/div>\n        \n         <!-- Course 5 -->\n        <div class=\"course-card\">\n            <h3>Nivel 2 \u2013 Curso de DUI de 18 horas<\/h3>\n            <p>Un programa integral para infractores de DUI de alto riesgo.<\/p>\n            <a href=\"https:\/\/www.702duischool.com\/es\/registration-for-level-2-18-hour-nevada-online-dui-course\/\">Ver curso<\/a>\n        <\/div>\n\n        <!-- Course 6 -->\n        <div class=\"course-card\">\n            <h3>Panel de Impacto de V\u00edctimas<\/h3>\n            <p>Comprenda las consecuencias de conducir bajo los efectos del alcohol a trav\u00e9s de historias reales.<\/p>\n            <a href=\"https:\/\/www.702duischool.com\/es\/victim-impact-panel\/\">Ver curso<\/a>\n        <\/div>\n    <\/div>\n<\/div>\n\n<div class=\"conversion-card\">\n    <p>\ud83d\udca1 <strong>Comprender el impacto del alcohol es esencial para tomar decisiones informadas.<\/strong> Este curso le proporciona los conocimientos que necesita para promover la toma de decisiones responsable, evitar problemas legales y proteger su salud. Ya sea para el crecimiento personal, el cumplimiento de las normas en el lugar de trabajo o la educaci\u00f3n legal, nuestro atractivo programa en l\u00ednea hace que el aprendizaje sea f\u00e1cil, conveniente y eficaz. \u00a1Comience hoy mismo!<\/p>\n<\/div>\n    <!-- Course Outline -->\n    <div class=\"section\">\n        <h2>Lo que aprender\u00e1 en este curso de concientizaci\u00f3n sobre el alcohol<\/h2>\n        <ul style=\"font-size: 18px; list-style-type: none; padding: 0; text-align: center;\">\n            <li>\u2714 El impacto del alcohol en el cerebro y el cuerpo<\/li>\n            <li>\u2714 Consecuencias legales de los delitos relacionados con el alcohol<\/li>\n            <li>\u2714 Comprender los h\u00e1bitos de consumo responsable de alcohol<\/li>\n            <li>\u2714 Riesgos para la salud y efectos a largo plazo del alcohol<\/li>\n        <\/ul>\n    <\/div>\n\n    <!-- FAQ Section -->\n    <div class=\"faq-container\">\n        <h3>Preguntas frecuentes<\/h3>\n        <div class=\"faq-item\"><strong>\u00bfQui\u00e9n deber\u00eda tomar este curso?<\/strong> Empleados, estudiantes y personas que cumplan requisitos educativos o legales.<\/div>\n        <div class=\"faq-item\"><strong>\u00bfCu\u00e1nto tiempo se tarda?<\/strong> El curso dura <strong>8 horas<\/strong>, pero puedes completarlo a tu propio ritmo.<\/div>\n        <div class=\"faq-item\"><strong>\u00bfCu\u00e1ndo recibo mi certificado?<\/strong> Inmediatamente despu\u00e9s de completar con \u00e9xito el curso.<\/div>\n    <\/div>\n\n    <!-- Outbound Link (SEO Fix) -->\n    <div class=\"section\" style=\"text-align: center; font-size: 16px;\">\n        <p>Obtenga m\u00e1s informaci\u00f3n sobre la seguridad del alcohol en <a href=\"https:\/\/www.niaaa.nih.gov\/\" target=\"_blank\" rel=\"noopener noreferrer\">Instituto Nacional sobre el Abuso del Alcohol y el Alcoholismo<\/a>.<\/p>\n    <\/div>\n\n<\/div>\n\n\n\n<p><\/p>","protected":false},"excerpt":{"rendered":"<p>Curso de 8 horas sobre drogas y alcohol \u2013 100% en l\u00ednea. Este curso en l\u00ednea de 8 horas sobre drogas y alcohol ofrece educaci\u00f3n esencial sobre el consumo responsable de alcohol, su impacto en la salud, las consecuencias legales y la concienciaci\u00f3n de riesgos. Este curso completamente en l\u00ednea se suele tomar para libertad condicional, tribunales, empleadores o asuntos personales. [\u2026]<\/p>","protected":false},"author":1,"featured_media":0,"parent":0,"menu_order":0,"comment_status":"closed","ping_status":"closed","template":"","meta":{"footnotes":""},"class_list":["post-6621","page","type-page","status-publish","hentry"],"yoast_head":"<!-- This site is optimized with the Yoast SEO Premium plugin v26.7 (Yoast SEO v26.7) - https:\/\/yoast.com\/wordpress\/plugins\/seo\/ -->\n<title>Drug and Alcohol Awareness Class - 702 DUI School - Your Online DUI Course in Las Vegas Nevada<\/title>\n<meta name=\"description\" content=\"Complete your 8-hour Alcohol Awareness Course 100% online. Get your certificate today. Accepted for education, workplace, and legal requirements.\" \/>\n<meta name=\"robots\" content=\"index, follow, max-snippet:-1, max-image-preview:large, max-video-preview:-1\" \/>\n<link rel=\"canonical\" href=\"https:\/\/www.702duischool.com\/es\/drug-and-alcohol-awareness-class\/\" \/>\n<meta property=\"og:locale\" content=\"es_MX\" \/>\n<meta property=\"og:type\" content=\"article\" \/>\n<meta property=\"og:title\" content=\"Drug and Alcohol Awareness Class\" \/>\n<meta property=\"og:description\" content=\"Complete your 8-hour Alcohol Awareness Course 100% online. Get your certificate today. Accepted for education, workplace, and legal requirements.\" \/>\n<meta property=\"og:url\" content=\"https:\/\/www.702duischool.com\/es\/drug-and-alcohol-awareness-class\/\" \/>\n<meta property=\"og:site_name\" content=\"702 DUI School - Your Online DUI Course in Las Vegas Nevada\" \/>\n<meta property=\"article:modified_time\" content=\"2025-03-01T11:10:45+00:00\" \/>\n<meta property=\"og:image\" content=\"https:\/\/www.702duischool.com\/wp-content\/uploads\/2025\/02\/alcohol_drug_awareness-scaled.jpeg\" \/>\n<meta name=\"twitter:card\" content=\"summary_large_image\" \/>\n<meta name=\"twitter:label1\" content=\"Tiempo de lectura\" \/>\n\t<meta name=\"twitter:data1\" content=\"3 minutos\" \/>\n<script type=\"application\/ld+json\" class=\"yoast-schema-graph\">{\"@context\":\"https:\/\/schema.org\",\"@graph\":[{\"@type\":\"WebPage\",\"@id\":\"https:\/\/www.702duischool.com\/drug-and-alcohol-awareness-class\/\",\"url\":\"https:\/\/www.702duischool.com\/drug-and-alcohol-awareness-class\/\",\"name\":\"Drug and Alcohol Awareness Class - 702 DUI School - Your Online DUI Course in Las Vegas Nevada\",\"isPartOf\":{\"@id\":\"https:\/\/www.702duischool.com\/#website\"},\"primaryImageOfPage\":{\"@id\":\"https:\/\/www.702duischool.com\/drug-and-alcohol-awareness-class\/#primaryimage\"},\"image\":{\"@id\":\"https:\/\/www.702duischool.com\/drug-and-alcohol-awareness-class\/#primaryimage\"},\"thumbnailUrl\":\"https:\/\/www.702duischool.com\/wp-content\/uploads\/2025\/02\/alcohol_drug_awareness-scaled.jpeg\",\"datePublished\":\"2025-02-19T07:21:07+00:00\",\"dateModified\":\"2025-03-01T11:10:45+00:00\",\"description\":\"Complete your 8-hour Alcohol Awareness Course 100% online. Get your certificate today. Accepted for education, workplace, and legal requirements.\",\"breadcrumb\":{\"@id\":\"https:\/\/www.702duischool.com\/drug-and-alcohol-awareness-class\/#breadcrumb\"},\"inLanguage\":\"es\",\"potentialAction\":[{\"@type\":\"ReadAction\",\"target\":[\"https:\/\/www.702duischool.com\/drug-and-alcohol-awareness-class\/\"]}]},{\"@type\":\"ImageObject\",\"inLanguage\":\"es\",\"@id\":\"https:\/\/www.702duischool.com\/drug-and-alcohol-awareness-class\/#primaryimage\",\"url\":\"https:\/\/www.702duischool.com\/wp-content\/uploads\/2025\/02\/alcohol_drug_awareness-scaled.jpeg\",\"contentUrl\":\"https:\/\/www.702duischool.com\/wp-content\/uploads\/2025\/02\/alcohol_drug_awareness-scaled.jpeg\"},{\"@type\":\"BreadcrumbList\",\"@id\":\"https:\/\/www.702duischool.com\/drug-and-alcohol-awareness-class\/#breadcrumb\",\"itemListElement\":[{\"@type\":\"ListItem\",\"position\":1,\"name\":\"Home\",\"item\":\"https:\/\/www.702duischool.com\/\"},{\"@type\":\"ListItem\",\"position\":2,\"name\":\"Drug and Alcohol Awareness Class\"}]},{\"@type\":\"WebSite\",\"@id\":\"https:\/\/www.702duischool.com\/#website\",\"url\":\"https:\/\/www.702duischool.com\/\",\"name\":\"702 DUI School - Your Online DUI Course in Las Vegas Nevada\",\"description\":\"Comprehensive, Convenient, Certified: Your Nevada Online DUI School\",\"publisher\":{\"@id\":\"https:\/\/www.702duischool.com\/#organization\"},\"potentialAction\":[{\"@type\":\"SearchAction\",\"target\":{\"@type\":\"EntryPoint\",\"urlTemplate\":\"https:\/\/www.702duischool.com\/?s={search_term_string}\"},\"query-input\":{\"@type\":\"PropertyValueSpecification\",\"valueRequired\":true,\"valueName\":\"search_term_string\"}}],\"inLanguage\":\"es\"},{\"@type\":\"Organization\",\"@id\":\"https:\/\/www.702duischool.com\/#organization\",\"name\":\"702 Onlie Schools, LLC\",\"alternateName\":\"702DUISchool.com\",\"url\":\"https:\/\/www.702duischool.com\/\",\"logo\":{\"@type\":\"ImageObject\",\"inLanguage\":\"es\",\"@id\":\"https:\/\/www.702duischool.com\/#\/schema\/logo\/image\/\",\"url\":\"https:\/\/www.702duischool.com\/wp-content\/uploads\/2025\/10\/702-dui-school-nevada-logo-e1761216795683.png\",\"contentUrl\":\"https:\/\/www.702duischool.com\/wp-content\/uploads\/2025\/10\/702-dui-school-nevada-logo-e1761216795683.png\",\"width\":489,\"height\":600,\"caption\":\"702 Onlie Schools, LLC\"},\"image\":{\"@id\":\"https:\/\/www.702duischool.com\/#\/schema\/logo\/image\/\"},\"sameAs\":[\"https:\/\/www.linkedin.com\/company\/702duischool\/\"]}]}<\/script>\n<!-- \/ Yoast SEO Premium plugin. -->","yoast_head_json":{"title":"Clase de concientizaci\u00f3n sobre drogas y alcohol - 702 DUI School - Su curso de DUI en l\u00ednea en Las Vegas, Nevada","description":"Completa tu Curso de Concientizaci\u00f3n sobre el Alcohol 100% de 8 horas en l\u00ednea. Obt\u00e9n tu certificado hoy mismo. Aceptado para requisitos educativos, laborales y legales.","robots":{"index":"index","follow":"follow","max-snippet":"max-snippet:-1","max-image-preview":"max-image-preview:large","max-video-preview":"max-video-preview:-1"},"canonical":"https:\/\/www.702duischool.com\/es\/drug-and-alcohol-awareness-class\/","og_locale":"es_MX","og_type":"article","og_title":"Drug and Alcohol Awareness Class","og_description":"Complete your 8-hour Alcohol Awareness Course 100% online. Get your certificate today. Accepted for education, workplace, and legal requirements.","og_url":"https:\/\/www.702duischool.com\/es\/drug-and-alcohol-awareness-class\/","og_site_name":"702 DUI School - Your Online DUI Course in Las Vegas Nevada","article_modified_time":"2025-03-01T11:10:45+00:00","og_image":[{"url":"https:\/\/www.702duischool.com\/wp-content\/uploads\/2025\/02\/alcohol_drug_awareness-scaled.jpeg","type":"","width":"","height":""}],"twitter_card":"summary_large_image","twitter_misc":{"Tiempo de lectura":"3 minutos"},"schema":{"@context":"https:\/\/schema.org","@graph":[{"@type":"WebPage","@id":"https:\/\/www.702duischool.com\/drug-and-alcohol-awareness-class\/","url":"https:\/\/www.702duischool.com\/drug-and-alcohol-awareness-class\/","name":"Clase de concientizaci\u00f3n sobre drogas y alcohol - 702 DUI School - Su curso de DUI en l\u00ednea en Las Vegas, Nevada","isPartOf":{"@id":"https:\/\/www.702duischool.com\/#website"},"primaryImageOfPage":{"@id":"https:\/\/www.702duischool.com\/drug-and-alcohol-awareness-class\/#primaryimage"},"image":{"@id":"https:\/\/www.702duischool.com\/drug-and-alcohol-awareness-class\/#primaryimage"},"thumbnailUrl":"https:\/\/www.702duischool.com\/wp-content\/uploads\/2025\/02\/alcohol_drug_awareness-scaled.jpeg","datePublished":"2025-02-19T07:21:07+00:00","dateModified":"2025-03-01T11:10:45+00:00","description":"Completa tu Curso de Concientizaci\u00f3n sobre el Alcohol 100% de 8 horas en l\u00ednea. Obt\u00e9n tu certificado hoy mismo. Aceptado para requisitos educativos, laborales y legales.","breadcrumb":{"@id":"https:\/\/www.702duischool.com\/drug-and-alcohol-awareness-class\/#breadcrumb"},"inLanguage":"es","potentialAction":[{"@type":"ReadAction","target":["https:\/\/www.702duischool.com\/drug-and-alcohol-awareness-class\/"]}]},{"@type":"ImageObject","inLanguage":"es","@id":"https:\/\/www.702duischool.com\/drug-and-alcohol-awareness-class\/#primaryimage","url":"https:\/\/www.702duischool.com\/wp-content\/uploads\/2025\/02\/alcohol_drug_awareness-scaled.jpeg","contentUrl":"https:\/\/www.702duischool.com\/wp-content\/uploads\/2025\/02\/alcohol_drug_awareness-scaled.jpeg"},{"@type":"BreadcrumbList","@id":"https:\/\/www.702duischool.com\/drug-and-alcohol-awareness-class\/#breadcrumb","itemListElement":[{"@type":"ListItem","position":1,"name":"Home","item":"https:\/\/www.702duischool.com\/"},{"@type":"ListItem","position":2,"name":"Drug and Alcohol Awareness Class"}]},{"@type":"WebSite","@id":"https:\/\/www.702duischool.com\/#website","url":"https:\/\/www.702duischool.com\/","name":"Escuela 702 DUI: su curso de DUI en l\u00ednea en Las Vegas Nevada","description":"Integral, conveniente y certificada: su escuela de DUI en l\u00ednea de Nevada","publisher":{"@id":"https:\/\/www.702duischool.com\/#organization"},"potentialAction":[{"@type":"SearchAction","target":{"@type":"EntryPoint","urlTemplate":"https:\/\/www.702duischool.com\/?s={search_term_string}"},"query-input":{"@type":"PropertyValueSpecification","valueRequired":true,"valueName":"search_term_string"}}],"inLanguage":"es"},{"@type":"Organization","@id":"https:\/\/www.702duischool.com\/#organization","name":"702 Escuelas en l\u00ednea, LLC","alternateName":"702DUISchool.com","url":"https:\/\/www.702duischool.com\/","logo":{"@type":"ImageObject","inLanguage":"es","@id":"https:\/\/www.702duischool.com\/#\/schema\/logo\/image\/","url":"https:\/\/www.702duischool.com\/wp-content\/uploads\/2025\/10\/702-dui-school-nevada-logo-e1761216795683.png","contentUrl":"https:\/\/www.702duischool.com\/wp-content\/uploads\/2025\/10\/702-dui-school-nevada-logo-e1761216795683.png","width":489,"height":600,"caption":"702 Onlie Schools, LLC"},"image":{"@id":"https:\/\/www.702duischool.com\/#\/schema\/logo\/image\/"},"sameAs":["https:\/\/www.linkedin.com\/company\/702duischool\/"]}]}},"_links":{"self":[{"href":"https:\/\/www.702duischool.com\/es\/wp-json\/wp\/v2\/pages\/6621","targetHints":{"allow":["GET"]}}],"collection":[{"href":"https:\/\/www.702duischool.com\/es\/wp-json\/wp\/v2\/pages"}],"about":[{"href":"https:\/\/www.702duischool.com\/es\/wp-json\/wp\/v2\/types\/page"}],"author":[{"embeddable":true,"href":"https:\/\/www.702duischool.com\/es\/wp-json\/wp\/v2\/users\/1"}],"replies":[{"embeddable":true,"href":"https:\/\/www.702duischool.com\/es\/wp-json\/wp\/v2\/comments?post=6621"}],"version-history":[{"count":33,"href":"https:\/\/www.702duischool.com\/es\/wp-json\/wp\/v2\/pages\/6621\/revisions"}],"predecessor-version":[{"id":6747,"href":"https:\/\/www.702duischool.com\/es\/wp-json\/wp\/v2\/pages\/6621\/revisions\/6747"}],"wp:attachment":[{"href":"https:\/\/www.702duischool.com\/es\/wp-json\/wp\/v2\/media?parent=6621"}],"curies":[{"name":"gracias","href":"https:\/\/api.w.org\/{rel}","templated":true}]}}