{"id":3936,"date":"2024-09-16T23:17:55","date_gmt":"2024-09-16T23:17:55","guid":{"rendered":"https:\/\/www.702duischool.com\/?page_id=3936"},"modified":"2024-09-27T20:12:27","modified_gmt":"2024-09-27T20:12:27","slug":"las-vegas-dui-defense","status":"publish","type":"page","link":"https:\/\/www.702duischool.com\/es\/las-vegas-dui-defense\/","title":{"rendered":"Defensa por conducir bajo los efectos del alcohol en Las Vegas"},"content":{"rendered":"<div class=\"wp-block-cover is-light has-black-color has-text-color has-link-color wp-elements-0c7a6032d027b4e1a7d48c89daed2776 wp-duotone-unset-1\"><span aria-hidden=\"true\" class=\"wp-block-cover__background has-background-dim-80 has-background-dim\" style=\"background-color:#74a0c1\"><\/span><img loading=\"lazy\" decoding=\"async\" width=\"2560\" height=\"1707\" class=\"wp-block-cover__image-background wp-image-3905\" alt=\"Las Vegas Municipal Courtroom with Legal Documents\" src=\"https:\/\/www.702duischool.com\/wp-content\/uploads\/2024\/09\/las-vegas-dui-attorneys-scaled.jpeg\" data-object-fit=\"cover\" srcset=\"https:\/\/www.702duischool.com\/wp-content\/uploads\/2024\/09\/las-vegas-dui-attorneys-scaled.jpeg 2560w, https:\/\/www.702duischool.com\/wp-content\/uploads\/2024\/09\/las-vegas-dui-attorneys-300x200.jpeg 300w, https:\/\/www.702duischool.com\/wp-content\/uploads\/2024\/09\/las-vegas-dui-attorneys-1024x683.jpeg 1024w, https:\/\/www.702duischool.com\/wp-content\/uploads\/2024\/09\/las-vegas-dui-attorneys-768x512.jpeg 768w, https:\/\/www.702duischool.com\/wp-content\/uploads\/2024\/09\/las-vegas-dui-attorneys-1536x1024.jpeg 1536w, https:\/\/www.702duischool.com\/wp-content\/uploads\/2024\/09\/las-vegas-dui-attorneys-2048x1365.jpeg 2048w, https:\/\/www.702duischool.com\/wp-content\/uploads\/2024\/09\/las-vegas-dui-attorneys-18x12.jpeg 18w\" sizes=\"auto, (max-width: 2560px) 100vw, 2560px\" \/><div class=\"wp-block-cover__inner-container is-layout-constrained wp-block-cover-is-layout-constrained\">\n<h2 class=\"wp-block-heading has-text-align-center has-black-color has-text-color has-link-color has-large-font-size wp-elements-a0b42625f593ed5c38ec07fbed00fa08\" id=\"h-get-expert-dui-defense-in-las-vegas\"><strong>Obtenga una defensa experta por conducir bajo los efectos del alcohol en Las Vegas<\/strong><\/h2>\n\n\n\n<h4 class=\"wp-block-heading has-text-align-center\" id=\"h-facing-dui-charges-can-be-stressful-and-overwhelming-in-las-vegas-the-defense-firm-is-here-to-provide-you-with-top-tier-dui-defense-their-experienced-attorneys-led-by-k-ryan-helmick-specialize-in-dui-cases-from-first-time-offenders-to-more-serious-charges-with-a-deep-understanding-of-nevada-dui-laws-they-fight-to-protect-your-rights-and-reduce-or-eliminate-charges\">Enfrentar cargos por conducir bajo los efectos del alcohol puede ser estresante y abrumador. En Las Vegas, <a href=\"https:\/\/thedefensefirm.com\/our-team\/\">La Firma de Defensa<\/a> est\u00e1 aqu\u00ed para brindarle una defensa de primer nivel contra DUI. Sus abogados experimentados, dirigidos por K. Ryan Helmick, se especializan en casos de DUI, desde infractores primerizos hasta cargos m\u00e1s graves. Con un profundo conocimiento de las leyes de DUI de Nevada, luchan para proteger sus derechos y reducir o eliminar los cargos.<\/h4>\n\n\n\n<div class=\"wp-block-buttons is-content-justification-center is-layout-flex wp-container-core-buttons-is-layout-16018d1d wp-block-buttons-is-layout-flex\">\n<div class=\"wp-block-button\"><a class=\"wp-block-button__link has-text-align-center wp-element-button\" href=\"#get-started\">\u00a1Obtenga ayuda por DUI ahora!<\/a><\/div>\n<\/div>\n<\/div><\/div>\n\n\n\n<p>Cuando contrata a The Defense Firm, no solo obtiene un abogado, sino un equipo dedicado a minimizar el impacto de los cargos por DUI en su vida.<\/p>\n\n\n\n<h2 class=\"wp-block-heading\">ACERCA DE K. Ryan Helmick<\/h2>\n\n\n\n<p><a href=\"https:\/\/thedefensefirm.com\/who-we-are\/\">Ryan Helmick<\/a> Con The Defense Firm hemos sido reconocidos exclusivamente en Defensa Penal y leyes de DUI. <em>Abogados Litigantes Nacionales \u201cTop 40 Under 40\u201d&nbsp;<\/em>durante varios a\u00f1os. Desde 2018 hasta 2021, ha sido seleccionado como uno de los&nbsp;<em>\u201cLos 10 mejores abogados\u201d del Instituto Americano de Abogados de DUI<\/em>En 2020 fue seleccionado como<em>&nbsp;\u201cLos 10 mejores menores de 40 a\u00f1os\u201d por el Instituto Americano de Abogados de Derecho Penal.<\/em><\/p>\n\n\n\n<h2 class=\"wp-block-heading\" id=\"h-why-choose-the-defense-firm\">\u00bfPor qu\u00e9 elegir \u201cThe Defense Firm\u201d?<\/h2>\n\n\n\n<p>The Defense Firm se destaca en la defensa de casos de DUI en Las Vegas. Han defendido con \u00e9xito innumerables casos de DUI, ayudando a los clientes a evitar penas de c\u00e1rcel, multas y suspensiones de licencias. Su enfoque estrat\u00e9gico incluye analizar informes policiales, cuestionar pruebas de sobriedad en el campo y cuestionar los resultados del alcohol\u00edmetro.<\/p>\n\n\n\n<p>Elegir The Defense Firm significa contar con un defensor de confianza que luchar\u00e1 incansablemente en su nombre. Ya sea negociando acuerdos de culpabilidad o llevando el caso a juicio, su experiencia legal garantiza el mejor resultado posible.<\/p>\n\n\n\n<h2 class=\"wp-block-heading\" id=\"h-protect-your-rights-and-future\">Proteja sus derechos y su futuro<\/h2>\n\n\n\n<p>Una condena por conducir bajo los efectos del alcohol puede tener consecuencias graves, como antecedentes penales permanentes, p\u00e9rdida del empleo y aumento de las tarifas del seguro. The Defense Firm trabaja para proteger su futuro brind\u00e1ndole asesoramiento y representaci\u00f3n legal especializados. No permita que un DUI arruine su vida: tome medidas ahora y comun\u00edquese con The Defense Firm para recibir una consulta gratuita.<\/p>\n\n\n\n<p>Su equipo lo guiar\u00e1 a trav\u00e9s de cada paso del proceso legal, asegur\u00e1ndose de que comprenda sus derechos y opciones.<\/p>\n\n\n\n<h2 class=\"wp-block-heading\" id=\"h-get-help\">\u00a1Obtenga ayuda!<\/h2>\n\n\n\n<p>Si enfrenta cargos por conducir bajo los efectos del alcohol en Las Vegas, no dude en buscar ayuda profesional. Comun\u00edquese con The Defense Firm hoy mismo para hablar con un abogado con experiencia en casos de conducir bajo los efectos del alcohol que lo apoyar\u00e1 y defender\u00e1 sus derechos.<\/p>\n\n\n\n<h2 class=\"wp-block-heading\" id=\"get-started\">Act\u00fae ahora para proteger sus privilegios de conducir y su futuro<\/h2>\n\n\n\n<p>Cont\u00e1ctanos ahora en\u00a0<a href=\"tel:+17024356425\">702-HELMICK (702-435-6425)<\/a>\u00a0o complete nuestro formulario en l\u00ednea para obtener asistencia legal experta.<\/p>\n\n\n\n<div class=\"wp-block-buttons is-layout-flex wp-block-buttons-is-layout-flex\">\n<div class=\"wp-block-button\"><a class=\"wp-block-button__link wp-element-button\" href=\"https:\/\/thedefensefirm.com\/contact-us\/\" target=\"_blank\" rel=\"noreferrer noopener\">\u00a1Contacta a \u201cThe Defense Firm\u201d hoy mismo!<\/a><\/div>\n<\/div>\n\n\n\n<p><\/p>","protected":false},"excerpt":{"rendered":"<p>Cuando contrata a The Defense Firm, no solo obtiene un abogado, sino un equipo que se dedica a minimizar el impacto de los cargos por DUI en su vida. ACERCA DE K. Ryan Helmick Ryan Helmick de The Defense Firm ha sido reconocido exclusivamente en defensa penal y derecho de DUI. National Trial Lawyers \u201cTop 40 Under 40\u201d por m\u00faltiples [\u2026]<\/p>","protected":false},"author":1,"featured_media":0,"parent":0,"menu_order":0,"comment_status":"closed","ping_status":"closed","template":"","meta":{"footnotes":""},"class_list":["post-3936","page","type-page","status-publish","hentry"],"yoast_head":"<!-- This site is optimized with the Yoast SEO Premium plugin v26.7 (Yoast SEO v26.7) - https:\/\/yoast.com\/wordpress\/plugins\/seo\/ -->\n<title>Las Vegas DUI Defense | Trusted DUI Attorneys in Las Vegas<\/title>\n<meta name=\"description\" content=\"Looking for expert Las Vegas DUI defense? The Defense Firm provides experienced DUI attorneys to protect your rights and future.\" \/>\n<meta name=\"robots\" content=\"index, follow, max-snippet:-1, max-image-preview:large, max-video-preview:-1\" \/>\n<link rel=\"canonical\" href=\"https:\/\/www.702duischool.com\/es\/las-vegas-dui-defense\/\" \/>\n<meta property=\"og:locale\" content=\"es_MX\" \/>\n<meta property=\"og:type\" content=\"article\" \/>\n<meta property=\"og:title\" content=\"Las Vegas DUI Defense\" \/>\n<meta property=\"og:description\" content=\"Looking for expert Las Vegas DUI defense? The Defense Firm provides experienced DUI attorneys to protect your rights and future.\" \/>\n<meta property=\"og:url\" content=\"https:\/\/www.702duischool.com\/es\/las-vegas-dui-defense\/\" \/>\n<meta property=\"og:site_name\" content=\"702 DUI School - Your Online DUI Course in Las Vegas Nevada\" \/>\n<meta property=\"article:modified_time\" content=\"2024-09-27T20:12:27+00:00\" \/>\n<meta property=\"og:image\" content=\"https:\/\/www.702duischool.com\/wp-content\/uploads\/2024\/09\/las-vegas-dui-attorneys-scaled.jpeg\" \/>\n<meta name=\"twitter:card\" content=\"summary_large_image\" \/>\n<meta name=\"twitter:label1\" content=\"Tiempo de lectura\" \/>\n\t<meta name=\"twitter:data1\" content=\"2 minutos\" \/>\n<script type=\"application\/ld+json\" class=\"yoast-schema-graph\">{\"@context\":\"https:\/\/schema.org\",\"@graph\":[{\"@type\":\"WebPage\",\"@id\":\"https:\/\/www.702duischool.com\/las-vegas-dui-defense\/\",\"url\":\"https:\/\/www.702duischool.com\/las-vegas-dui-defense\/\",\"name\":\"Las Vegas DUI Defense | Trusted DUI Attorneys in Las Vegas\",\"isPartOf\":{\"@id\":\"https:\/\/www.702duischool.com\/#website\"},\"primaryImageOfPage\":{\"@id\":\"https:\/\/www.702duischool.com\/las-vegas-dui-defense\/#primaryimage\"},\"image\":{\"@id\":\"https:\/\/www.702duischool.com\/las-vegas-dui-defense\/#primaryimage\"},\"thumbnailUrl\":\"https:\/\/www.702duischool.com\/wp-content\/uploads\/2024\/09\/las-vegas-dui-attorneys-scaled.jpeg\",\"datePublished\":\"2024-09-16T23:17:55+00:00\",\"dateModified\":\"2024-09-27T20:12:27+00:00\",\"description\":\"Looking for expert Las Vegas DUI defense? The Defense Firm provides experienced DUI attorneys to protect your rights and future.\",\"breadcrumb\":{\"@id\":\"https:\/\/www.702duischool.com\/las-vegas-dui-defense\/#breadcrumb\"},\"inLanguage\":\"es\",\"potentialAction\":[{\"@type\":\"ReadAction\",\"target\":[\"https:\/\/www.702duischool.com\/las-vegas-dui-defense\/\"]}]},{\"@type\":\"ImageObject\",\"inLanguage\":\"es\",\"@id\":\"https:\/\/www.702duischool.com\/las-vegas-dui-defense\/#primaryimage\",\"url\":\"https:\/\/www.702duischool.com\/wp-content\/uploads\/2024\/09\/las-vegas-dui-attorneys-scaled.jpeg\",\"contentUrl\":\"https:\/\/www.702duischool.com\/wp-content\/uploads\/2024\/09\/las-vegas-dui-attorneys-scaled.jpeg\"},{\"@type\":\"BreadcrumbList\",\"@id\":\"https:\/\/www.702duischool.com\/las-vegas-dui-defense\/#breadcrumb\",\"itemListElement\":[{\"@type\":\"ListItem\",\"position\":1,\"name\":\"Home\",\"item\":\"https:\/\/www.702duischool.com\/\"},{\"@type\":\"ListItem\",\"position\":2,\"name\":\"Las Vegas DUI Defense\"}]},{\"@type\":\"WebSite\",\"@id\":\"https:\/\/www.702duischool.com\/#website\",\"url\":\"https:\/\/www.702duischool.com\/\",\"name\":\"702 DUI School - Your Online DUI Course in Las Vegas Nevada\",\"description\":\"Comprehensive, Convenient, Certified: Your Nevada Online DUI School\",\"publisher\":{\"@id\":\"https:\/\/www.702duischool.com\/#organization\"},\"potentialAction\":[{\"@type\":\"SearchAction\",\"target\":{\"@type\":\"EntryPoint\",\"urlTemplate\":\"https:\/\/www.702duischool.com\/?s={search_term_string}\"},\"query-input\":{\"@type\":\"PropertyValueSpecification\",\"valueRequired\":true,\"valueName\":\"search_term_string\"}}],\"inLanguage\":\"es\"},{\"@type\":\"Organization\",\"@id\":\"https:\/\/www.702duischool.com\/#organization\",\"name\":\"702 Onlie Schools, LLC\",\"alternateName\":\"702DUISchool.com\",\"url\":\"https:\/\/www.702duischool.com\/\",\"logo\":{\"@type\":\"ImageObject\",\"inLanguage\":\"es\",\"@id\":\"https:\/\/www.702duischool.com\/#\/schema\/logo\/image\/\",\"url\":\"https:\/\/www.702duischool.com\/wp-content\/uploads\/2025\/10\/702-dui-school-nevada-logo-e1761216795683.png\",\"contentUrl\":\"https:\/\/www.702duischool.com\/wp-content\/uploads\/2025\/10\/702-dui-school-nevada-logo-e1761216795683.png\",\"width\":489,\"height\":600,\"caption\":\"702 Onlie Schools, LLC\"},\"image\":{\"@id\":\"https:\/\/www.702duischool.com\/#\/schema\/logo\/image\/\"},\"sameAs\":[\"https:\/\/www.linkedin.com\/company\/702duischool\/\"]}]}<\/script>\n<!-- \/ Yoast SEO Premium plugin. -->","yoast_head_json":{"title":"Defensa por DUI en Las Vegas | Abogados de confianza en Las Vegas","description":"\u00bfBusca una defensa experta contra DUI en Las Vegas? The Defense Firm ofrece abogados con experiencia en DUI para proteger sus derechos y su futuro.","robots":{"index":"index","follow":"follow","max-snippet":"max-snippet:-1","max-image-preview":"max-image-preview:large","max-video-preview":"max-video-preview:-1"},"canonical":"https:\/\/www.702duischool.com\/es\/las-vegas-dui-defense\/","og_locale":"es_MX","og_type":"article","og_title":"Las Vegas DUI Defense","og_description":"Looking for expert Las Vegas DUI defense? The Defense Firm provides experienced DUI attorneys to protect your rights and future.","og_url":"https:\/\/www.702duischool.com\/es\/las-vegas-dui-defense\/","og_site_name":"702 DUI School - Your Online DUI Course in Las Vegas Nevada","article_modified_time":"2024-09-27T20:12:27+00:00","og_image":[{"url":"https:\/\/www.702duischool.com\/wp-content\/uploads\/2024\/09\/las-vegas-dui-attorneys-scaled.jpeg","type":"","width":"","height":""}],"twitter_card":"summary_large_image","twitter_misc":{"Tiempo de lectura":"2 minutos"},"schema":{"@context":"https:\/\/schema.org","@graph":[{"@type":"WebPage","@id":"https:\/\/www.702duischool.com\/las-vegas-dui-defense\/","url":"https:\/\/www.702duischool.com\/las-vegas-dui-defense\/","name":"Defensa por DUI en Las Vegas | Abogados de confianza en Las Vegas","isPartOf":{"@id":"https:\/\/www.702duischool.com\/#website"},"primaryImageOfPage":{"@id":"https:\/\/www.702duischool.com\/las-vegas-dui-defense\/#primaryimage"},"image":{"@id":"https:\/\/www.702duischool.com\/las-vegas-dui-defense\/#primaryimage"},"thumbnailUrl":"https:\/\/www.702duischool.com\/wp-content\/uploads\/2024\/09\/las-vegas-dui-attorneys-scaled.jpeg","datePublished":"2024-09-16T23:17:55+00:00","dateModified":"2024-09-27T20:12:27+00:00","description":"\u00bfBusca una defensa experta contra DUI en Las Vegas? The Defense Firm ofrece abogados con experiencia en DUI para proteger sus derechos y su futuro.","breadcrumb":{"@id":"https:\/\/www.702duischool.com\/las-vegas-dui-defense\/#breadcrumb"},"inLanguage":"es","potentialAction":[{"@type":"ReadAction","target":["https:\/\/www.702duischool.com\/las-vegas-dui-defense\/"]}]},{"@type":"ImageObject","inLanguage":"es","@id":"https:\/\/www.702duischool.com\/las-vegas-dui-defense\/#primaryimage","url":"https:\/\/www.702duischool.com\/wp-content\/uploads\/2024\/09\/las-vegas-dui-attorneys-scaled.jpeg","contentUrl":"https:\/\/www.702duischool.com\/wp-content\/uploads\/2024\/09\/las-vegas-dui-attorneys-scaled.jpeg"},{"@type":"BreadcrumbList","@id":"https:\/\/www.702duischool.com\/las-vegas-dui-defense\/#breadcrumb","itemListElement":[{"@type":"ListItem","position":1,"name":"Home","item":"https:\/\/www.702duischool.com\/"},{"@type":"ListItem","position":2,"name":"Las Vegas DUI Defense"}]},{"@type":"WebSite","@id":"https:\/\/www.702duischool.com\/#website","url":"https:\/\/www.702duischool.com\/","name":"Escuela 702 DUI: su curso de DUI en l\u00ednea en Las Vegas Nevada","description":"Integral, conveniente y certificada: su escuela de DUI en l\u00ednea de Nevada","publisher":{"@id":"https:\/\/www.702duischool.com\/#organization"},"potentialAction":[{"@type":"SearchAction","target":{"@type":"EntryPoint","urlTemplate":"https:\/\/www.702duischool.com\/?s={search_term_string}"},"query-input":{"@type":"PropertyValueSpecification","valueRequired":true,"valueName":"search_term_string"}}],"inLanguage":"es"},{"@type":"Organization","@id":"https:\/\/www.702duischool.com\/#organization","name":"702 Escuelas en l\u00ednea, LLC","alternateName":"702DUISchool.com","url":"https:\/\/www.702duischool.com\/","logo":{"@type":"ImageObject","inLanguage":"es","@id":"https:\/\/www.702duischool.com\/#\/schema\/logo\/image\/","url":"https:\/\/www.702duischool.com\/wp-content\/uploads\/2025\/10\/702-dui-school-nevada-logo-e1761216795683.png","contentUrl":"https:\/\/www.702duischool.com\/wp-content\/uploads\/2025\/10\/702-dui-school-nevada-logo-e1761216795683.png","width":489,"height":600,"caption":"702 Onlie Schools, LLC"},"image":{"@id":"https:\/\/www.702duischool.com\/#\/schema\/logo\/image\/"},"sameAs":["https:\/\/www.linkedin.com\/company\/702duischool\/"]}]}},"_links":{"self":[{"href":"https:\/\/www.702duischool.com\/es\/wp-json\/wp\/v2\/pages\/3936","targetHints":{"allow":["GET"]}}],"collection":[{"href":"https:\/\/www.702duischool.com\/es\/wp-json\/wp\/v2\/pages"}],"about":[{"href":"https:\/\/www.702duischool.com\/es\/wp-json\/wp\/v2\/types\/page"}],"author":[{"embeddable":true,"href":"https:\/\/www.702duischool.com\/es\/wp-json\/wp\/v2\/users\/1"}],"replies":[{"embeddable":true,"href":"https:\/\/www.702duischool.com\/es\/wp-json\/wp\/v2\/comments?post=3936"}],"version-history":[{"count":4,"href":"https:\/\/www.702duischool.com\/es\/wp-json\/wp\/v2\/pages\/3936\/revisions"}],"predecessor-version":[{"id":3989,"href":"https:\/\/www.702duischool.com\/es\/wp-json\/wp\/v2\/pages\/3936\/revisions\/3989"}],"wp:attachment":[{"href":"https:\/\/www.702duischool.com\/es\/wp-json\/wp\/v2\/media?parent=3936"}],"curies":[{"name":"gracias","href":"https:\/\/api.w.org\/{rel}","templated":true}]}}