{"id":3540,"date":"2025-10-12T20:05:23","date_gmt":"2025-10-13T03:05:23","guid":{"rendered":"https:\/\/www.702duischool.com\/?page_id=3540"},"modified":"2025-10-15T02:23:27","modified_gmt":"2025-10-15T09:23:27","slug":"refund-policy","status":"publish","type":"page","link":"https:\/\/www.702duischool.com\/es\/refund-policy\/","title":{"rendered":"Pol\u00edtica de reembolso"},"content":{"rendered":"<p><strong>Entidad legal:<\/strong> 702 DUI School, LLC, que opera como \u201c702DUISchool.com\u201d.<\/p>\n\n\n\n<p><strong>Eficaz:<\/strong> La versi\u00f3n actual publicada en la p\u00e1gina de T\u00e9rminos de Servicio reemplaza las versiones anteriores.<\/p>\n\n\n\n<p><strong>Importante:<\/strong> Nuestras reglas de reembolso son parte de nuestra <a href=\"\/es\/terms-of-service\/\">Condiciones de servicio<\/a>. Para obtener detalles completos, incluido nuestro <strong>Todas las ventas son finales<\/strong> regla, consulte la Secci\u00f3n 4 (\u201cREEMBOLSOS \u2014 IMPORTANTE (TODAS LAS VENTAS SON FINALES)\u201d) de nuestros T\u00e9rminos de Servicio: <a href=\"\/es\/terms-of-service\/\">Lea los T\u00e9rminos de Servicio<\/a>.<\/p>\n\n\n\n<p>Si cree que se produjo un pago duplicado o un error de facturaci\u00f3n, comun\u00edquese con nosotros dentro de los siete (7) d\u00edas a <a href=\"mailto:contact@702duischool.com\">contacto@702duischool.com<\/a>.<\/p>\n\n\n\n<p>702 DUI School, LLC \u2014 Las Vegas, Nevada<\/p>","protected":false},"excerpt":{"rendered":"<p>Entidad legal: 702 DUI School, LLC, operando como \u201c702DUISchool.com\u201d. Vigencia: La versi\u00f3n actual publicada en la p\u00e1gina de T\u00e9rminos de Servicio reemplaza las versiones anteriores. Importante: Nuestras reglas de reembolso forman parte de nuestros T\u00e9rminos de Servicio. Para obtener m\u00e1s informaci\u00f3n, incluyendo nuestra regla de &quot;Todas las ventas son finales&quot;, consulte la Secci\u00f3n 4 (\u201cREEMBOLSOS \u2014 IMPORTANTE (TODAS LAS VENTAS SON FINALES)\u201d) de [\u2026]<\/p>","protected":false},"author":1,"featured_media":0,"parent":0,"menu_order":0,"comment_status":"closed","ping_status":"closed","template":"","meta":{"footnotes":""},"class_list":["post-3540","page","type-page","status-publish","hentry"],"yoast_head":"<!-- This site is optimized with the Yoast SEO Premium plugin v26.7 (Yoast SEO v26.7) - https:\/\/yoast.com\/wordpress\/plugins\/seo\/ -->\n<title>Refund Policy - 702 DUI School - Your Online DUI Course in Las Vegas Nevada<\/title>\n<meta name=\"robots\" content=\"index, follow, max-snippet:-1, max-image-preview:large, max-video-preview:-1\" \/>\n<link rel=\"canonical\" href=\"https:\/\/www.702duischool.com\/es\/refund-policy\/\" \/>\n<meta property=\"og:locale\" content=\"es_MX\" \/>\n<meta property=\"og:type\" content=\"article\" \/>\n<meta property=\"og:title\" content=\"Refund Policy\" \/>\n<meta property=\"og:description\" content=\"Legal Entity: 702 DUI School, LLC, doing business as \u201c702DUISchool.com\u201d. Effective: The current version published on the Terms of Service page supersedes prior versions. Important: Our refund rules are part of our Terms of Service. For full details, including our All Sales Final rule, please see Section 4 (\u201cREFUNDS \u2014 IMPORTANT (ALL SALES FINAL)\u201d) of [&hellip;]\" \/>\n<meta property=\"og:url\" content=\"https:\/\/www.702duischool.com\/es\/refund-policy\/\" \/>\n<meta property=\"og:site_name\" content=\"702 DUI School - Your Online DUI Course in Las Vegas Nevada\" \/>\n<meta property=\"article:modified_time\" content=\"2025-10-15T09:23:27+00:00\" \/>\n<meta name=\"twitter:card\" content=\"summary_large_image\" \/>\n<meta name=\"twitter:label1\" content=\"Tiempo de lectura\" \/>\n\t<meta name=\"twitter:data1\" content=\"1 minuto\" \/>\n<script type=\"application\/ld+json\" class=\"yoast-schema-graph\">{\"@context\":\"https:\/\/schema.org\",\"@graph\":[{\"@type\":\"WebPage\",\"@id\":\"https:\/\/www.702duischool.com\/refund-policy\/\",\"url\":\"https:\/\/www.702duischool.com\/refund-policy\/\",\"name\":\"Refund Policy - 702 DUI School - Your Online DUI Course in Las Vegas Nevada\",\"isPartOf\":{\"@id\":\"https:\/\/www.702duischool.com\/#website\"},\"datePublished\":\"2025-10-13T03:05:23+00:00\",\"dateModified\":\"2025-10-15T09:23:27+00:00\",\"breadcrumb\":{\"@id\":\"https:\/\/www.702duischool.com\/refund-policy\/#breadcrumb\"},\"inLanguage\":\"es\",\"potentialAction\":[{\"@type\":\"ReadAction\",\"target\":[\"https:\/\/www.702duischool.com\/refund-policy\/\"]}]},{\"@type\":\"BreadcrumbList\",\"@id\":\"https:\/\/www.702duischool.com\/refund-policy\/#breadcrumb\",\"itemListElement\":[{\"@type\":\"ListItem\",\"position\":1,\"name\":\"Home\",\"item\":\"https:\/\/www.702duischool.com\/\"},{\"@type\":\"ListItem\",\"position\":2,\"name\":\"Refund Policy\"}]},{\"@type\":\"WebSite\",\"@id\":\"https:\/\/www.702duischool.com\/#website\",\"url\":\"https:\/\/www.702duischool.com\/\",\"name\":\"702 DUI School - Your Online DUI Course in Las Vegas Nevada\",\"description\":\"Comprehensive, Convenient, Certified: Your Nevada Online DUI School\",\"publisher\":{\"@id\":\"https:\/\/www.702duischool.com\/#organization\"},\"potentialAction\":[{\"@type\":\"SearchAction\",\"target\":{\"@type\":\"EntryPoint\",\"urlTemplate\":\"https:\/\/www.702duischool.com\/?s={search_term_string}\"},\"query-input\":{\"@type\":\"PropertyValueSpecification\",\"valueRequired\":true,\"valueName\":\"search_term_string\"}}],\"inLanguage\":\"es\"},{\"@type\":\"Organization\",\"@id\":\"https:\/\/www.702duischool.com\/#organization\",\"name\":\"702 Onlie Schools, LLC\",\"alternateName\":\"702DUISchool.com\",\"url\":\"https:\/\/www.702duischool.com\/\",\"logo\":{\"@type\":\"ImageObject\",\"inLanguage\":\"es\",\"@id\":\"https:\/\/www.702duischool.com\/#\/schema\/logo\/image\/\",\"url\":\"https:\/\/www.702duischool.com\/wp-content\/uploads\/2025\/10\/702-dui-school-nevada-logo-e1761216795683.png\",\"contentUrl\":\"https:\/\/www.702duischool.com\/wp-content\/uploads\/2025\/10\/702-dui-school-nevada-logo-e1761216795683.png\",\"width\":489,\"height\":600,\"caption\":\"702 Onlie Schools, LLC\"},\"image\":{\"@id\":\"https:\/\/www.702duischool.com\/#\/schema\/logo\/image\/\"},\"sameAs\":[\"https:\/\/www.linkedin.com\/company\/702duischool\/\"]}]}<\/script>\n<!-- \/ Yoast SEO Premium plugin. -->","yoast_head_json":{"title":"Pol\u00edtica de reembolso - 702 DUI School - Su curso de DUI en l\u00ednea en Las Vegas, Nevada","robots":{"index":"index","follow":"follow","max-snippet":"max-snippet:-1","max-image-preview":"max-image-preview:large","max-video-preview":"max-video-preview:-1"},"canonical":"https:\/\/www.702duischool.com\/es\/refund-policy\/","og_locale":"es_MX","og_type":"article","og_title":"Refund Policy","og_description":"Legal Entity: 702 DUI School, LLC, doing business as \u201c702DUISchool.com\u201d. Effective: The current version published on the Terms of Service page supersedes prior versions. Important: Our refund rules are part of our Terms of Service. For full details, including our All Sales Final rule, please see Section 4 (\u201cREFUNDS \u2014 IMPORTANT (ALL SALES FINAL)\u201d) of [&hellip;]","og_url":"https:\/\/www.702duischool.com\/es\/refund-policy\/","og_site_name":"702 DUI School - Your Online DUI Course in Las Vegas Nevada","article_modified_time":"2025-10-15T09:23:27+00:00","twitter_card":"summary_large_image","twitter_misc":{"Tiempo de lectura":"1 minuto"},"schema":{"@context":"https:\/\/schema.org","@graph":[{"@type":"WebPage","@id":"https:\/\/www.702duischool.com\/refund-policy\/","url":"https:\/\/www.702duischool.com\/refund-policy\/","name":"Pol\u00edtica de reembolso - 702 DUI School - Su curso de DUI en l\u00ednea en Las Vegas, Nevada","isPartOf":{"@id":"https:\/\/www.702duischool.com\/#website"},"datePublished":"2025-10-13T03:05:23+00:00","dateModified":"2025-10-15T09:23:27+00:00","breadcrumb":{"@id":"https:\/\/www.702duischool.com\/refund-policy\/#breadcrumb"},"inLanguage":"es","potentialAction":[{"@type":"ReadAction","target":["https:\/\/www.702duischool.com\/refund-policy\/"]}]},{"@type":"BreadcrumbList","@id":"https:\/\/www.702duischool.com\/refund-policy\/#breadcrumb","itemListElement":[{"@type":"ListItem","position":1,"name":"Home","item":"https:\/\/www.702duischool.com\/"},{"@type":"ListItem","position":2,"name":"Refund Policy"}]},{"@type":"WebSite","@id":"https:\/\/www.702duischool.com\/#website","url":"https:\/\/www.702duischool.com\/","name":"Escuela 702 DUI: su curso de DUI en l\u00ednea en Las Vegas Nevada","description":"Integral, conveniente y certificada: su escuela de DUI en l\u00ednea de Nevada","publisher":{"@id":"https:\/\/www.702duischool.com\/#organization"},"potentialAction":[{"@type":"SearchAction","target":{"@type":"EntryPoint","urlTemplate":"https:\/\/www.702duischool.com\/?s={search_term_string}"},"query-input":{"@type":"PropertyValueSpecification","valueRequired":true,"valueName":"search_term_string"}}],"inLanguage":"es"},{"@type":"Organization","@id":"https:\/\/www.702duischool.com\/#organization","name":"702 Escuelas en l\u00ednea, LLC","alternateName":"702DUISchool.com","url":"https:\/\/www.702duischool.com\/","logo":{"@type":"ImageObject","inLanguage":"es","@id":"https:\/\/www.702duischool.com\/#\/schema\/logo\/image\/","url":"https:\/\/www.702duischool.com\/wp-content\/uploads\/2025\/10\/702-dui-school-nevada-logo-e1761216795683.png","contentUrl":"https:\/\/www.702duischool.com\/wp-content\/uploads\/2025\/10\/702-dui-school-nevada-logo-e1761216795683.png","width":489,"height":600,"caption":"702 Onlie Schools, LLC"},"image":{"@id":"https:\/\/www.702duischool.com\/#\/schema\/logo\/image\/"},"sameAs":["https:\/\/www.linkedin.com\/company\/702duischool\/"]}]}},"_links":{"self":[{"href":"https:\/\/www.702duischool.com\/es\/wp-json\/wp\/v2\/pages\/3540","targetHints":{"allow":["GET"]}}],"collection":[{"href":"https:\/\/www.702duischool.com\/es\/wp-json\/wp\/v2\/pages"}],"about":[{"href":"https:\/\/www.702duischool.com\/es\/wp-json\/wp\/v2\/types\/page"}],"author":[{"embeddable":true,"href":"https:\/\/www.702duischool.com\/es\/wp-json\/wp\/v2\/users\/1"}],"replies":[{"embeddable":true,"href":"https:\/\/www.702duischool.com\/es\/wp-json\/wp\/v2\/comments?post=3540"}],"version-history":[{"count":5,"href":"https:\/\/www.702duischool.com\/es\/wp-json\/wp\/v2\/pages\/3540\/revisions"}],"predecessor-version":[{"id":9790,"href":"https:\/\/www.702duischool.com\/es\/wp-json\/wp\/v2\/pages\/3540\/revisions\/9790"}],"wp:attachment":[{"href":"https:\/\/www.702duischool.com\/es\/wp-json\/wp\/v2\/media?parent=3540"}],"curies":[{"name":"gracias","href":"https:\/\/api.w.org\/{rel}","templated":true}]}}