{"id":3292,"date":"2024-06-20T01:51:00","date_gmt":"2024-06-20T01:51:00","guid":{"rendered":"https:\/\/www.702duischool.com\/?page_id=3292"},"modified":"2024-06-20T01:51:00","modified_gmt":"2024-06-20T01:51:00","slug":"recover-your-password","status":"publish","type":"page","link":"https:\/\/www.702duischool.com\/es\/recover-your-password\/","title":{"rendered":"Recupera tu contrase\u00f1a"},"content":{"rendered":"<div id=\"wppb-form-style-1-wrapper\" class=\"wppb-recover-password-form\"><div class=\"wppb_holder\" id=\"wppb-recover-password-container\">\t<form enctype=\"multipart\/form-data\" method=\"post\" id=\"wppb-recover-password\" class=\"wppb-user-forms\" action=\"https:\/\/www.702duischool.com\/es\/wp-json\/wp\/v2\/pages\/3292\" data-trp-original-action=\"https:\/\/www.702duischool.com\/es\/wp-json\/wp\/v2\/pages\/3292\">\n\t<p>Por favor, introduzca su nombre de usuario o direcci\u00f3n de correo electr\u00f3nico.<br \/>Recibir\u00e1s un enlace para crear una nueva contrase\u00f1a por correo electr\u00f3nico.<\/p><ul>\n\t\t\t<li class=\"wppb-form-field wppb-username-email wppb-form-text-field label-inside pbpl-class\">\n\t\t\t\t<label for=\"username_email\">Nombre de usuario o correo electr\u00f3nico<\/label>\n\t\t\t\t<input class=\"text-input\" name=\"username_email\" type=\"text\" id=\"username_email\" value=\"\"  placeholder=\"Nombre de usuario o correo electr\u00f3nico\"  \/>\n\t\t\t<\/li><!-- .username_email --><\/ul>\t<p class=\"form-submit\">\n\t\t\t\t<input name=\"recover_password\" type=\"submit\" id=\"wppb-recover-password-button\" class=\"submit button\" value=\"Get Reset Link\" \/>\n\t\t<input name=\"action\" type=\"hidden\" id=\"action\" value=\"recover_password\" \/>\n\t<\/p>\n\t<input type=\"hidden\" id=\"password_recovery_nonce_field\" name=\"password_recovery_nonce_field\" value=\"e23138bed4\" \/><input type=\"hidden\" name=\"_wp_http_referer\" value=\"\/es\/wp-json\/wp\/v2\/pages\/3292\" \/>\t<input type=\"hidden\" name=\"trp-form-language\" value=\"es\"\/><\/form>\n\t<\/div><\/div>","protected":false},"excerpt":{"rendered":"","protected":false},"author":1,"featured_media":0,"parent":0,"menu_order":0,"comment_status":"closed","ping_status":"closed","template":"","meta":{"footnotes":""},"class_list":["post-3292","page","type-page","status-publish","hentry"],"yoast_head":"<!-- This site is optimized with the Yoast SEO Premium plugin v26.7 (Yoast SEO v26.7) - https:\/\/yoast.com\/wordpress\/plugins\/seo\/ -->\n<title>Recover Your Password - 702 DUI School - Your Online DUI Course in Las Vegas Nevada<\/title>\n<meta name=\"robots\" content=\"noindex, nofollow\" \/>\n<meta property=\"og:locale\" content=\"es_MX\" \/>\n<meta property=\"og:type\" content=\"article\" \/>\n<meta property=\"og:title\" content=\"Recover Your Password\" \/>\n<meta property=\"og:url\" content=\"https:\/\/www.702duischool.com\/es\/recover-your-password\/\" \/>\n<meta property=\"og:site_name\" content=\"702 DUI School - Your Online DUI Course in Las Vegas Nevada\" \/>\n<meta name=\"twitter:card\" content=\"summary_large_image\" \/>\n<meta name=\"twitter:label1\" content=\"Tiempo de lectura\" \/>\n\t<meta name=\"twitter:data1\" content=\"1 minuto\" \/>\n<script type=\"application\/ld+json\" class=\"yoast-schema-graph\">{\"@context\":\"https:\/\/schema.org\",\"@graph\":[{\"@type\":\"WebPage\",\"@id\":\"https:\/\/www.702duischool.com\/recover-your-password\/\",\"url\":\"https:\/\/www.702duischool.com\/recover-your-password\/\",\"name\":\"Recover Your Password - 702 DUI School - Your Online DUI Course in Las Vegas Nevada\",\"isPartOf\":{\"@id\":\"https:\/\/www.702duischool.com\/#website\"},\"datePublished\":\"2024-06-20T01:51:00+00:00\",\"breadcrumb\":{\"@id\":\"https:\/\/www.702duischool.com\/recover-your-password\/#breadcrumb\"},\"inLanguage\":\"es\",\"potentialAction\":[{\"@type\":\"ReadAction\",\"target\":[\"https:\/\/www.702duischool.com\/recover-your-password\/\"]}]},{\"@type\":\"BreadcrumbList\",\"@id\":\"https:\/\/www.702duischool.com\/recover-your-password\/#breadcrumb\",\"itemListElement\":[{\"@type\":\"ListItem\",\"position\":1,\"name\":\"Home\",\"item\":\"https:\/\/www.702duischool.com\/\"},{\"@type\":\"ListItem\",\"position\":2,\"name\":\"Recover Your Password\"}]},{\"@type\":\"WebSite\",\"@id\":\"https:\/\/www.702duischool.com\/#website\",\"url\":\"https:\/\/www.702duischool.com\/\",\"name\":\"702 DUI School - Your Online DUI Course in Las Vegas Nevada\",\"description\":\"Comprehensive, Convenient, Certified: Your Nevada Online DUI School\",\"publisher\":{\"@id\":\"https:\/\/www.702duischool.com\/#organization\"},\"potentialAction\":[{\"@type\":\"SearchAction\",\"target\":{\"@type\":\"EntryPoint\",\"urlTemplate\":\"https:\/\/www.702duischool.com\/?s={search_term_string}\"},\"query-input\":{\"@type\":\"PropertyValueSpecification\",\"valueRequired\":true,\"valueName\":\"search_term_string\"}}],\"inLanguage\":\"es\"},{\"@type\":\"Organization\",\"@id\":\"https:\/\/www.702duischool.com\/#organization\",\"name\":\"702 Onlie Schools, LLC\",\"alternateName\":\"702DUISchool.com\",\"url\":\"https:\/\/www.702duischool.com\/\",\"logo\":{\"@type\":\"ImageObject\",\"inLanguage\":\"es\",\"@id\":\"https:\/\/www.702duischool.com\/#\/schema\/logo\/image\/\",\"url\":\"https:\/\/www.702duischool.com\/wp-content\/uploads\/2025\/10\/702-dui-school-nevada-logo-e1761216795683.png\",\"contentUrl\":\"https:\/\/www.702duischool.com\/wp-content\/uploads\/2025\/10\/702-dui-school-nevada-logo-e1761216795683.png\",\"width\":489,\"height\":600,\"caption\":\"702 Onlie Schools, LLC\"},\"image\":{\"@id\":\"https:\/\/www.702duischool.com\/#\/schema\/logo\/image\/\"},\"sameAs\":[\"https:\/\/www.linkedin.com\/company\/702duischool\/\"]}]}<\/script>\n<!-- \/ Yoast SEO Premium plugin. -->","yoast_head_json":{"title":"Recupera tu contrase\u00f1a - 702 DUI School - Tu curso de DUI en l\u00ednea en Las Vegas, Nevada","robots":{"index":"noindex","follow":"nofollow"},"og_locale":"es_MX","og_type":"article","og_title":"Recover Your Password","og_url":"https:\/\/www.702duischool.com\/es\/recover-your-password\/","og_site_name":"702 DUI School - Your Online DUI Course in Las Vegas Nevada","twitter_card":"summary_large_image","twitter_misc":{"Tiempo de lectura":"1 minuto"},"schema":{"@context":"https:\/\/schema.org","@graph":[{"@type":"WebPage","@id":"https:\/\/www.702duischool.com\/recover-your-password\/","url":"https:\/\/www.702duischool.com\/recover-your-password\/","name":"Recupera tu contrase\u00f1a - 702 DUI School - Tu curso de DUI en l\u00ednea en Las Vegas, Nevada","isPartOf":{"@id":"https:\/\/www.702duischool.com\/#website"},"datePublished":"2024-06-20T01:51:00+00:00","breadcrumb":{"@id":"https:\/\/www.702duischool.com\/recover-your-password\/#breadcrumb"},"inLanguage":"es","potentialAction":[{"@type":"ReadAction","target":["https:\/\/www.702duischool.com\/recover-your-password\/"]}]},{"@type":"BreadcrumbList","@id":"https:\/\/www.702duischool.com\/recover-your-password\/#breadcrumb","itemListElement":[{"@type":"ListItem","position":1,"name":"Home","item":"https:\/\/www.702duischool.com\/"},{"@type":"ListItem","position":2,"name":"Recover Your Password"}]},{"@type":"WebSite","@id":"https:\/\/www.702duischool.com\/#website","url":"https:\/\/www.702duischool.com\/","name":"Escuela 702 DUI: su curso de DUI en l\u00ednea en Las Vegas Nevada","description":"Integral, conveniente y certificada: su escuela de DUI en l\u00ednea de Nevada","publisher":{"@id":"https:\/\/www.702duischool.com\/#organization"},"potentialAction":[{"@type":"SearchAction","target":{"@type":"EntryPoint","urlTemplate":"https:\/\/www.702duischool.com\/?s={search_term_string}"},"query-input":{"@type":"PropertyValueSpecification","valueRequired":true,"valueName":"search_term_string"}}],"inLanguage":"es"},{"@type":"Organization","@id":"https:\/\/www.702duischool.com\/#organization","name":"702 Escuelas en l\u00ednea, LLC","alternateName":"702DUISchool.com","url":"https:\/\/www.702duischool.com\/","logo":{"@type":"ImageObject","inLanguage":"es","@id":"https:\/\/www.702duischool.com\/#\/schema\/logo\/image\/","url":"https:\/\/www.702duischool.com\/wp-content\/uploads\/2025\/10\/702-dui-school-nevada-logo-e1761216795683.png","contentUrl":"https:\/\/www.702duischool.com\/wp-content\/uploads\/2025\/10\/702-dui-school-nevada-logo-e1761216795683.png","width":489,"height":600,"caption":"702 Onlie Schools, LLC"},"image":{"@id":"https:\/\/www.702duischool.com\/#\/schema\/logo\/image\/"},"sameAs":["https:\/\/www.linkedin.com\/company\/702duischool\/"]}]}},"_links":{"self":[{"href":"https:\/\/www.702duischool.com\/es\/wp-json\/wp\/v2\/pages\/3292","targetHints":{"allow":["GET"]}}],"collection":[{"href":"https:\/\/www.702duischool.com\/es\/wp-json\/wp\/v2\/pages"}],"about":[{"href":"https:\/\/www.702duischool.com\/es\/wp-json\/wp\/v2\/types\/page"}],"author":[{"embeddable":true,"href":"https:\/\/www.702duischool.com\/es\/wp-json\/wp\/v2\/users\/1"}],"replies":[{"embeddable":true,"href":"https:\/\/www.702duischool.com\/es\/wp-json\/wp\/v2\/comments?post=3292"}],"version-history":[{"count":1,"href":"https:\/\/www.702duischool.com\/es\/wp-json\/wp\/v2\/pages\/3292\/revisions"}],"predecessor-version":[{"id":3293,"href":"https:\/\/www.702duischool.com\/es\/wp-json\/wp\/v2\/pages\/3292\/revisions\/3293"}],"wp:attachment":[{"href":"https:\/\/www.702duischool.com\/es\/wp-json\/wp\/v2\/media?parent=3292"}],"curies":[{"name":"gracias","href":"https:\/\/api.w.org\/{rel}","templated":true}]}}