{"id":31,"date":"2020-01-03T18:13:20","date_gmt":"2020-01-03T18:13:20","guid":{"rendered":"http:\/\/newkind.me\/wp\/salient\/?page_id=24"},"modified":"2026-04-07T04:39:24","modified_gmt":"2026-04-07T11:39:24","slug":"nevada-online-dui-classes","status":"publish","type":"page","link":"https:\/\/www.702duischool.com\/es\/","title":{"rendered":"Escuela de DUI de Nevada: DUI, panel de impacto de v\u00edctimas y m\u00e1s: cursos integrales en l\u00ednea en todo Nevada"},"content":{"rendered":"<h2>Escuela de DUI de Nevada - Clase de DUI en l\u00ednea Nevada<\/h2>\n<p class=\"p1\">La Escuela de Conducci\u00f3n bajo los Efectos del Alcohol 702 ofrece clases presenciales en Las Vegas y programas en l\u00ednea en Nevada, dise\u00f1ados para satisfacer sus necesidades educativas sobre conducci\u00f3n bajo los efectos del alcohol. Nuestros cursos incluyen opciones de 8 y 12 horas, adem\u00e1s de contenido educativo adicional relacionado con situaciones de conducci\u00f3n bajo los efectos del alcohol. <br \/>Nuestro formato en l\u00ednea estructurado est\u00e1 dise\u00f1ado para la vida real: inicie sesi\u00f3n cuando quiera, haga un seguimiento de su progreso y descargue su certificado al finalizar. Dado que los requisitos pueden variar, confirme con su tribunal, abogado o agencia supervisora antes de inscribirse.<\/p>\n\n\n<div style=\"position: relative; overflow: hidden; aspect-ratio: 1920\/1080\"><iframe src=\"https:\/\/share.synthesia.io\/embeds\/videos\/c39ac70f-b069-4deb-a564-1ed0af7570ec\" loading=\"lazy\" title=\"Reproductor de video Synthesia - 702 DUI School: Educaci\u00f3n integral\" allowfullscreen allow=\"encrypted-media; fullscreen;\" style=\"position: absolute; width: 100%; height: 100%; top: 0; left: 0; border: none; padding: 0; margin: 0; overflow:hidden;\"><\/iframe><\/div>\n\n\n<p>Nuestro\u00a0<strong>Nevada DUI Escuela<\/strong>\u00a0Los cursos abarcan temas clave de educaci\u00f3n sobre conducci\u00f3n bajo los efectos del alcohol o las drogas (DUI, por sus siglas en ingl\u00e9s) com\u00fanmente asociados con situaciones relacionadas con DUI en Nevada, lo que ayuda a proporcionar una comprensi\u00f3n clara de los riesgos, las leyes y las consecuencias involucradas.<\/p>\n<ul>\n<li>El problema de conducir bajo los efectos del alcohol o las drogas en Nevada y en todo Estados Unidos, incluyendo estad\u00edsticas y tendencias generales;<\/li>\n<li>Las funciones y los procedimientos de las fuerzas del orden, los tribunales y los organismos relacionados de Nevada en los casos relacionados con la conducci\u00f3n bajo los efectos del alcohol o las drogas;<\/li>\n<li>Los efectos del alcohol y las sustancias controladas en el cuerpo y el sistema nervioso central;<\/li>\n<li>C\u00f3mo el alcohol y las sustancias afectan la capacidad de una persona para conducir un veh\u00edculo de forma segura;<\/li>\n<li>Las posibles repercusiones personales, financieras y laborales de un cargo por conducir bajo los efectos del alcohol en Nevada;<\/li>\n<li>Informaci\u00f3n educativa sobre los recursos de apoyo disponibles relacionados con el consumo de sustancias en Nevada.<\/li>\n<\/ul>\n<p>Seleccione su juzgado a continuaci\u00f3n y comience con el curso 702 DUI School.<\/p>\n<p><a class=\"row-title\" style=\"font-family: -apple-system, BlinkMacSystemFont, 'Segoe UI', Roboto, Oxygen-Sans, Ubuntu, Cantarell, 'Helvetica Neue', sans-serif;\" href=\"https:\/\/www.702duischool.com\/es\/las-vegas-municipal-dui\/\" aria-label=\"\u201cTribunal Municipal de Las Vegas\u201d\"><u>Tribunal Municipal de Las Vegas<\/u><\/a><\/p>\n<h4><a class=\"row-title\" href=\"https:\/\/www.702duischool.com\/es\/searchlight-justice-court\/\" aria-label=\"\u201cTribunal de Justicia Searchlight\u201d (Editar)\"><u>Tribunal de Justicia Searchlight<\/u><\/a><\/h4>\n<h4><a class=\"row-title\" href=\"https:\/\/www.702duischool.com\/es\/moapa-township-dui-class\/\" aria-label=\"\u201cTribunal de Justicia del municipio de Moapa\u201d (editar)\"><u>Tribunal de Justicia del municipio de Moapa<\/u><\/a><\/h4>\n<h4><a href=\"https:\/\/www.702duischool.com\/es\/laughlin-dui-class\/\"><u>Tribunal de Justicia de Laughlin<\/u><\/a><\/h4>\n<h4><a href=\"https:\/\/www.702duischool.com\/es\/las-vegas-township-justice-court-6\/\"><u>Tribunal de Justicia n.\u00b0 6 del municipio de Las Vegas<\/u><\/a><\/h4>\n<h4><a href=\"https:\/\/www.702duischool.com\/es\/clark-court\/\"><u>Corte Clark<\/u><\/a><\/h4>\n<h4><a class=\"row-title\" href=\"https:\/\/www.702duischool.com\/es\/meadow-valley-dui-class\/\" aria-label=\"\u201cTribunal de Justicia de Meadow Valley\u201d (editar)\"><u>Tribunal de Justicia de Meadow Valley<\/u><\/a><\/h4>\n<h4><a class=\"row-title\" href=\"https:\/\/www.702duischool.com\/es\/goodsprings-dui-class\/\" aria-label=\"\u201cTribunal Municipal de la ciudad de Boulder\u201d (editar)\"><u>Tribunal Municipal de la ciudad de Boulder<\/u><\/a><\/h4>\n<h4><a href=\"https:\/\/www.702duischool.com\/es\/goodsprings-justice-court\/\"><u>Tribunal de Justicia de Goodsprings<\/u><\/a><\/h4>\n<h4><a class=\"row-title\" href=\"https:\/\/www.702duischool.com\/es\/tonopah-justice-court\/\" aria-label=\"\u201cTribunal de Justicia de Tonopah\u201d (editar)\"><u>Tribunal de Justicia de Tonopah<\/u><\/a><\/h4>\n<h4><a class=\"row-title\" href=\"https:\/\/www.702duischool.com\/es\/reno-municipal-court\/\" aria-label=\"\u201cTribunal Municipal de Reno\u201d (editar)\"><u>Tribunal Municipal de Reno<\/u><\/a><\/h4>\n<h4><a class=\"row-title\" href=\"https:\/\/www.702duischool.com\/es\/henderson-municipal-dui-class\/\" aria-label=\"\u201cTribunal Municipal de Henderson\u201d (editar)\"><u>Tribunal Municipal de Henderson<\/u><\/a><\/h4>\n<h4><a class=\"row-title\" href=\"https:\/\/www.702duischool.com\/es\/north-las-vegas-du\/\" aria-label=\"\u201cTribunal Municipal del Norte de Las Vegas\u201d (editar)\"><u>Tribunal Municipal del Norte de Las Vegas<\/u><\/a><\/h4>\n<h4><a class=\"row-title\" href=\"https:\/\/www.702duischool.com\/es\/lv-justice-dui-class\/\" aria-label=\"\u201cTribunal de Justicia de Las Vegas\u201d (editar)\"><u>Tribunal de Justicia de Las Vegas<\/u><\/a><\/h4>\n<h2>Escuela de DUI de Nevada en l\u00ednea<\/h2>\n<p>La escuela 702 DUI ofrece\u00a0<strong>Cursos de la escuela de conducci\u00f3n bajo los efectos del alcohol en Las Vegas<\/strong>\u00a0y\u00a0<strong>Programas en l\u00ednea de la escuela de DUI de Nevada<\/strong>\u00a0Dise\u00f1ado para un aprendizaje flexible y estructurado. Si recibi\u00f3 una citaci\u00f3n por conducir bajo los efectos del alcohol en Nevada o Las Vegas, puede completar un\u00a0<strong>Clase de DUI de 8 horas<\/strong>\u00a0o un\u00a0<strong>Curso de DUI de 12 horas<\/strong>\u00a0a trav\u00e9s de nuestra pr\u00e1ctica plataforma en l\u00ednea.<\/p>\n<p>Nuestros cursos est\u00e1n dise\u00f1ados para brindar una experiencia de aprendizaje clara y organizada, con lecciones guiadas, seguimiento del progreso y certificados descargables al finalizar. Dado que cada caso es diferente, le recomendamos consultar con su tribunal, abogado o agencia supervisora antes de inscribirse.<\/p>\n<h2>Escuela de DUI de Nevada<\/h2>\n<p><img loading=\"lazy\" decoding=\"async\" class=\"alignnone wp-image-965 size-full\" src=\"https:\/\/www.702duischool.com\/wp-content\/uploads\/2016\/09\/criminallaw4-e1474307574427.jpg\" alt=\"nevada dui school\" width=\"400\" height=\"167\" \/><\/p>\n<p>Bienvenido a\u00a0<strong>702 Escuela de DUI<\/strong>. Nuestro objetivo es brindarle una experiencia educativa en l\u00ednea clara y estructurada sobre DUI que le ayude a seguir adelante con confianza. Enfrentarse a un cargo por DUI puede resultar abrumador, y nuestros cursos est\u00e1n dise\u00f1ados para que el proceso sea sencillo, accesible y f\u00e1cil de comprender.<\/p>\n<blockquote>\n<p>Nuestro servicio en l\u00ednea\u00a0<strong>Nevada DUI Escuela<\/strong>\u00a0Ofrece una experiencia educativa sobre conducci\u00f3n bajo los efectos del alcohol clara, estructurada y eficiente, dise\u00f1ada para ayudarte a completar tu curso con confianza.<\/p>\n<\/blockquote>\n<h2><b>Acceso organizado y verificado<\/b><\/h2>\n<p><img loading=\"lazy\" decoding=\"async\" class=\"alignnone wp-image-964 size-full\" src=\"https:\/\/www.702duischool.com\/wp-content\/uploads\/2016\/09\/criminallaw3-e1474307595328.jpg\" alt=\"nevada dui class\" width=\"400\" height=\"167\" \/><\/p>\n<p>Este en l\u00ednea\u00a0<strong>Curso de DUI en Nevada<\/strong>\u00a0Se entrega en un formato estructurado dise\u00f1ado para ayudar a los estudiantes a mantenerse al d\u00eda. Puedes completar tu\u00a0<strong>Escuela de DUI de Las Vegas<\/strong>\u00a0Acceda a las clases desde cualquier dispositivo con conexi\u00f3n a internet, con soporte disponible las 24 horas del d\u00eda, los 7 d\u00edas de la semana, si necesita ayuda.<\/p>\n<p>El programa est\u00e1 organizado en secciones de aprendizaje guiado con puntos de control integrados para hacer un seguimiento del progreso. Cada vez que regreses, continuar\u00e1s exactamente donde lo dejaste. Este dise\u00f1o favorece una experiencia de aprendizaje constante y uniforme a lo largo del curso.<\/p>\n<h2><span style=\"color: revert; font-size: revert; font-weight: revert; font-family: -apple-system, BlinkMacSystemFont, 'Segoe UI', Roboto, Oxygen-Sans, Ubuntu, Cantarell, 'Helvetica Neue', sans-serif;\">Atenci\u00f3n al cliente 24 horas al d\u00eda, 7 d\u00edas a la semana<\/span><\/h2>\n<p><img loading=\"lazy\" decoding=\"async\" class=\"alignnone wp-image-274\" src=\"https:\/\/www.702duischool.com\/wp-content\/uploads\/2016\/04\/Q60.jpg\" alt=\"\" width=\"383\" height=\"255\" srcset=\"https:\/\/www.702duischool.com\/wp-content\/uploads\/2016\/04\/Q60.jpg 1200w, https:\/\/www.702duischool.com\/wp-content\/uploads\/2016\/04\/Q60-300x200.jpg 300w, https:\/\/www.702duischool.com\/wp-content\/uploads\/2016\/04\/Q60-768x511.jpg 768w, https:\/\/www.702duischool.com\/wp-content\/uploads\/2016\/04\/Q60-1024x682.jpg 1024w\" sizes=\"auto, (max-width: 383px) 100vw, 383px\" \/><\/p>\n<p class=\"p1\">Resolver una citaci\u00f3n por conducir bajo los efectos del alcohol puede resultar confuso. Con\u00a0<strong>702 Escuela de DUI<\/strong>, puedes completar un\u00a0<strong>Clase de DUI de 8 horas<\/strong>\u00a0o\u00a0<strong>Curso de DUI de 12 horas<\/strong>\u00a0Inscr\u00edbete en l\u00ednea y recibe tu certificado al finalizar. La inscripci\u00f3n es r\u00e1pida, el acceso es inmediato y puedes empezar a avanzar hoy mismo.<\/p>\n<blockquote>\n<p><i>Verifique siempre sus requisitos con su tribunal o abogado antes de inscribirse.<\/i><\/p>\n<\/blockquote>\n<h2><strong>Recursos clave sobre estad\u00edsticas y leyes de DUI de Nevada<\/strong><\/h2>\n<ol>\n<li><a href=\"https:\/\/nhp.nv.gov\/\" target=\"_new\" rel=\"noopener\"><strong>Departamento de Seguridad P\u00fablica de Nevada<\/strong><\/a>: Este sitio, una fuente autorizada de estad\u00edsticas actuales de DUI en Nevada, proporciona datos e ideas invaluables para comprender la prevalencia y el impacto de los DUI en nuestro estado.<\/li>\n<li><a href=\"https:\/\/dmv.nv.gov\/dlsuspension.htm\" target=\"_new\" rel=\"noopener\"><strong>Departamento de Veh\u00edculos Motorizados de Nevada (DMV)<\/strong><\/a>: El recurso de referencia para comprender las leyes, consecuencias y medidas preventivas de DUI de Nevada. Proporciona informaci\u00f3n clara y actualizada que puede guiar a los conductores en su camino hacia una conducci\u00f3n segura y responsable.<\/li>\n<li><a href=\"https:\/\/www.leg.state.nv.us\/NRS\/NRS-484C.html\" target=\"_new\" rel=\"noopener\"><strong>Estatutos revisados de Nevada<\/strong><\/a>: Un repositorio completo de la legislaci\u00f3n de Nevada, incluidas las leyes de DUI. Esto proporciona una mirada m\u00e1s profunda a los detalles de los estatutos relacionados con DUI y sus implicaciones legales.<\/li>\n<li><a href=\"https:\/\/www.cdc.gov\/transportationsafety\/impaired_driving\/index.html\" target=\"_new\" rel=\"noopener\"><strong>Centros para el Control y la Prevenci\u00f3n de Enfermedades (CDC)<\/strong><\/a>: Aunque se centra en datos a nivel nacional, los CDC brindan contexto sobre c\u00f3mo se comparan las estad\u00edsticas de DUI de Nevada con las del resto de los EE. UU. Esta perspectiva m\u00e1s amplia puede ser esclarecedora para comprender el alcance m\u00e1s amplio de los problemas relacionados con DUI.<\/li>\n<\/ol>\n<p>\u00a0<\/p>\n\n\n<p style=\"text-align: left;\">\n  702 DUI School ofrece formaci\u00f3n estructurada en l\u00ednea sobre conducci\u00f3n bajo los efectos del alcohol, dise\u00f1ada para brindar flexibilidad, claridad y facilidad de uso. Nuestros cursos se imparten completamente en l\u00ednea y son utilizados habitualmente por personas que se enfrentan a situaciones relacionadas con la conducci\u00f3n bajo los efectos del alcohol en Nevada y otras jurisdicciones. Dado que cada tribunal y caso puede tener requisitos diferentes, solo su tribunal, abogado o agencia supervisora puede determinar si un curso espec\u00edfico es adecuado para su situaci\u00f3n. Recomendamos a todos los estudiantes que confirmen sus requisitos antes de inscribirse y que elijan la opci\u00f3n que mejor se adapte a sus necesidades.\n<\/p>\n\n\n\n<p>\n  En 702duischool.com, nos enfocamos en brindar cursos y recursos educativos integrales sobre DUI dise\u00f1ados para un aprendizaje en l\u00ednea claro y accesible. Para aquellos que buscan programas educativos adicionales, tambi\u00e9n recomendamos a nuestro socio de confianza, \n  <a href=\"https:\/\/www.courtcure.com\/\" target=\"_blank\" rel=\"noopener noreferrer\">CourtCure.com<\/a>. Su plataforma ofrece una variedad de cursos en l\u00ednea y recursos educativos que complementan la experiencia de aprendizaje y brindan apoyo adicional.\n<\/p>","protected":false},"excerpt":{"rendered":"<p>Nevada DUI School &#8211; Online DUI Class Nevada 702 DUI School provides Las Vegas DUI classes and Nevada DUI School online programs designed to support your DUI education needs. Our courses include 8-hour and 12-hour options along with additional educational content commonly associated with DUI-related situations. Our structured online format is built for real life\u2014log [&hellip;]<\/p>","protected":false},"author":1,"featured_media":0,"parent":0,"menu_order":0,"comment_status":"closed","ping_status":"closed","template":"","meta":{"footnotes":""},"class_list":["post-31","page","type-page","status-publish","hentry"],"yoast_head":"<!-- This site is optimized with the Yoast SEO Premium plugin v26.7 (Yoast SEO v26.7) - https:\/\/yoast.com\/wordpress\/plugins\/seo\/ -->\n<title>Nevada DUI School | Multi-State Online DUI Classes<\/title>\n<meta name=\"description\" content=\"702 DUI School offers flexible, affordable online DUI courses to meet Nevada and Multi-State court requirements. Complete Course Online.\" \/>\n<meta name=\"robots\" content=\"index, follow, max-snippet:-1, max-image-preview:large, max-video-preview:-1\" \/>\n<link rel=\"canonical\" href=\"https:\/\/www.702duischool.com\/es\/\" \/>\n<meta property=\"og:locale\" content=\"es_MX\" \/>\n<meta property=\"og:type\" content=\"article\" \/>\n<meta property=\"og:title\" content=\"Nevada DUI School: DUI, Victim Impact Panel &amp; More - Comprehensive Online Courses Across Nevada\" \/>\n<meta property=\"og:description\" content=\"702 DUI School offers flexible, affordable online DUI courses to meet Nevada and Multi-State court requirements. Complete Course Online.\" \/>\n<meta property=\"og:url\" content=\"https:\/\/www.702duischool.com\/es\/\" \/>\n<meta property=\"og:site_name\" content=\"702 DUI School - Your Online DUI Course in Las Vegas Nevada\" \/>\n<meta property=\"article:modified_time\" content=\"2026-04-07T11:39:24+00:00\" \/>\n<meta property=\"og:image\" content=\"https:\/\/www.702duischool.com\/wp-content\/uploads\/2016\/09\/criminallaw4-e1474307574427.jpg\" \/>\n\t<meta property=\"og:image:width\" content=\"400\" \/>\n\t<meta property=\"og:image:height\" content=\"167\" \/>\n\t<meta property=\"og:image:type\" content=\"image\/jpeg\" \/>\n<meta name=\"twitter:card\" content=\"summary_large_image\" \/>\n<meta name=\"twitter:label1\" content=\"Tiempo de lectura\" \/>\n\t<meta name=\"twitter:data1\" content=\"5 minutos\" \/>\n<script type=\"application\/ld+json\" class=\"yoast-schema-graph\">{\"@context\":\"https:\/\/schema.org\",\"@graph\":[{\"@type\":\"WebPage\",\"@id\":\"https:\/\/www.702duischool.com\/\",\"url\":\"https:\/\/www.702duischool.com\/\",\"name\":\"Nevada DUI School | Multi-State Online DUI Classes\",\"isPartOf\":{\"@id\":\"https:\/\/www.702duischool.com\/#website\"},\"primaryImageOfPage\":{\"@id\":\"https:\/\/www.702duischool.com\/#primaryimage\"},\"image\":{\"@id\":\"https:\/\/www.702duischool.com\/#primaryimage\"},\"thumbnailUrl\":\"https:\/\/www.702duischool.com\/wp-content\/uploads\/2016\/09\/criminallaw4-e1474307574427.jpg\",\"datePublished\":\"2020-01-03T18:13:20+00:00\",\"dateModified\":\"2026-04-07T11:39:24+00:00\",\"description\":\"702 DUI School offers flexible, affordable online DUI courses to meet Nevada and Multi-State court requirements. Complete Course Online.\",\"breadcrumb\":{\"@id\":\"https:\/\/www.702duischool.com\/#breadcrumb\"},\"inLanguage\":\"es\",\"potentialAction\":[{\"@type\":\"ReadAction\",\"target\":[\"https:\/\/www.702duischool.com\/\"]}]},{\"@type\":\"ImageObject\",\"inLanguage\":\"es\",\"@id\":\"https:\/\/www.702duischool.com\/#primaryimage\",\"url\":\"https:\/\/www.702duischool.com\/wp-content\/uploads\/2016\/09\/criminallaw4-e1474307574427.jpg\",\"contentUrl\":\"https:\/\/www.702duischool.com\/wp-content\/uploads\/2016\/09\/criminallaw4-e1474307574427.jpg\"},{\"@type\":\"BreadcrumbList\",\"@id\":\"https:\/\/www.702duischool.com\/#breadcrumb\",\"itemListElement\":[{\"@type\":\"ListItem\",\"position\":1,\"name\":\"Home\",\"item\":\"https:\/\/www.702duischool.com\/\"},{\"@type\":\"ListItem\",\"position\":2,\"name\":\"Nevada DUI School: DUI, Victim Impact Panel &#038; More &#8211; Comprehensive Online Courses Across Nevada\"}]},{\"@type\":\"WebSite\",\"@id\":\"https:\/\/www.702duischool.com\/#website\",\"url\":\"https:\/\/www.702duischool.com\/\",\"name\":\"702 DUI School - Your Online DUI Course in Las Vegas Nevada\",\"description\":\"Comprehensive, Convenient, Certified: Your Nevada Online DUI School\",\"publisher\":{\"@id\":\"https:\/\/www.702duischool.com\/#organization\"},\"potentialAction\":[{\"@type\":\"SearchAction\",\"target\":{\"@type\":\"EntryPoint\",\"urlTemplate\":\"https:\/\/www.702duischool.com\/?s={search_term_string}\"},\"query-input\":{\"@type\":\"PropertyValueSpecification\",\"valueRequired\":true,\"valueName\":\"search_term_string\"}}],\"inLanguage\":\"es\"},{\"@type\":\"Organization\",\"@id\":\"https:\/\/www.702duischool.com\/#organization\",\"name\":\"702 Onlie Schools, LLC\",\"alternateName\":\"702DUISchool.com\",\"url\":\"https:\/\/www.702duischool.com\/\",\"logo\":{\"@type\":\"ImageObject\",\"inLanguage\":\"es\",\"@id\":\"https:\/\/www.702duischool.com\/#\/schema\/logo\/image\/\",\"url\":\"https:\/\/www.702duischool.com\/wp-content\/uploads\/2025\/10\/702-dui-school-nevada-logo-e1761216795683.png\",\"contentUrl\":\"https:\/\/www.702duischool.com\/wp-content\/uploads\/2025\/10\/702-dui-school-nevada-logo-e1761216795683.png\",\"width\":489,\"height\":600,\"caption\":\"702 Onlie Schools, LLC\"},\"image\":{\"@id\":\"https:\/\/www.702duischool.com\/#\/schema\/logo\/image\/\"},\"sameAs\":[\"https:\/\/www.linkedin.com\/company\/702duischool\/\"]}]}<\/script>\n<!-- \/ Yoast SEO Premium plugin. -->","yoast_head_json":{"title":"Escuela para infractores por conducir bajo los efectos del alcohol en Nevada | Clases en l\u00ednea para infractores por conducir bajo los efectos del alcohol en varios estados","description":"702 DUI School ofrece cursos en l\u00ednea flexibles y asequibles para casos de DUI que cumplen con los requisitos de los tribunales de Nevada y de otros estados. Complete el curso en l\u00ednea.","robots":{"index":"index","follow":"follow","max-snippet":"max-snippet:-1","max-image-preview":"max-image-preview:large","max-video-preview":"max-video-preview:-1"},"canonical":"https:\/\/www.702duischool.com\/es\/","og_locale":"es_MX","og_type":"article","og_title":"Nevada DUI School: DUI, Victim Impact Panel & More - Comprehensive Online Courses Across Nevada","og_description":"702 DUI School offers flexible, affordable online DUI courses to meet Nevada and Multi-State court requirements. Complete Course Online.","og_url":"https:\/\/www.702duischool.com\/es\/","og_site_name":"702 DUI School - Your Online DUI Course in Las Vegas Nevada","article_modified_time":"2026-04-07T11:39:24+00:00","og_image":[{"width":400,"height":167,"url":"https:\/\/www.702duischool.com\/wp-content\/uploads\/2016\/09\/criminallaw4-e1474307574427.jpg","type":"image\/jpeg"}],"twitter_card":"summary_large_image","twitter_misc":{"Tiempo de lectura":"5 minutos"},"schema":{"@context":"https:\/\/schema.org","@graph":[{"@type":"WebPage","@id":"https:\/\/www.702duischool.com\/","url":"https:\/\/www.702duischool.com\/","name":"Escuela para infractores por conducir bajo los efectos del alcohol en Nevada | Clases en l\u00ednea para infractores por conducir bajo los efectos del alcohol en varios estados","isPartOf":{"@id":"https:\/\/www.702duischool.com\/#website"},"primaryImageOfPage":{"@id":"https:\/\/www.702duischool.com\/#primaryimage"},"image":{"@id":"https:\/\/www.702duischool.com\/#primaryimage"},"thumbnailUrl":"https:\/\/www.702duischool.com\/wp-content\/uploads\/2016\/09\/criminallaw4-e1474307574427.jpg","datePublished":"2020-01-03T18:13:20+00:00","dateModified":"2026-04-07T11:39:24+00:00","description":"702 DUI School ofrece cursos en l\u00ednea flexibles y asequibles para casos de DUI que cumplen con los requisitos de los tribunales de Nevada y de otros estados. Complete el curso en l\u00ednea.","breadcrumb":{"@id":"https:\/\/www.702duischool.com\/#breadcrumb"},"inLanguage":"es","potentialAction":[{"@type":"ReadAction","target":["https:\/\/www.702duischool.com\/"]}]},{"@type":"ImageObject","inLanguage":"es","@id":"https:\/\/www.702duischool.com\/#primaryimage","url":"https:\/\/www.702duischool.com\/wp-content\/uploads\/2016\/09\/criminallaw4-e1474307574427.jpg","contentUrl":"https:\/\/www.702duischool.com\/wp-content\/uploads\/2016\/09\/criminallaw4-e1474307574427.jpg"},{"@type":"BreadcrumbList","@id":"https:\/\/www.702duischool.com\/#breadcrumb","itemListElement":[{"@type":"ListItem","position":1,"name":"Home","item":"https:\/\/www.702duischool.com\/"},{"@type":"ListItem","position":2,"name":"Nevada DUI School: DUI, Victim Impact Panel &#038; More &#8211; Comprehensive Online Courses Across Nevada"}]},{"@type":"WebSite","@id":"https:\/\/www.702duischool.com\/#website","url":"https:\/\/www.702duischool.com\/","name":"Escuela 702 DUI: su curso de DUI en l\u00ednea en Las Vegas Nevada","description":"Integral, conveniente y certificada: su escuela de DUI en l\u00ednea de Nevada","publisher":{"@id":"https:\/\/www.702duischool.com\/#organization"},"potentialAction":[{"@type":"SearchAction","target":{"@type":"EntryPoint","urlTemplate":"https:\/\/www.702duischool.com\/?s={search_term_string}"},"query-input":{"@type":"PropertyValueSpecification","valueRequired":true,"valueName":"search_term_string"}}],"inLanguage":"es"},{"@type":"Organization","@id":"https:\/\/www.702duischool.com\/#organization","name":"702 Escuelas en l\u00ednea, LLC","alternateName":"702DUISchool.com","url":"https:\/\/www.702duischool.com\/","logo":{"@type":"ImageObject","inLanguage":"es","@id":"https:\/\/www.702duischool.com\/#\/schema\/logo\/image\/","url":"https:\/\/www.702duischool.com\/wp-content\/uploads\/2025\/10\/702-dui-school-nevada-logo-e1761216795683.png","contentUrl":"https:\/\/www.702duischool.com\/wp-content\/uploads\/2025\/10\/702-dui-school-nevada-logo-e1761216795683.png","width":489,"height":600,"caption":"702 Onlie Schools, LLC"},"image":{"@id":"https:\/\/www.702duischool.com\/#\/schema\/logo\/image\/"},"sameAs":["https:\/\/www.linkedin.com\/company\/702duischool\/"]}]}},"_links":{"self":[{"href":"https:\/\/www.702duischool.com\/es\/wp-json\/wp\/v2\/pages\/31","targetHints":{"allow":["GET"]}}],"collection":[{"href":"https:\/\/www.702duischool.com\/es\/wp-json\/wp\/v2\/pages"}],"about":[{"href":"https:\/\/www.702duischool.com\/es\/wp-json\/wp\/v2\/types\/page"}],"author":[{"embeddable":true,"href":"https:\/\/www.702duischool.com\/es\/wp-json\/wp\/v2\/users\/1"}],"replies":[{"embeddable":true,"href":"https:\/\/www.702duischool.com\/es\/wp-json\/wp\/v2\/comments?post=31"}],"version-history":[{"count":48,"href":"https:\/\/www.702duischool.com\/es\/wp-json\/wp\/v2\/pages\/31\/revisions"}],"predecessor-version":[{"id":11081,"href":"https:\/\/www.702duischool.com\/es\/wp-json\/wp\/v2\/pages\/31\/revisions\/11081"}],"wp:attachment":[{"href":"https:\/\/www.702duischool.com\/es\/wp-json\/wp\/v2\/media?parent=31"}],"curies":[{"name":"gracias","href":"https:\/\/api.w.org\/{rel}","templated":true}]}}