{"id":238,"date":"2016-04-28T19:13:29","date_gmt":"2016-04-28T19:13:29","guid":{"rendered":"http:\/\/702duischool.com\/?page_id=238"},"modified":"2025-04-07T04:05:26","modified_gmt":"2025-04-07T04:05:26","slug":"profile","status":"publish","type":"page","link":"https:\/\/www.702duischool.com\/es\/profile\/","title":{"rendered":"Bienvenido al panel de control de tu curso"},"content":{"rendered":"<style>\n.wppb-form-title {\ndisplay:none !important;\n}\n.login-register-lost-password {\ndisplay:none !important;\n}\n<\/style>\n\n\n\n<\/p>\n\n\n\n<p>Inicie sesi\u00f3n para acceder a su(s) curso(s) o completar una compra.<\/p>\n\n\n\n<p><div id=\"wppb-form-style-1-wrapper\" class=\"wppb-user-login-form\"><div id=\"wppb-login-wrap\" class=\"wppb-user-forms\">\n\t\t<form name=\"wppb-loginform\" id=\"wppb-loginform\" class=\"\" action=\"https:\/\/www.702duischool.com\/es\/wp-json\/wp\/v2\/pages\/238\" method=\"post\" data-trp-original-action=\"https:\/\/www.702duischool.com\/es\/wp-json\/wp\/v2\/pages\/238\">\n\t\t\t<input id=\"learndash-login-form\" type=\"hidden\" name=\"learndash-login-form\" value=\"a966ba0ae9\" \/>\n\t\t\t<p class=\"wppb-form-field login-username wppb-form-text-field label-inside pbpl-class\">\n\t\t\t\t<label for=\"wppb_user_login\">Nombre de usuario o correo electr\u00f3nico<\/label>\n\t\t\t\t<input type=\"text\" name=\"log\" id=\"wppb_user_login\" class=\"input\" value=\"\" size=\"20\" \/>\n\t\t\t<\/p>\n\t\t\t<p class=\"wppb-form-field login-password wppb-form-text-field label-inside pbpl-class\">\n\t\t\t\t<label for=\"wppb_user_pass\">Contrase\u00f1a<\/label>\n\t\t\t\t<span class=\"wppb-password-field-container\">\n\t\t\t\t    <input type=\"password\" name=\"pwd\" id=\"wppb_user_pass\" class=\"input\" value=\"\" size=\"20\" \/>\n\t\t\t\t     <!-- add the HTML for the visibility toggle -->\n\t\t\t\t<\/span>\n            <\/p>\n\t\t\t\n\t\t\t\n\t\t\t<p class=\"wppb-form-field login-remember\"><input name=\"rememberme\" type=\"checkbox\" id=\"rememberme\" value=\"forever\" \/><label for=\"rememberme\">Acu\u00e9rdate de m\u00ed<\/label><\/p>\n\t\t\t<p class=\"login-submit form-submit\">\n\t\t\t\t<input type=\"submit\" name=\"wp-submit\" id=\"wppb-submit\" class=\"button button-primary\" value=\"Acceso\"\" \/>\n\t\t\t\t<input type=\"hidden\" name=\"redirect_to\" value=\"https:\/\/www.702duischool.com\/es\/wp-json\/wp\/v2\/pages\/238\" \/>\n\t\t\t<\/p>\n\t\t\t<input type=\"hidden\" name=\"wppb_login\" value=\"true\"\/>\n\t\t\t<input type=\"hidden\" name=\"wppb_form_location\" value=\"widget\"\/>\n\t\t\t<input type=\"hidden\" name=\"wppb_request_url\" value=\"https:\/\/www.702duischool.com\/es\/wp-json\/wp\/v2\/pages\/238\"\/>\n\t\t\t<input type=\"hidden\" name=\"wppb_lostpassword_url\" value=\"https:\/\/www.702duischool.com\/?page_id=3292\"\/>\n\t\t\t<input type=\"hidden\" name=\"wppb_redirect_priority\" value=\"\"\/>\n\t\t\t<input type=\"hidden\" name=\"wppb_referer_url\" value=\"\"\/>\n\t\t\t<input type=\"hidden\" id=\"CSRFToken-wppb\" name=\"CSRFToken-wppb\" value=\"6cab6c3ccb\" \/><input type=\"hidden\" name=\"_wp_http_referer\" value=\"\/es\/wp-json\/wp\/v2\/pages\/238\" \/>\n\t\t\t<input type=\"hidden\" name=\"wppb_redirect_check\" value=\"true\"\/>\n\t\t\t\n\t\t<input type=\"hidden\" name=\"trp-form-language\" value=\"es\"\/><\/form><p class=\"login-register-lost-password\"><a class=\"login-lost-password\" href=\"https:\/\/www.702duischool.com\/es\/?page_id=3292\">\u00bfPerdiste tu contrase\u00f1a?<\/a><\/p><\/div><\/div><\/p>\n\n\n\n<p>Si eres nuevo aqu\u00ed, puedes seleccionar un curso aqu\u00ed y <a href=\"https:\/\/www.702duischool.com\/es\/courses\/\">Reg\u00edstrese para obtener una cuenta<\/a> Para empezar.<\/p>\n\n\n\n<p>\n\n\n\n\n\n\n\n\n\n<span class=\"wppb-shortcode-restriction-message\"> <\/span>\n\n\n\n<p>\u00bfOlvidaste tu contrase\u00f1a? <a href=\"https:\/\/www.702duischool.com\/es\/recover-your-password\/\">Haga clic aqu\u00ed para restablecer la contrase\u00f1a.<\/a><\/p>","protected":false},"excerpt":{"rendered":"<p>\u00bfOlvid\u00f3 su contrase\u00f1a? Haga clic aqu\u00ed para restablecer su contrase\u00f1a.<\/p>","protected":false},"author":1,"featured_media":0,"parent":0,"menu_order":0,"comment_status":"closed","ping_status":"closed","template":"","meta":{"footnotes":""},"class_list":["post-238","page","type-page","status-publish","hentry"],"yoast_head":"<!-- This site is optimized with the Yoast SEO Premium plugin v26.7 (Yoast SEO v26.7) - https:\/\/yoast.com\/wordpress\/plugins\/seo\/ -->\n<title>Welcome To Your Course Dashboard - 702 DUI School - Your Online DUI Course in Las Vegas Nevada<\/title>\n<meta name=\"robots\" content=\"noindex, nofollow\" \/>\n<meta property=\"og:locale\" content=\"es_MX\" \/>\n<meta property=\"og:type\" content=\"article\" \/>\n<meta property=\"og:title\" content=\"Welcome To Your Course Dashboard\" \/>\n<meta property=\"og:description\" content=\"Forgot Your Password? Click Here To Reset Your Password.\" \/>\n<meta property=\"og:url\" content=\"https:\/\/www.702duischool.com\/es\/profile\/\" \/>\n<meta property=\"og:site_name\" content=\"702 DUI School - Your Online DUI Course in Las Vegas Nevada\" \/>\n<meta property=\"article:modified_time\" content=\"2025-04-07T04:05:26+00:00\" \/>\n<meta name=\"twitter:card\" content=\"summary_large_image\" \/>\n<meta name=\"twitter:label1\" content=\"Tiempo de lectura\" \/>\n\t<meta name=\"twitter:data1\" content=\"1 minuto\" \/>\n<script type=\"application\/ld+json\" class=\"yoast-schema-graph\">{\"@context\":\"https:\/\/schema.org\",\"@graph\":[{\"@type\":\"WebPage\",\"@id\":\"https:\/\/www.702duischool.com\/profile\/\",\"url\":\"https:\/\/www.702duischool.com\/profile\/\",\"name\":\"Welcome To Your Course Dashboard - 702 DUI School - Your Online DUI Course in Las Vegas Nevada\",\"isPartOf\":{\"@id\":\"https:\/\/www.702duischool.com\/#website\"},\"datePublished\":\"2016-04-28T19:13:29+00:00\",\"dateModified\":\"2025-04-07T04:05:26+00:00\",\"breadcrumb\":{\"@id\":\"https:\/\/www.702duischool.com\/profile\/#breadcrumb\"},\"inLanguage\":\"es\",\"potentialAction\":[{\"@type\":\"ReadAction\",\"target\":[\"https:\/\/www.702duischool.com\/profile\/\"]}]},{\"@type\":\"BreadcrumbList\",\"@id\":\"https:\/\/www.702duischool.com\/profile\/#breadcrumb\",\"itemListElement\":[{\"@type\":\"ListItem\",\"position\":1,\"name\":\"Home\",\"item\":\"https:\/\/www.702duischool.com\/\"},{\"@type\":\"ListItem\",\"position\":2,\"name\":\"Welcome To Your Course Dashboard\"}]},{\"@type\":\"WebSite\",\"@id\":\"https:\/\/www.702duischool.com\/#website\",\"url\":\"https:\/\/www.702duischool.com\/\",\"name\":\"702 DUI School - Your Online DUI Course in Las Vegas Nevada\",\"description\":\"Comprehensive, Convenient, Certified: Your Nevada Online DUI School\",\"publisher\":{\"@id\":\"https:\/\/www.702duischool.com\/#organization\"},\"potentialAction\":[{\"@type\":\"SearchAction\",\"target\":{\"@type\":\"EntryPoint\",\"urlTemplate\":\"https:\/\/www.702duischool.com\/?s={search_term_string}\"},\"query-input\":{\"@type\":\"PropertyValueSpecification\",\"valueRequired\":true,\"valueName\":\"search_term_string\"}}],\"inLanguage\":\"es\"},{\"@type\":\"Organization\",\"@id\":\"https:\/\/www.702duischool.com\/#organization\",\"name\":\"702 Onlie Schools, LLC\",\"alternateName\":\"702DUISchool.com\",\"url\":\"https:\/\/www.702duischool.com\/\",\"logo\":{\"@type\":\"ImageObject\",\"inLanguage\":\"es\",\"@id\":\"https:\/\/www.702duischool.com\/#\/schema\/logo\/image\/\",\"url\":\"https:\/\/www.702duischool.com\/wp-content\/uploads\/2025\/10\/702-dui-school-nevada-logo-e1761216795683.png\",\"contentUrl\":\"https:\/\/www.702duischool.com\/wp-content\/uploads\/2025\/10\/702-dui-school-nevada-logo-e1761216795683.png\",\"width\":489,\"height\":600,\"caption\":\"702 Onlie Schools, LLC\"},\"image\":{\"@id\":\"https:\/\/www.702duischool.com\/#\/schema\/logo\/image\/\"},\"sameAs\":[\"https:\/\/www.linkedin.com\/company\/702duischool\/\"]}]}<\/script>\n<!-- \/ Yoast SEO Premium plugin. -->","yoast_head_json":{"title":"Bienvenido al panel de control de su curso - 702 DUI School - Su curso de DUI en l\u00ednea en Las Vegas, Nevada","robots":{"index":"noindex","follow":"nofollow"},"og_locale":"es_MX","og_type":"article","og_title":"Welcome To Your Course Dashboard","og_description":"Forgot Your Password? Click Here To Reset Your Password.","og_url":"https:\/\/www.702duischool.com\/es\/profile\/","og_site_name":"702 DUI School - Your Online DUI Course in Las Vegas Nevada","article_modified_time":"2025-04-07T04:05:26+00:00","twitter_card":"summary_large_image","twitter_misc":{"Tiempo de lectura":"1 minuto"},"schema":{"@context":"https:\/\/schema.org","@graph":[{"@type":"WebPage","@id":"https:\/\/www.702duischool.com\/profile\/","url":"https:\/\/www.702duischool.com\/profile\/","name":"Bienvenido al panel de control de su curso - 702 DUI School - Su curso de DUI en l\u00ednea en Las Vegas, Nevada","isPartOf":{"@id":"https:\/\/www.702duischool.com\/#website"},"datePublished":"2016-04-28T19:13:29+00:00","dateModified":"2025-04-07T04:05:26+00:00","breadcrumb":{"@id":"https:\/\/www.702duischool.com\/profile\/#breadcrumb"},"inLanguage":"es","potentialAction":[{"@type":"ReadAction","target":["https:\/\/www.702duischool.com\/profile\/"]}]},{"@type":"BreadcrumbList","@id":"https:\/\/www.702duischool.com\/profile\/#breadcrumb","itemListElement":[{"@type":"ListItem","position":1,"name":"Home","item":"https:\/\/www.702duischool.com\/"},{"@type":"ListItem","position":2,"name":"Welcome To Your Course Dashboard"}]},{"@type":"WebSite","@id":"https:\/\/www.702duischool.com\/#website","url":"https:\/\/www.702duischool.com\/","name":"Escuela 702 DUI: su curso de DUI en l\u00ednea en Las Vegas Nevada","description":"Integral, conveniente y certificada: su escuela de DUI en l\u00ednea de Nevada","publisher":{"@id":"https:\/\/www.702duischool.com\/#organization"},"potentialAction":[{"@type":"SearchAction","target":{"@type":"EntryPoint","urlTemplate":"https:\/\/www.702duischool.com\/?s={search_term_string}"},"query-input":{"@type":"PropertyValueSpecification","valueRequired":true,"valueName":"search_term_string"}}],"inLanguage":"es"},{"@type":"Organization","@id":"https:\/\/www.702duischool.com\/#organization","name":"702 Escuelas en l\u00ednea, LLC","alternateName":"702DUISchool.com","url":"https:\/\/www.702duischool.com\/","logo":{"@type":"ImageObject","inLanguage":"es","@id":"https:\/\/www.702duischool.com\/#\/schema\/logo\/image\/","url":"https:\/\/www.702duischool.com\/wp-content\/uploads\/2025\/10\/702-dui-school-nevada-logo-e1761216795683.png","contentUrl":"https:\/\/www.702duischool.com\/wp-content\/uploads\/2025\/10\/702-dui-school-nevada-logo-e1761216795683.png","width":489,"height":600,"caption":"702 Onlie Schools, LLC"},"image":{"@id":"https:\/\/www.702duischool.com\/#\/schema\/logo\/image\/"},"sameAs":["https:\/\/www.linkedin.com\/company\/702duischool\/"]}]}},"_links":{"self":[{"href":"https:\/\/www.702duischool.com\/es\/wp-json\/wp\/v2\/pages\/238","targetHints":{"allow":["GET"]}}],"collection":[{"href":"https:\/\/www.702duischool.com\/es\/wp-json\/wp\/v2\/pages"}],"about":[{"href":"https:\/\/www.702duischool.com\/es\/wp-json\/wp\/v2\/types\/page"}],"author":[{"embeddable":true,"href":"https:\/\/www.702duischool.com\/es\/wp-json\/wp\/v2\/users\/1"}],"replies":[{"embeddable":true,"href":"https:\/\/www.702duischool.com\/es\/wp-json\/wp\/v2\/comments?post=238"}],"version-history":[{"count":144,"href":"https:\/\/www.702duischool.com\/es\/wp-json\/wp\/v2\/pages\/238\/revisions"}],"predecessor-version":[{"id":9062,"href":"https:\/\/www.702duischool.com\/es\/wp-json\/wp\/v2\/pages\/238\/revisions\/9062"}],"wp:attachment":[{"href":"https:\/\/www.702duischool.com\/es\/wp-json\/wp\/v2\/media?parent=238"}],"curies":[{"name":"gracias","href":"https:\/\/api.w.org\/{rel}","templated":true}]}}