{"id":11226,"date":"2026-04-11T22:59:54","date_gmt":"2026-04-12T05:59:54","guid":{"rendered":"https:\/\/www.702duischool.com\/?page_id=11226"},"modified":"2026-04-13T02:24:38","modified_gmt":"2026-04-13T09:24:38","slug":"money-back-guarantee","status":"publish","type":"page","link":"https:\/\/www.702duischool.com\/es\/money-back-guarantee\/","title":{"rendered":"Garant\u00eda de devoluci\u00f3n de dinero"},"content":{"rendered":"<style>\n  .entry-title{\n    display: none;\n  }\n  .mbg-wrap{\n    max-width: 1180px;\n    margin: 40px auto;\n    padding: 0 20px 50px;\n    font-family: Arial, Helvetica, sans-serif;\n    color: #1e293b;\n    line-height: 1.7;\n  }\n\n  .mbg-hero{\n    position: relative;\n    overflow: hidden;\n    background: linear-gradient(135deg, #0f172a 0%, #1e3a8a 55%, #0ea5e9 100%);\n    border-radius: 28px;\n    padding: 54px 38px;\n    color: #ffffff;\n    box-shadow: 0 20px 60px rgba(15, 23, 42, 0.18);\n    margin-bottom: 28px;\n  }\n\n  .mbg-hero::before,\n  .mbg-hero::after{\n    content: \"\";\n    position: absolute;\n    border-radius: 999px;\n    pointer-events: none;\n  }\n\n  .mbg-hero::before{\n    width: 280px;\n    height: 280px;\n    top: -130px;\n    right: -70px;\n    background: rgba(255,255,255,0.08);\n  }\n\n  .mbg-hero::after{\n    width: 180px;\n    height: 180px;\n    bottom: -60px;\n    left: -40px;\n    background: rgba(34,197,94,0.18);\n  }\n\n  .mbg-badge{\n    display: inline-flex;\n    align-items: center;\n    gap: 10px;\n    padding: 10px 16px;\n    border-radius: 999px;\n    background: rgba(255,255,255,0.14);\n    border: 1px solid rgba(255,255,255,0.16);\n    font-size: 14px;\n    font-weight: 700;\n    margin-bottom: 18px;\n    letter-spacing: 0.02em;\n  }\n\n  .mbg-badge-dot{\n    width: 10px;\n    height: 10px;\n    border-radius: 50%;\n    background: #22c55e;\n    box-shadow: 0 0 0 6px rgba(34,197,94,0.20);\n  }\n\n  .mbg-hero h1{\n    font-size: clamp(34px, 5vw, 58px);\n    line-height: 1.05;\n    margin: 0 0 14px;\n    color: #ffffff;\n    letter-spacing: -0.03em;\n  }\n\n  .mbg-hero p{\n    max-width: 760px;\n    font-size: 18px;\n    margin: 0;\n    color: rgba(255,255,255,0.94);\n  }\n\n  .mbg-grid{\n    display: grid;\n    grid-template-columns: 1.2fr 0.8fr;\n    gap: 24px;\n    margin-bottom: 24px;\n  }\n\n  .mbg-card{\n    background: #ffffff;\n    border: 1px solid #e2e8f0;\n    border-radius: 24px;\n    padding: 30px;\n    box-shadow: 0 16px 40px rgba(15, 23, 42, 0.08);\n  }\n\n  .mbg-card h2{\n    margin: 0 0 14px;\n    font-size: 28px;\n    line-height: 1.2;\n    color: #0f172a;\n  }\n\n  .mbg-card h3{\n    margin: 0 0 12px;\n    font-size: 22px;\n    line-height: 1.3;\n    color: #0f172a;\n  }\n\n  .mbg-card p{\n    margin: 0 0 16px;\n    color: #475569;\n    font-size: 16px;\n  }\n\n  .mbg-soft{\n    background: linear-gradient(180deg, #f8fafc 0%, #eff6ff 100%);\n    border: 1px solid #dbeafe;\n  }\n\n  .mbg-pill{\n    display: inline-block;\n    padding: 9px 14px;\n    border-radius: 999px;\n    background: #ecfeff;\n    border: 1px solid #bae6fd;\n    color: #0369a1;\n    font-weight: 700;\n    font-size: 14px;\n    margin-top: 6px;\n  }\n\n  .mbg-list{\n    list-style: none;\n    margin: 0;\n    padding: 0;\n  }\n\n  .mbg-list li{\n    position: relative;\n    padding-left: 34px;\n    margin-bottom: 14px;\n    color: #1e293b;\n  }\n\n  .mbg-list li::before{\n    content: \"\u2713\";\n    position: absolute;\n    left: 0;\n    top: 1px;\n    width: 22px;\n    height: 22px;\n    border-radius: 50%;\n    background: #dcfce7;\n    color: #15803d;\n    font-size: 13px;\n    font-weight: 800;\n    display: flex;\n    align-items: center;\n    justify-content: center;\n  }\n\n  .mbg-section{\n    margin-top: 24px;\n  }\n\n  .mbg-box{\n    background: #f8fafc;\n    border: 1px solid #e2e8f0;\n    border-radius: 24px;\n    padding: 30px;\n    box-shadow: 0 16px 40px rgba(15, 23, 42, 0.06);\n  }\n\n  .mbg-steps{\n    display: grid;\n    grid-template-columns: repeat(3, 1fr);\n    gap: 18px;\n    margin-top: 18px;\n  }\n\n  .mbg-step{\n    background: #ffffff;\n    border: 1px solid #e2e8f0;\n    border-radius: 20px;\n    padding: 22px;\n  }\n\n  .mbg-step-num{\n    width: 42px;\n    height: 42px;\n    border-radius: 50%;\n    background: linear-gradient(135deg, #16a34a 0%, #22c55e 100%);\n    color: #ffffff;\n    display: flex;\n    align-items: center;\n    justify-content: center;\n    font-weight: 800;\n    font-size: 16px;\n    margin-bottom: 14px;\n    box-shadow: 0 10px 24px rgba(34,197,94,0.22);\n  }\n\n  .mbg-step h4{\n    margin: 0 0 8px;\n    font-size: 19px;\n    line-height: 1.25;\n    color: #0f172a;\n  }\n\n  .mbg-step p{\n    margin: 0;\n    color: #475569;\n    font-size: 15px;\n  }\n\n  .mbg-cta{\n    margin-top: 26px;\n    display: flex;\n    flex-wrap: wrap;\n    gap: 14px;\n    align-items: center;\n  }\n\n  .mbg-btn{\n    display: inline-flex;\n    align-items: center;\n    justify-content: center;\n    padding: 15px 24px;\n    border-radius: 14px;\n    text-decoration: none;\n    font-weight: 800;\n    transition: all 0.2s ease;\n  }\n\n  .mbg-btn-primary{\n    background: linear-gradient(135deg, #16a34a 0%, #15803d 100%);\n    color: #ffffff !important;\n    box-shadow: 0 12px 28px rgba(22,163,74,0.24);\n  }\n\n  .mbg-btn-primary:hover{\n    transform: translateY(-1px);\n  }\n\n  .mbg-btn-secondary{\n    background: #ffffff;\n    color: #0f172a !important;\n    border: 1px solid #cbd5e1;\n  }\n\n  .mbg-note{\n    font-size: 15px;\n    color: #64748b;\n  }\n\n  .mbg-highlight{\n    background: linear-gradient(135deg, #ecfdf5 0%, #f0fdf4 100%);\n    border: 1px solid #bbf7d0;\n  }\n\n  .mbg-highlight strong{\n    color: #166534;\n  }\n\n  @media (max-width: 900px){\n    .mbg-grid{\n      grid-template-columns: 1fr;\n    }\n\n    .mbg-steps{\n      grid-template-columns: 1fr;\n    }\n\n    .mbg-hero{\n      padding: 38px 22px;\n      border-radius: 22px;\n    }\n\n    .mbg-card,\n    .mbg-box{\n      padding: 22px;\n      border-radius: 20px;\n    }\n\n    .mbg-hero p{\n      font-size: 16px;\n    }\n  }\n<\/style>\n\n<div class=\"mbg-wrap\">\n\n  <section class=\"mbg-hero\">\n    <div class=\"mbg-badge\">\n      <span class=\"mbg-badge-dot\"><\/span>\n      Inscr\u00edbete con confianza\n    <\/div>\n    <h1>Garant\u00eda de devoluci\u00f3n de dinero 100%<\/h1>\n    <p>\n      Garantizamos la calidad de nuestros programas educativos. Si su certificado de finalizaci\u00f3n no es aceptado por el tribunal, abogado, empleador u otra autoridad que le solicit\u00f3 completar el curso, le reembolsaremos el precio del curso, sujeto a las sencillas condiciones que se detallan a continuaci\u00f3n.\n    <\/p>\n  <\/section>\n\n  <section class=\"mbg-grid\">\n    <div class=\"mbg-card\">\n      <h2>C\u00f3mo funciona nuestra garant\u00eda<\/h2>\n      <p>\n        Queremos que te sientas c\u00f3modo al inscribirte. Si tu certificado no es aceptado y cumples con los requisitos que se detallan a continuaci\u00f3n, est\u00e1s cubierto por nuestra garant\u00eda de reembolso.\n      <\/p>\n\n      <ul class=\"mbg-list\">\n        <li>Debes ser la persona que realmente complet\u00f3 el curso.<\/li>\n        <li>Debes completar el curso en su totalidad.<\/li>\n        <li>Debes solicitar u obtener tu certificado de finalizaci\u00f3n.<\/li>\n        <li>Debe aportar documentaci\u00f3n que demuestre que el certificado no fue aceptado.<\/li>\n        <li>Debe ponerse en contacto con nosotros en un plazo de 30 d\u00edas a partir de la notificaci\u00f3n de no aceptaci\u00f3n.<\/li>\n        <li>Debe ponerse en contacto con nosotros antes de inscribirse en otro curso que cumpla con el mismo requisito.<\/li>\n      <\/ul>\n    <\/div>\n\n    <div class=\"mbg-card mbg-soft\">\n      <h2>Importante antes de inscribirse<\/h2>\n      <p>\n        Nuestros cursos son programas educativos. Dado que cada tribunal, abogado, empleador y organismo puede aplicar criterios diferentes, la aceptaci\u00f3n siempre la determina la autoridad solicitante.\n      <\/p>\n      <p>\n        Recomendamos encarecidamente confirmar la admisi\u00f3n antes de matricularse, siempre que sea posible.\n      <\/p>\n      <span class=\"mbg-pill\">Consulte primero con su tribunal.<\/span>\n    <\/div>\n  <\/section>\n\n  <section class=\"mbg-section\">\n    <div class=\"mbg-box\">\n      <h3>Protecci\u00f3n sencilla en 3 pasos<\/h3>\n      <div class=\"mbg-steps\">\n        <div class=\"mbg-step\">\n          <div class=\"mbg-step-num\">1<\/div>\n          <h4>Completa tu curso<\/h4>\n          <p>Finaliza el curso en el que te has matriculado y obt\u00e9n tu certificado de finalizaci\u00f3n.<\/p>\n        <\/div>\n\n        <div class=\"mbg-step\">\n          <div class=\"mbg-step-num\">2<\/div>\n          <h4>Presentar prueba de no aceptaci\u00f3n<\/h4>\n          <p>Env\u00edenos la documentaci\u00f3n que demuestre que la autoridad solicitante no acept\u00f3 su certificado.<\/p>\n        <\/div>\n\n        <div class=\"mbg-step\">\n          <div class=\"mbg-step-num\">3<\/div>\n          <h4>Solicita tu reembolso<\/h4>\n          <p>Si cumples con los requisitos aqu\u00ed indicados, te reembolsaremos el precio del curso.<\/p>\n        <\/div>\n      <\/div>\n    <\/div>\n  <\/section>\n\n  <section class=\"mbg-section\">\n    <div class=\"mbg-card\">\n      <h2>Lo que no est\u00e1 cubierto<\/h2>\n      <ul class=\"mbg-list\">\n        <li>Solicitudes presentadas sin prueba de no aceptaci\u00f3n.<\/li>\n        <li>Situaciones que impliquen informaci\u00f3n falsa, fraude o uso indebido del curso.<\/li>\n        <li>Casos en los que una persona distinta al estudiante matriculado complet\u00f3 el curso.<\/li>\n        <li>Compras duplicadas o errores de facturaci\u00f3n que se gestionan por separado mediante la revisi\u00f3n de facturaci\u00f3n.<\/li>\n        <li>Gastos de env\u00edo opcionales, gastos de env\u00edo urgente o cargos adicionales similares si ya se han utilizado.<\/li>\n        <li>Situaciones en las que la autoridad solicitante claramente no acepta cursos en l\u00ednea o a distancia y la aceptaci\u00f3n no fue confirmada con antelaci\u00f3n.<\/li>\n      <\/ul>\n    <\/div>\n  <\/section>\n\n  <section class=\"mbg-section\">\n    <div class=\"mbg-card mbg-highlight\">\n      <h2>Nuestra promesa para ti<\/h2>\n      <p>\n        <strong>Nuestro objetivo es simple:<\/strong> Nuestro objetivo es brindarle una opci\u00f3n educativa r\u00e1pida, asequible y confiable en la que pueda inscribirse con total seguridad.\n      <\/p>\n      <p>\n        Si cumples con las condiciones anteriores y tu certificado de finalizaci\u00f3n no es aceptado, lo solucionaremos reembols\u00e1ndote el precio del curso.\n      <\/p>\n\n      <div class=\"mbg-cta\">\n        <a class=\"mbg-btn mbg-btn-primary\" href=\"\/es\/#course-list\">Ver cursos<\/a>\n        <a class=\"mbg-btn mbg-btn-secondary\" href=\"mailto:contact@702duischool.com\">Cont\u00e1ctenos<\/a>\n      <\/div>\n\n      <div class=\"mbg-note\" style=\"margin-top:16px;\">\n        \u00bfTienes preguntas antes de inscribirte? Cont\u00e1ctanos primero y te ayudaremos a elegir el curso que mejor se adapte a tu situaci\u00f3n.\n      <\/div>\n    <\/div>\n  <\/section>\n\n<\/div>","protected":false},"excerpt":{"rendered":"<p>Inscr\u00edbase con confianza. Garant\u00eda de devoluci\u00f3n de dinero de 100%. Respaldamos la calidad de nuestros programas educativos. Si su certificado de finalizaci\u00f3n no es aceptado por el tribunal, abogado, empleador u otra autoridad que le solicit\u00f3 completar un curso, le reembolsaremos el precio del curso, sujeto a las sencillas condiciones que se detallan a continuaci\u00f3n. C\u00f3mo funciona nuestra garant\u00eda [\u2026]<\/p>","protected":false},"author":1,"featured_media":0,"parent":0,"menu_order":0,"comment_status":"closed","ping_status":"closed","template":"","meta":{"footnotes":""},"class_list":["post-11226","page","type-page","status-publish","hentry"],"yoast_head":"<!-- This site is optimized with the Yoast SEO Premium plugin v26.7 (Yoast SEO v26.7) - https:\/\/yoast.com\/wordpress\/plugins\/seo\/ -->\n<title>Money-Back Guarantee - 702 DUI School - Your Online DUI Course in Las Vegas Nevada<\/title>\n<meta name=\"robots\" content=\"index, follow, max-snippet:-1, max-image-preview:large, max-video-preview:-1\" \/>\n<link rel=\"canonical\" href=\"https:\/\/www.702duischool.com\/es\/money-back-guarantee\/\" \/>\n<meta property=\"og:locale\" content=\"es_MX\" \/>\n<meta property=\"og:type\" content=\"article\" \/>\n<meta property=\"og:title\" content=\"Money-Back Guarantee\" \/>\n<meta property=\"og:description\" content=\"Enroll with confidence 100% Money-Back Guarantee We stand behind the quality of our educational programs. If your completion certificate is not accepted by the court, attorney, employer, or other requesting authority that asked you to complete a course, we will refund your course price, subject to the simple conditions below. How Our Guarantee Works We [&hellip;]\" \/>\n<meta property=\"og:url\" content=\"https:\/\/www.702duischool.com\/es\/money-back-guarantee\/\" \/>\n<meta property=\"og:site_name\" content=\"702 DUI School - Your Online DUI Course in Las Vegas Nevada\" \/>\n<meta property=\"article:modified_time\" content=\"2026-04-13T09:24:38+00:00\" \/>\n<meta name=\"twitter:card\" content=\"summary_large_image\" \/>\n<meta name=\"twitter:label1\" content=\"Tiempo de lectura\" \/>\n\t<meta name=\"twitter:data1\" content=\"2 minutos\" \/>\n<script type=\"application\/ld+json\" class=\"yoast-schema-graph\">{\"@context\":\"https:\/\/schema.org\",\"@graph\":[{\"@type\":\"WebPage\",\"@id\":\"https:\/\/www.702duischool.com\/money-back-guarantee\/\",\"url\":\"https:\/\/www.702duischool.com\/money-back-guarantee\/\",\"name\":\"Money-Back Guarantee - 702 DUI School - Your Online DUI Course in Las Vegas Nevada\",\"isPartOf\":{\"@id\":\"https:\/\/www.702duischool.com\/#website\"},\"datePublished\":\"2026-04-12T05:59:54+00:00\",\"dateModified\":\"2026-04-13T09:24:38+00:00\",\"breadcrumb\":{\"@id\":\"https:\/\/www.702duischool.com\/money-back-guarantee\/#breadcrumb\"},\"inLanguage\":\"es\",\"potentialAction\":[{\"@type\":\"ReadAction\",\"target\":[\"https:\/\/www.702duischool.com\/money-back-guarantee\/\"]}]},{\"@type\":\"BreadcrumbList\",\"@id\":\"https:\/\/www.702duischool.com\/money-back-guarantee\/#breadcrumb\",\"itemListElement\":[{\"@type\":\"ListItem\",\"position\":1,\"name\":\"Home\",\"item\":\"https:\/\/www.702duischool.com\/\"},{\"@type\":\"ListItem\",\"position\":2,\"name\":\"Money-Back Guarantee\"}]},{\"@type\":\"WebSite\",\"@id\":\"https:\/\/www.702duischool.com\/#website\",\"url\":\"https:\/\/www.702duischool.com\/\",\"name\":\"702 DUI School - Your Online DUI Course in Las Vegas Nevada\",\"description\":\"Comprehensive, Convenient, Certified: Your Nevada Online DUI School\",\"publisher\":{\"@id\":\"https:\/\/www.702duischool.com\/#organization\"},\"potentialAction\":[{\"@type\":\"SearchAction\",\"target\":{\"@type\":\"EntryPoint\",\"urlTemplate\":\"https:\/\/www.702duischool.com\/?s={search_term_string}\"},\"query-input\":{\"@type\":\"PropertyValueSpecification\",\"valueRequired\":true,\"valueName\":\"search_term_string\"}}],\"inLanguage\":\"es\"},{\"@type\":\"Organization\",\"@id\":\"https:\/\/www.702duischool.com\/#organization\",\"name\":\"702 Onlie Schools, LLC\",\"alternateName\":\"702DUISchool.com\",\"url\":\"https:\/\/www.702duischool.com\/\",\"logo\":{\"@type\":\"ImageObject\",\"inLanguage\":\"es\",\"@id\":\"https:\/\/www.702duischool.com\/#\/schema\/logo\/image\/\",\"url\":\"https:\/\/www.702duischool.com\/wp-content\/uploads\/2025\/10\/702-dui-school-nevada-logo-e1761216795683.png\",\"contentUrl\":\"https:\/\/www.702duischool.com\/wp-content\/uploads\/2025\/10\/702-dui-school-nevada-logo-e1761216795683.png\",\"width\":489,\"height\":600,\"caption\":\"702 Onlie Schools, LLC\"},\"image\":{\"@id\":\"https:\/\/www.702duischool.com\/#\/schema\/logo\/image\/\"},\"sameAs\":[\"https:\/\/www.linkedin.com\/company\/702duischool\/\"]}]}<\/script>\n<!-- \/ Yoast SEO Premium plugin. -->","yoast_head_json":{"title":"Garant\u00eda de devoluci\u00f3n de dinero - 702 DUI School - Su curso en l\u00ednea sobre conducci\u00f3n bajo los efectos del alcohol en Las Vegas, Nevada","robots":{"index":"index","follow":"follow","max-snippet":"max-snippet:-1","max-image-preview":"max-image-preview:large","max-video-preview":"max-video-preview:-1"},"canonical":"https:\/\/www.702duischool.com\/es\/money-back-guarantee\/","og_locale":"es_MX","og_type":"article","og_title":"Money-Back Guarantee","og_description":"Enroll with confidence 100% Money-Back Guarantee We stand behind the quality of our educational programs. If your completion certificate is not accepted by the court, attorney, employer, or other requesting authority that asked you to complete a course, we will refund your course price, subject to the simple conditions below. How Our Guarantee Works We [&hellip;]","og_url":"https:\/\/www.702duischool.com\/es\/money-back-guarantee\/","og_site_name":"702 DUI School - Your Online DUI Course in Las Vegas Nevada","article_modified_time":"2026-04-13T09:24:38+00:00","twitter_card":"summary_large_image","twitter_misc":{"Tiempo de lectura":"2 minutos"},"schema":{"@context":"https:\/\/schema.org","@graph":[{"@type":"WebPage","@id":"https:\/\/www.702duischool.com\/money-back-guarantee\/","url":"https:\/\/www.702duischool.com\/money-back-guarantee\/","name":"Garant\u00eda de devoluci\u00f3n de dinero - 702 DUI School - Su curso en l\u00ednea sobre conducci\u00f3n bajo los efectos del alcohol en Las Vegas, Nevada","isPartOf":{"@id":"https:\/\/www.702duischool.com\/#website"},"datePublished":"2026-04-12T05:59:54+00:00","dateModified":"2026-04-13T09:24:38+00:00","breadcrumb":{"@id":"https:\/\/www.702duischool.com\/money-back-guarantee\/#breadcrumb"},"inLanguage":"es","potentialAction":[{"@type":"ReadAction","target":["https:\/\/www.702duischool.com\/money-back-guarantee\/"]}]},{"@type":"BreadcrumbList","@id":"https:\/\/www.702duischool.com\/money-back-guarantee\/#breadcrumb","itemListElement":[{"@type":"ListItem","position":1,"name":"Home","item":"https:\/\/www.702duischool.com\/"},{"@type":"ListItem","position":2,"name":"Money-Back Guarantee"}]},{"@type":"WebSite","@id":"https:\/\/www.702duischool.com\/#website","url":"https:\/\/www.702duischool.com\/","name":"Escuela 702 DUI: su curso de DUI en l\u00ednea en Las Vegas Nevada","description":"Integral, conveniente y certificada: su escuela de DUI en l\u00ednea de Nevada","publisher":{"@id":"https:\/\/www.702duischool.com\/#organization"},"potentialAction":[{"@type":"SearchAction","target":{"@type":"EntryPoint","urlTemplate":"https:\/\/www.702duischool.com\/?s={search_term_string}"},"query-input":{"@type":"PropertyValueSpecification","valueRequired":true,"valueName":"search_term_string"}}],"inLanguage":"es"},{"@type":"Organization","@id":"https:\/\/www.702duischool.com\/#organization","name":"702 Escuelas en l\u00ednea, LLC","alternateName":"702DUISchool.com","url":"https:\/\/www.702duischool.com\/","logo":{"@type":"ImageObject","inLanguage":"es","@id":"https:\/\/www.702duischool.com\/#\/schema\/logo\/image\/","url":"https:\/\/www.702duischool.com\/wp-content\/uploads\/2025\/10\/702-dui-school-nevada-logo-e1761216795683.png","contentUrl":"https:\/\/www.702duischool.com\/wp-content\/uploads\/2025\/10\/702-dui-school-nevada-logo-e1761216795683.png","width":489,"height":600,"caption":"702 Onlie Schools, LLC"},"image":{"@id":"https:\/\/www.702duischool.com\/#\/schema\/logo\/image\/"},"sameAs":["https:\/\/www.linkedin.com\/company\/702duischool\/"]}]}},"_links":{"self":[{"href":"https:\/\/www.702duischool.com\/es\/wp-json\/wp\/v2\/pages\/11226","targetHints":{"allow":["GET"]}}],"collection":[{"href":"https:\/\/www.702duischool.com\/es\/wp-json\/wp\/v2\/pages"}],"about":[{"href":"https:\/\/www.702duischool.com\/es\/wp-json\/wp\/v2\/types\/page"}],"author":[{"embeddable":true,"href":"https:\/\/www.702duischool.com\/es\/wp-json\/wp\/v2\/users\/1"}],"replies":[{"embeddable":true,"href":"https:\/\/www.702duischool.com\/es\/wp-json\/wp\/v2\/comments?post=11226"}],"version-history":[{"count":4,"href":"https:\/\/www.702duischool.com\/es\/wp-json\/wp\/v2\/pages\/11226\/revisions"}],"predecessor-version":[{"id":11283,"href":"https:\/\/www.702duischool.com\/es\/wp-json\/wp\/v2\/pages\/11226\/revisions\/11283"}],"wp:attachment":[{"href":"https:\/\/www.702duischool.com\/es\/wp-json\/wp\/v2\/media?parent=11226"}],"curies":[{"name":"gracias","href":"https:\/\/api.w.org\/{rel}","templated":true}]}}