{"id":10768,"date":"2026-03-12T22:31:27","date_gmt":"2026-03-13T05:31:27","guid":{"rendered":"https:\/\/www.702duischool.com\/?page_id=10768"},"modified":"2026-04-07T23:20:54","modified_gmt":"2026-04-08T06:20:54","slug":"arizona-dui-class-online","status":"publish","type":"page","link":"https:\/\/www.702duischool.com\/es\/arizona-dui-class-online\/","title":{"rendered":"Curso sobre conducci\u00f3n bajo los efectos del alcohol en Arizona | Educaci\u00f3n en l\u00ednea sobre conducci\u00f3n bajo los efectos del alcohol \u2014 16 horas y para personas de otros estados"},"content":{"rendered":"<style>\n#g-main {\nmargin-top: -50px;\n}\n.g-content {\nmargin: 0 0 0 0;\npadding: 0 0 0 0;\n}\n.g-container {\nwidth: 100%\n}\n<\/style>\n<style>\n.entry-title{display:none;}\n@import url('https:\/\/fonts.googleapis.com\/css2?family=Fraunces:ital,opsz,wght@0,9..144,300;0,9..144,600;0,9..144,700&family=DM+Sans:wght@400;500;600&display=swap');\n\n\/* \u2550\u2550\u2550\u2550\u2550\u2550\u2550\u2550\u2550\u2550\u2550\u2550\u2550\u2550\u2550\u2550\u2550\u2550\u2550\u2550\u2550\u2550\u2550\u2550\u2550\u2550\u2550\u2550\u2550\u2550\u2550\u2550\u2550\u2550\u2550\u2550\u2550\n   AZ PAGE \u2014 CSS SCOPED\n\u2550\u2550\u2550\u2550\u2550\u2550\u2550\u2550\u2550\u2550\u2550\u2550\u2550\u2550\u2550\u2550\u2550\u2550\u2550\u2550\u2550\u2550\u2550\u2550\u2550\u2550\u2550\u2550\u2550\u2550\u2550\u2550\u2550\u2550\u2550\u2550\u2550 *\/\n\n.azdui702__{\n--copper:#92400E;\n--copper-mid:#B45309;\n--sand:#FFFBEB;\n--navy:#1C1917;\n--navy-mid:#231F1B;\n--text:#1C1917;\n--muted:#78716C;\n--border:#E7E5E4;\n--bg:#FAFAF9;\n--white:#FFFFFF;\n--green-pale:#D1FAE5;\n--amber-pale:#FFF7ED;\n--r:12px;\n--rlg:20px;\n--fd:'Fraunces',Georgia,serif;\n--fb:'DM Sans',system-ui,sans-serif;\n\nfont-family:var(--fb);\ncolor:var(--text);\nline-height:1.6;\n}\n\n\/* FORCE CLEAN HEADING COLORS *\/\n.azdui702__ h1,\n.azdui702__ h2,\n.azdui702__ h3,\n.azdui702__ h4{\ncolor:var(--navy);\nfont-family:var(--fd);\n}\n\n\/* NORMALIZE STRONG TAG *\/\n.azdui702__ strong{\ncolor:#111;\nfont-weight:600;\n}\n\n\/* HERO *\/\n\n.azdui702__hero{\nbackground:linear-gradient(150deg,#1C1917 0%,#231F1B 60%,#2C1810 100%);\npadding:60px 0;\ncolor:#fff;\n}\n\n\/* HERO HEADINGS MUST BE WHITE *\/\n\n.azdui702__hero h1,\n.azdui702__hero h2,\n.azdui702__hero h3{\ncolor:#fff;\n}\n\n.azdui702__hero strong{\ncolor:#fff;\n}\n\n.azdui702__wrap{\nmax-width:1100px;\nmargin:auto;\npadding:0 28px;\n}\n\n.azdui702__h1{\nfont-size:48px;\nmargin-bottom:16px;\n}\n\n.azdui702__hero-sub{\nmax-width:520px;\nfont-size:15px;\ncolor:rgba(255,255,255,.75);\nline-height:1.7;\n}\n\n.azdui702__btn{\ndisplay:inline-flex;\nmargin-top:18px;\nbackground:linear-gradient(135deg,#D97706,#92400E);\npadding:12px 22px;\nborder-radius:10px;\nfont-weight:600;\ncolor:#fff;\ntext-decoration:none;\n}\n\n.azdui702__btn-price{\nbackground:rgba(0,0,0,.2);\npadding:2px 6px;\nborder-radius:6px;\nfont-size:12px;\nmargin-left:6px;\n}\n\n\/* STATS *\/\n\n.azdui702__stats{\ndisplay:grid;\ngrid-template-columns:repeat(4,1fr);\ngap:14px;\nmargin:30px 0;\n}\n\n.azdui702__stat{\nbackground:#fff;\nborder:1px solid var(--border);\nborder-radius:16px;\npadding:20px;\ntext-align:center;\n}\n\n.azdui702__stat-num{\nfont-family:var(--fd);\nfont-size:30px;\ncolor:#B45309;\n}\n\n.azdui702__stat-label{\nfont-size:12px;\ncolor:var(--muted);\n}\n\n\/* CARDS *\/\n\n.azdui702__card{\nbackground:#fff;\nborder:1px solid var(--border);\nborder-radius:var(--rlg);\npadding:26px;\nmargin-bottom:22px;\n}\n\n.azdui702__card h3{\nfont-size:20px;\nmargin-bottom:10px;\n}\n\n.azdui702__card p{\ncolor:var(--muted);\nfont-size:15px;\nline-height:1.7;\nmargin-bottom:12px;\n}\n\n\/* CTA *\/\n\n.azdui702__cta{\nbackground:linear-gradient(135deg,#1C1917,#2C1810);\nborder-radius:20px;\npadding:40px;\ncolor:#fff;\nmargin-top:40px;\n}\n\n\/* FIX HEADING COLORS IN CTA *\/\n\n.azdui702__cta h2,\n.azdui702__cta h3{\ncolor:#fff;\n}\n\n.azdui702__cta strong{\ncolor:#fff;\n}\n\n.azdui702__cta p{\ncolor:rgba(255,255,255,.85);\n}\n\n.azdui702__cta a{\nbackground:#D97706;\npadding:12px 20px;\nborder-radius:8px;\ncolor:#fff;\nfont-weight:600;\ntext-decoration:none;\n}\n\n<\/style>\n<div class=\"azdui702__\">\n\n<!-- HERO -->\n\n<section class=\"azdui702__hero\">\n<div class=\"azdui702__wrap\">\n\n<h1 class=\"azdui702__h1\">\nCurso sobre conducci\u00f3n bajo los efectos del alcohol en Arizona\n<\/h1>\n\n<p class=\"azdui702__hero-sub\">\nLos casos de DUI en Arizona se manejan bajo <strong>ARS \u00a728-1381<\/strong>. La mayor\u00eda de las condenas por conducir bajo los efectos del alcohol requieren una <strong>primero la prueba de alcoholemia<\/strong>, y la evaluaci\u00f3n determina el nivel de educaci\u00f3n o tratamiento requerido. Muchos casos de primera infracci\u00f3n involucran <strong>16 horas de formaci\u00f3n sobre conducci\u00f3n bajo los efectos del alcohol<\/strong>, mientras que un nivel de alcohol en sangre m\u00e1s alto o las reincidencias pueden requerir <strong>36 horas o m\u00e1s de tratamiento<\/strong>.\n<\/p>\n\n<a class=\"azdui702__btn\"\nhref=\"https:\/\/www.702duischool.com\/es\/multi-state-registration-for-level-1-12-hour-online-dui-course-synchronous\/\">\nInscr\u00edbete \u2014 Curso de DUI de 12 horas\n<span class=\"azdui702__btn-price\">$145<\/span>\n<\/a>\n\n<\/div>\n<\/section>\n\n\n<section class=\"azdui702__wrap\">\n\n<div class=\"azdui702__stats\">\n\n<div class=\"azdui702__stat\">\n<div class=\"azdui702__stat-num\">16<\/div>\n<div class=\"azdui702__stat-label\">Primera infracci\u00f3n t\u00edpica<br>horas de educaci\u00f3n<\/div>\n<\/div>\n\n<div class=\"azdui702__stat\">\n<div class=\"azdui702__stat-num\">36<\/div>\n<div class=\"azdui702__stat-label\">Mayor riesgo<br>programas de tratamiento<\/div>\n<\/div>\n\n<div class=\"azdui702__stat\">\n<div class=\"azdui702__stat-num\">1<\/div>\n<div class=\"azdui702__stat-label\">Conducir bajo los efectos del alcohol es obligatorio<br>cribado<\/div>\n<\/div>\n\n<div class=\"azdui702__stat\">\n<div class=\"azdui702__stat-num\">$145<\/div>\n<div class=\"azdui702__stat-label\">Traslado de 12 horas<br>curso de educaci\u00f3n<\/div>\n<\/div>\n\n<\/div>\n\n\n<div class=\"azdui702__card\">\n\n<h3>Comprender la educaci\u00f3n sobre DUI en Arizona<\/h3>\n\n<p>\nArizona tiene algunas de las leyes de DUI m\u00e1s estrictas del pa\u00eds. Despu\u00e9s de una condena por DUI, el primer paso normalmente es completar un <strong>pruebas de alcohol<\/strong>. La evaluaci\u00f3n determina si el individuo es asignado a un <strong>Programa de educaci\u00f3n de nivel II<\/strong> o un tratamiento m\u00e1s intensivo.\n<\/p>\n\n<p>\nPara muchos delincuentes primerizos con niveles de alcoholemia m\u00e1s bajos, la asignaci\u00f3n m\u00e1s com\u00fan es una <strong>Programa educativo de 16 horas sobre conducci\u00f3n bajo los efectos del alcohol<\/strong>. Sin embargo, las personas con niveles de alcoholemia m\u00e1s altos, antecedentes de delitos relacionados con el alcohol o clasificaciones de riesgo elevadas pueden ser asignadas a programas que requieren <strong>36 horas o m\u00e1s de tratamiento y asesoramiento.<\/strong>.\n<\/p>\n\n<\/div>\n\n\n<div class=\"azdui702__card\">\n\n<h3>Clases en l\u00ednea sobre conducci\u00f3n bajo los efectos del alcohol en Arizona<\/h3>\n\n<p>\nA diferencia de otros estados, Arizona permite que algunos programas de educaci\u00f3n sobre DUI se impartan en l\u00ednea cuando el proveedor est\u00e1 aprobado por el Departamento de Servicios de Salud de Arizona (ADHS). Sin embargo, las personas que completen un caso de DUI en Arizona a\u00fan deben seguir las instrucciones. <strong>proceso de evaluaci\u00f3n y colocaci\u00f3n<\/strong> primero.\n<\/p>\n\n<p>\nEsto significa que un simple curso en l\u00ednea no reemplaza autom\u00e1ticamente el requisito educativo oficial de Arizona para los casos de residentes del estado.\n<\/p>\n\n<\/div>\n\n\n<div class=\"azdui702__card\">\n\n<h3>Curso de 12 horas sobre conducci\u00f3n bajo los efectos del alcohol para casos de otros estados.<\/h3>\n\n<p>\nMuchas personas que viven en Arizona reciben cargos por conducir bajo los efectos del alcohol en otro estado como Nevada, Texas o Florida. Esos estados a menudo hacen referencia a un <strong>Requisito de educaci\u00f3n de 12 horas sobre conducci\u00f3n bajo los efectos del alcohol<\/strong> para casos de primera infracci\u00f3n.\n<\/p>\n\n<p>\nCuando la documentaci\u00f3n judicial hace referencia espec\u00edfica a un programa de 12 horas, la orden judicial de ese estado generalmente rige el requisito educativo, en lugar del marco de Nivel II de Arizona.\n<\/p>\n\n<p>\nEn esas situaciones, un <strong>Curso de formaci\u00f3n presencial de 12 horas impartido por un instructor.<\/strong> puede cumplir con la parte educativa del requisito.\n<\/p>\n\n<\/div>\n\n\n<div class=\"azdui702__card\">\n\n<h3>\u00bfA qui\u00e9n va dirigida esta p\u00e1gina?<\/h3>\n\n<p>\nEsta p\u00e1gina de Arizona ayuda a personas en tres situaciones comunes:\n<\/p>\n\n<ul>\n<li>Residentes de Arizona con antecedentes por conducir bajo los efectos del alcohol en otro estado.<\/li>\n<li>Personas que se mudaron de Arizona despu\u00e9s de un caso de DUI (conducir bajo los efectos del alcohol)<\/li>\n<li>Situaciones de transferencia en las que los tribunales solicitan horas documentadas de educaci\u00f3n sobre conducci\u00f3n bajo los efectos del alcohol<\/li>\n<\/ul>\n\n<\/div>\n\n\n<div class=\"azdui702__cta\">\n\n<h2>\u00bfEst\u00e1s listo para completar el requisito educativo de 12 horas sobre conducir bajo los efectos del alcohol?<\/h2>\n\n<p>\nSi en su documentaci\u00f3n se menciona un programa de educaci\u00f3n vial de 12 horas sobre conducci\u00f3n bajo los efectos del alcohol, la inscripci\u00f3n es sencilla. El curso presencial, impartido por un instructor, incluye todas las horas de instrucci\u00f3n requeridas y proporciona un certificado de finalizaci\u00f3n profesional para su documentaci\u00f3n.\n<\/p>\n\n<br>\n\n<a href=\"https:\/\/www.702duischool.com\/es\/multi-state-registration-for-level-1-12-hour-online-dui-course-synchronous\/\">\nComienza el curso de 12 horas\n<\/a>\n\n<\/div>\n\n\n<p style=\"margin-top:30px;font-size:12px;color:#64748B\">\n\nAviso educativo: 702 DUI School ofrece servicios de educaci\u00f3n en l\u00ednea sobre DUI (conducir bajo los efectos del alcohol o las drogas). Los casos de DUI en Arizona generalmente requieren evaluaci\u00f3n y derivaci\u00f3n a programas aprobados por el Departamento de Servicios Humanos de Arizona (ADHS). El curso de 12 horas que se describe en esta p\u00e1gina est\u00e1 dise\u00f1ado para casos de traslado o en tribunales de otros estados donde se especifica un requisito de educaci\u00f3n de 12 horas. Siempre confirme con su tribunal, oficial de libertad condicional o autoridad supervisora antes de inscribirse.\n\n<\/p>\n\n<\/section>\n\n<\/div>","protected":false},"excerpt":{"rendered":"<p>Clases sobre DUI en Arizona. Los casos de DUI en Arizona se tramitan bajo la ley ARS \u00a728-1381. La mayor\u00eda de las condenas por conducir bajo los efectos del alcohol requieren primero una prueba de alcoholemia, la cual determina el nivel de educaci\u00f3n o tratamiento necesario. Muchos casos de primera infracci\u00f3n implican 16 horas de educaci\u00f3n sobre DUI, mientras que los casos con mayor concentraci\u00f3n de alcohol en sangre (BAC) o reincidentes pueden requerir 36 horas o m\u00e1s de tratamiento. Inscr\u00edbase [\u2026]<\/p>","protected":false},"author":1,"featured_media":0,"parent":0,"menu_order":0,"comment_status":"closed","ping_status":"closed","template":"","meta":{"footnotes":""},"class_list":["post-10768","page","type-page","status-publish","hentry"],"yoast_head":"<!-- This site is optimized with the Yoast SEO Premium plugin v26.7 (Yoast SEO v26.7) - https:\/\/yoast.com\/wordpress\/plugins\/seo\/ -->\n<title>Arizona DUI Class | Online DUI Education \u2014 16-Hour &amp; Out-of-State - 702 DUI School - Your Online DUI Course in Las Vegas Nevada<\/title>\n<meta name=\"robots\" content=\"index, follow, max-snippet:-1, max-image-preview:large, max-video-preview:-1\" \/>\n<link rel=\"canonical\" href=\"https:\/\/www.702duischool.com\/es\/arizona-dui-class-online\/\" \/>\n<meta property=\"og:locale\" content=\"es_MX\" \/>\n<meta property=\"og:type\" content=\"article\" \/>\n<meta property=\"og:title\" content=\"Arizona DUI Class | Online DUI Education \u2014 16-Hour &amp; Out-of-State\" \/>\n<meta property=\"og:description\" content=\"Arizona DUI Class Arizona DUI cases are handled under A.R.S. \u00a728-1381. Most alcohol-related driving convictions require an alcohol screening first, and the screening determines the level of education or treatment required. Many first-offense cases involve 16 hours of DUI education, while higher BAC or repeat offenses can require 36 hours or more of treatment. Enroll [&hellip;]\" \/>\n<meta property=\"og:url\" content=\"https:\/\/www.702duischool.com\/es\/arizona-dui-class-online\/\" \/>\n<meta property=\"og:site_name\" content=\"702 DUI School - Your Online DUI Course in Las Vegas Nevada\" \/>\n<meta property=\"article:modified_time\" content=\"2026-04-08T06:20:54+00:00\" \/>\n<meta name=\"twitter:card\" content=\"summary_large_image\" \/>\n<meta name=\"twitter:label1\" content=\"Tiempo de lectura\" \/>\n\t<meta name=\"twitter:data1\" content=\"2 minutos\" \/>\n<script type=\"application\/ld+json\" class=\"yoast-schema-graph\">{\"@context\":\"https:\/\/schema.org\",\"@graph\":[{\"@type\":\"WebPage\",\"@id\":\"https:\/\/www.702duischool.com\/arizona-dui-class-online\/\",\"url\":\"https:\/\/www.702duischool.com\/arizona-dui-class-online\/\",\"name\":\"Arizona DUI Class | Online DUI Education \u2014 16-Hour &amp; Out-of-State - 702 DUI School - Your Online DUI Course in Las Vegas Nevada\",\"isPartOf\":{\"@id\":\"https:\/\/www.702duischool.com\/#website\"},\"datePublished\":\"2026-03-13T05:31:27+00:00\",\"dateModified\":\"2026-04-08T06:20:54+00:00\",\"breadcrumb\":{\"@id\":\"https:\/\/www.702duischool.com\/arizona-dui-class-online\/#breadcrumb\"},\"inLanguage\":\"es\",\"potentialAction\":[{\"@type\":\"ReadAction\",\"target\":[\"https:\/\/www.702duischool.com\/arizona-dui-class-online\/\"]}]},{\"@type\":\"BreadcrumbList\",\"@id\":\"https:\/\/www.702duischool.com\/arizona-dui-class-online\/#breadcrumb\",\"itemListElement\":[{\"@type\":\"ListItem\",\"position\":1,\"name\":\"Home\",\"item\":\"https:\/\/www.702duischool.com\/\"},{\"@type\":\"ListItem\",\"position\":2,\"name\":\"Arizona DUI Class | Online DUI Education \u2014 16-Hour &amp; Out-of-State\"}]},{\"@type\":\"WebSite\",\"@id\":\"https:\/\/www.702duischool.com\/#website\",\"url\":\"https:\/\/www.702duischool.com\/\",\"name\":\"702 DUI School - Your Online DUI Course in Las Vegas Nevada\",\"description\":\"Comprehensive, Convenient, Certified: Your Nevada Online DUI School\",\"publisher\":{\"@id\":\"https:\/\/www.702duischool.com\/#organization\"},\"potentialAction\":[{\"@type\":\"SearchAction\",\"target\":{\"@type\":\"EntryPoint\",\"urlTemplate\":\"https:\/\/www.702duischool.com\/?s={search_term_string}\"},\"query-input\":{\"@type\":\"PropertyValueSpecification\",\"valueRequired\":true,\"valueName\":\"search_term_string\"}}],\"inLanguage\":\"es\"},{\"@type\":\"Organization\",\"@id\":\"https:\/\/www.702duischool.com\/#organization\",\"name\":\"702 Onlie Schools, LLC\",\"alternateName\":\"702DUISchool.com\",\"url\":\"https:\/\/www.702duischool.com\/\",\"logo\":{\"@type\":\"ImageObject\",\"inLanguage\":\"es\",\"@id\":\"https:\/\/www.702duischool.com\/#\/schema\/logo\/image\/\",\"url\":\"https:\/\/www.702duischool.com\/wp-content\/uploads\/2025\/10\/702-dui-school-nevada-logo-e1761216795683.png\",\"contentUrl\":\"https:\/\/www.702duischool.com\/wp-content\/uploads\/2025\/10\/702-dui-school-nevada-logo-e1761216795683.png\",\"width\":489,\"height\":600,\"caption\":\"702 Onlie Schools, LLC\"},\"image\":{\"@id\":\"https:\/\/www.702duischool.com\/#\/schema\/logo\/image\/\"},\"sameAs\":[\"https:\/\/www.linkedin.com\/company\/702duischool\/\"]}]}<\/script>\n<!-- \/ Yoast SEO Premium plugin. -->","yoast_head_json":{"title":"Curso de DUI en Arizona | Educaci\u00f3n en l\u00ednea sobre DUI \u2014 16 horas y fuera del estado - 702 DUI School - Su curso en l\u00ednea sobre DUI en Las Vegas, Nevada","robots":{"index":"index","follow":"follow","max-snippet":"max-snippet:-1","max-image-preview":"max-image-preview:large","max-video-preview":"max-video-preview:-1"},"canonical":"https:\/\/www.702duischool.com\/es\/arizona-dui-class-online\/","og_locale":"es_MX","og_type":"article","og_title":"Arizona DUI Class | Online DUI Education \u2014 16-Hour &amp; Out-of-State","og_description":"Arizona DUI Class Arizona DUI cases are handled under A.R.S. \u00a728-1381. Most alcohol-related driving convictions require an alcohol screening first, and the screening determines the level of education or treatment required. Many first-offense cases involve 16 hours of DUI education, while higher BAC or repeat offenses can require 36 hours or more of treatment. Enroll [&hellip;]","og_url":"https:\/\/www.702duischool.com\/es\/arizona-dui-class-online\/","og_site_name":"702 DUI School - Your Online DUI Course in Las Vegas Nevada","article_modified_time":"2026-04-08T06:20:54+00:00","twitter_card":"summary_large_image","twitter_misc":{"Tiempo de lectura":"2 minutos"},"schema":{"@context":"https:\/\/schema.org","@graph":[{"@type":"WebPage","@id":"https:\/\/www.702duischool.com\/arizona-dui-class-online\/","url":"https:\/\/www.702duischool.com\/arizona-dui-class-online\/","name":"Curso de DUI en Arizona | Educaci\u00f3n en l\u00ednea sobre DUI \u2014 16 horas y fuera del estado - 702 DUI School - Su curso en l\u00ednea sobre DUI en Las Vegas, Nevada","isPartOf":{"@id":"https:\/\/www.702duischool.com\/#website"},"datePublished":"2026-03-13T05:31:27+00:00","dateModified":"2026-04-08T06:20:54+00:00","breadcrumb":{"@id":"https:\/\/www.702duischool.com\/arizona-dui-class-online\/#breadcrumb"},"inLanguage":"es","potentialAction":[{"@type":"ReadAction","target":["https:\/\/www.702duischool.com\/arizona-dui-class-online\/"]}]},{"@type":"BreadcrumbList","@id":"https:\/\/www.702duischool.com\/arizona-dui-class-online\/#breadcrumb","itemListElement":[{"@type":"ListItem","position":1,"name":"Home","item":"https:\/\/www.702duischool.com\/"},{"@type":"ListItem","position":2,"name":"Arizona DUI Class | Online DUI Education \u2014 16-Hour &amp; Out-of-State"}]},{"@type":"WebSite","@id":"https:\/\/www.702duischool.com\/#website","url":"https:\/\/www.702duischool.com\/","name":"Escuela 702 DUI: su curso de DUI en l\u00ednea en Las Vegas Nevada","description":"Integral, conveniente y certificada: su escuela de DUI en l\u00ednea de Nevada","publisher":{"@id":"https:\/\/www.702duischool.com\/#organization"},"potentialAction":[{"@type":"SearchAction","target":{"@type":"EntryPoint","urlTemplate":"https:\/\/www.702duischool.com\/?s={search_term_string}"},"query-input":{"@type":"PropertyValueSpecification","valueRequired":true,"valueName":"search_term_string"}}],"inLanguage":"es"},{"@type":"Organization","@id":"https:\/\/www.702duischool.com\/#organization","name":"702 Escuelas en l\u00ednea, LLC","alternateName":"702DUISchool.com","url":"https:\/\/www.702duischool.com\/","logo":{"@type":"ImageObject","inLanguage":"es","@id":"https:\/\/www.702duischool.com\/#\/schema\/logo\/image\/","url":"https:\/\/www.702duischool.com\/wp-content\/uploads\/2025\/10\/702-dui-school-nevada-logo-e1761216795683.png","contentUrl":"https:\/\/www.702duischool.com\/wp-content\/uploads\/2025\/10\/702-dui-school-nevada-logo-e1761216795683.png","width":489,"height":600,"caption":"702 Onlie Schools, LLC"},"image":{"@id":"https:\/\/www.702duischool.com\/#\/schema\/logo\/image\/"},"sameAs":["https:\/\/www.linkedin.com\/company\/702duischool\/"]}]}},"_links":{"self":[{"href":"https:\/\/www.702duischool.com\/es\/wp-json\/wp\/v2\/pages\/10768","targetHints":{"allow":["GET"]}}],"collection":[{"href":"https:\/\/www.702duischool.com\/es\/wp-json\/wp\/v2\/pages"}],"about":[{"href":"https:\/\/www.702duischool.com\/es\/wp-json\/wp\/v2\/types\/page"}],"author":[{"embeddable":true,"href":"https:\/\/www.702duischool.com\/es\/wp-json\/wp\/v2\/users\/1"}],"replies":[{"embeddable":true,"href":"https:\/\/www.702duischool.com\/es\/wp-json\/wp\/v2\/comments?post=10768"}],"version-history":[{"count":5,"href":"https:\/\/www.702duischool.com\/es\/wp-json\/wp\/v2\/pages\/10768\/revisions"}],"predecessor-version":[{"id":11095,"href":"https:\/\/www.702duischool.com\/es\/wp-json\/wp\/v2\/pages\/10768\/revisions\/11095"}],"wp:attachment":[{"href":"https:\/\/www.702duischool.com\/es\/wp-json\/wp\/v2\/media?parent=10768"}],"curies":[{"name":"gracias","href":"https:\/\/api.w.org\/{rel}","templated":true}]}}